{"id":725314,"date":"2025-08-27T19:48:25","date_gmt":"2025-08-27T16:48:25","guid":{"rendered":"https:\/\/roveyayinevi.com.tr\/index.php\/urun\/mevsim-normalleri\/"},"modified":"2026-04-16T02:32:56","modified_gmt":"2026-04-15T23:32:56","slug":"mevsim-normalleri","status":"publish","type":"product","link":"https:\/\/roveyayinevi.com.tr\/index.php\/urun\/mevsim-normalleri\/","title":{"rendered":"Mevsim Normalleri"},"content":{"rendered":"<p>Fark\u0131nda m\u0131s\u0131n anne,\u201d dedim. \u201cBiz nerde bir ayna g\u00f6rsek kendimize bakmadan edemiyoruz.\u201dTek ba\u015f\u0131na \u00e7ocuklar\u0131n\u0131 b\u00fcy\u00fct\u00fcp annesine bakanlar, engelliler, erkeklerin d\u00fcnyas\u0131nda kendine yer bulamayan kad\u0131nlar, da\u011f\u0131lm\u0131\u015f aileler, karde\u015f rekabeti, boyunduruklar, k\u0131r\u0131k kalpliler\u2026 Cinsellik, \u015fiddet, yaln\u0131zl\u0131k, ileti\u015fimsizlik ve kapana k\u0131s\u0131lm\u0131\u015fl\u0131k\u2026Neslihan \u00d6ndero\u011flu cesur bir yazar; \u00f6yk\u00fc ki\u015filerini hayat\u0131n her alan\u0131ndan, her kesimden, her ya\u015ftan se\u00e7iyor. Kimi zaman u\u00e7 durumlar\u0131, s\u0131n\u0131rda ya\u015fayanlar\u0131, kimi zaman da g\u00fcndelik hayatta kar\u015f\u0131la\u015f\u0131lan \u00e7\u0131kmazlar\u0131, ruhu kavray\u0131veren s\u0131k\u0131\u015fm\u0131\u015fl\u0131k hissini ortaya seriyor. Ancak hi\u00e7bir zaman duygu s\u00f6m\u00fcr\u00fcs\u00fcne ka\u00e7m\u0131yor; hissiyat\u0131 alt\u0131n\u0131 \u00e7izmeden, okurun kendi imgeleminde yaratmas\u0131na imk\u00e2n verecek \u015fekilde, \u00f6zenle kurdu\u011fu sahnelerle iletmeyi se\u00e7iyor. \u0130ncelikli kurgusu, tutumlu anlat\u0131m\u0131yla Mevsim Normalleri, onun bu \u00f6zelliklerini en iyi yans\u0131tan \u00f6yk\u00fclerden olu\u015fuyor.<\/p>\n","protected":false},"excerpt":{"rendered":"<p>Fark\u0131nda m\u0131s\u0131n anne,\u201d dedim. \u201cBiz nerde bir ayna g\u00f6rsek kendimize bakmadan edemiyoruz.\u201dTek ba\u015f\u0131na \u00e7ocuklar\u0131n\u0131 b\u00fcy\u00fct\u00fcp annesine bakanlar, engelliler, erkeklerin d\u00fcnyas\u0131nda kendine yer bulamayan kad\u0131nlar, da\u011f\u0131lm\u0131\u015f aileler,<span class=\"excerpt-hellip\"> [\u2026]<\/span><\/p>\n","protected":false},"featured_media":0,"template":"","meta":{"_monsterinsights_skip_tracking":false,"_monsterinsights_sitenote_active":false,"_monsterinsights_sitenote_note":"","_monsterinsights_sitenote_category":0},"product_brand":[],"product_cat":[12291,12711],"product_tag":[],"class_list":{"0":"post-725314","1":"product","2":"type-product","3":"status-publish","5":"product_cat-edebiyat","6":"product_cat-roman-oyku","7":"pa_cilt-ciltsiz","8":"pa_tur-kitap","9":"pa_yayinevi-can-yayinlari","10":"pa_yazar-neslihan-onderoglu","12":"first","13":"instock","14":"sale","15":"shipping-taxable","16":"purchasable","17":"product-type-simple"},"_links":{"self":[{"href":"https:\/\/roveyayinevi.com.tr\/index.php\/wp-json\/wp\/v2\/product\/725314","targetHints":{"allow":["GET"]}}],"collection":[{"href":"https:\/\/roveyayinevi.com.tr\/index.php\/wp-json\/wp\/v2\/product"}],"about":[{"href":"https:\/\/roveyayinevi.com.tr\/index.php\/wp-json\/wp\/v2\/types\/product"}],"wp:attachment":[{"href":"https:\/\/roveyayinevi.com.tr\/index.php\/wp-json\/wp\/v2\/media?parent=725314"}],"wp:term":[{"taxonomy":"product_brand","embeddable":true,"href":"https:\/\/roveyayinevi.com.tr\/index.php\/wp-json\/wp\/v2\/product_brand?post=725314"},{"taxonomy":"product_cat","embeddable":true,"href":"https:\/\/roveyayinevi.com.tr\/index.php\/wp-json\/wp\/v2\/product_cat?post=725314"},{"taxonomy":"product_tag","embeddable":true,"href":"https:\/\/roveyayinevi.com.tr\/index.php\/wp-json\/wp\/v2\/product_tag?post=725314"}],"curies":[{"name":"wp","href":"https:\/\/api.w.org\/{rel}","templated":true}]}}