{"id":725310,"date":"2025-08-27T19:48:20","date_gmt":"2025-08-27T16:48:20","guid":{"rendered":"https:\/\/roveyayinevi.com.tr\/index.php\/urun\/cogunlugun-zorbaligi\/"},"modified":"2026-04-03T02:40:14","modified_gmt":"2026-04-02T23:40:14","slug":"cogunlugun-zorbaligi","status":"publish","type":"product","link":"https:\/\/roveyayinevi.com.tr\/index.php\/urun\/cogunlugun-zorbaligi\/","title":{"rendered":"\u00c7o\u011funlu\u011fun Zorbal\u0131\u011f\u0131"},"content":{"rendered":"<p>Frans\u0131z hukuk\u00e7u, d\u00fc\u015f\u00fcn\u00fcr ve tarih\u00e7i Tocqueville, 1830\u2019lu y\u0131llar\u0131n ba\u015f\u0131nda Amerika Birle\u015fik Devletleri\u2019ne uzun bir seyahat yapar. Amerikan demokrasisi, siyasal sistemi ve toplumsal yap\u0131s\u0131 hakk\u0131ndaki bu \u201csaha \u00e7al\u0131\u015fmas\u0131\u201d boyunca yapt\u0131\u011f\u0131 g\u00f6zlemlerine dayanan g\u00f6r\u00fc\u015f ve \u00e7\u00f6z\u00fcmlemelerini, 1835 ve 1840 y\u0131llar\u0131nda iki cilt halinde yay\u0131mlanan ve siyaset bilimi literat\u00fcr\u00fcn\u00fcn kanonik eserlerinden biri haline gelen Amerika\u2019da Demokrasi adl\u0131 \u00e7al\u0131\u015fmas\u0131yla kitapla\u015ft\u0131r\u0131r.\u00c7o\u011funlu\u011fun Zorbal\u0131\u011f\u0131 bu kitaptan se\u00e7ilmi\u015f b\u00f6l\u00fcmlerden olu\u015fuyor. Tocqueville bu metinlerde, modern demokrasilerin ay\u0131r\u0131c\u0131 \u00f6zelli\u011fi olan e\u015fitlik tutkusunun \u00f6zg\u00fcrl\u00fc\u011f\u00fc tehdit eder hale gelebilece\u011fini ve sonunun \u00e7o\u011funlu\u011fun tiranl\u0131\u011f\u0131na varabilece\u011fini ileri s\u00fcrer. Amerika\u2019da \u00e7o\u011funlu\u011fun s\u0131n\u0131rs\u0131z g\u00fcc\u00fcn\u00fcn halk\u0131n d\u00fc\u015f\u00fcnceleri, ulusun karakteri ve kamu y\u00f6netimi \u00fczerindeki etkilerini \u00e7\u00f6z\u00fcmler.<\/p>\n","protected":false},"excerpt":{"rendered":"<p>Frans\u0131z hukuk\u00e7u, d\u00fc\u015f\u00fcn\u00fcr ve tarih\u00e7i Tocqueville, 1830\u2019lu y\u0131llar\u0131n ba\u015f\u0131nda Amerika Birle\u015fik Devletleri\u2019ne uzun bir seyahat yapar. Amerikan demokrasisi, siyasal sistemi ve toplumsal yap\u0131s\u0131 hakk\u0131ndaki bu \u201csaha<span class=\"excerpt-hellip\"> [\u2026]<\/span><\/p>\n","protected":false},"featured_media":0,"template":"","meta":{"_monsterinsights_skip_tracking":false,"_monsterinsights_sitenote_active":false,"_monsterinsights_sitenote_note":"","_monsterinsights_sitenote_category":0},"product_brand":[],"product_cat":[12291,12711],"product_tag":[],"class_list":{"0":"post-725310","1":"product","2":"type-product","3":"status-publish","5":"product_cat-edebiyat","6":"product_cat-roman-oyku","7":"pa_cilt-ciltsiz","8":"pa_tur-kitap","9":"pa_yayinevi-can-yayinlari","10":"pa_yazar-alexis-de-tocqueville","12":"first","13":"instock","14":"sale","15":"shipping-taxable","16":"purchasable","17":"product-type-simple"},"_links":{"self":[{"href":"https:\/\/roveyayinevi.com.tr\/index.php\/wp-json\/wp\/v2\/product\/725310","targetHints":{"allow":["GET"]}}],"collection":[{"href":"https:\/\/roveyayinevi.com.tr\/index.php\/wp-json\/wp\/v2\/product"}],"about":[{"href":"https:\/\/roveyayinevi.com.tr\/index.php\/wp-json\/wp\/v2\/types\/product"}],"wp:attachment":[{"href":"https:\/\/roveyayinevi.com.tr\/index.php\/wp-json\/wp\/v2\/media?parent=725310"}],"wp:term":[{"taxonomy":"product_brand","embeddable":true,"href":"https:\/\/roveyayinevi.com.tr\/index.php\/wp-json\/wp\/v2\/product_brand?post=725310"},{"taxonomy":"product_cat","embeddable":true,"href":"https:\/\/roveyayinevi.com.tr\/index.php\/wp-json\/wp\/v2\/product_cat?post=725310"},{"taxonomy":"product_tag","embeddable":true,"href":"https:\/\/roveyayinevi.com.tr\/index.php\/wp-json\/wp\/v2\/product_tag?post=725310"}],"curies":[{"name":"wp","href":"https:\/\/api.w.org\/{rel}","templated":true}]}}