{"id":725308,"date":"2025-08-27T19:48:18","date_gmt":"2025-08-27T16:48:18","guid":{"rendered":"https:\/\/roveyayinevi.com.tr\/index.php\/urun\/evrensel-sarki-canto-general\/"},"modified":"2026-04-16T02:32:56","modified_gmt":"2026-04-15T23:32:56","slug":"evrensel-sarki-canto-general","status":"publish","type":"product","link":"https:\/\/roveyayinevi.com.tr\/index.php\/urun\/evrensel-sarki-canto-general\/","title":{"rendered":"Evrensel \u015eark\u0131 \/ Canto General"},"content":{"rendered":"<p>Sessizli\u011fi verin bana, suyu, umudu.Kavgay\u0131 verin, demiri, yanarda\u011flar\u0131.Yap\u0131\u015ft\u0131r\u0131n bedenlerinizi bedenime m\u0131knat\u0131s gibi.\u00dc\u015f\u00fc\u015f\u00fcn a\u011fz\u0131ma ve damarlar\u0131ma.Konu\u015fun kan\u0131mla, s\u00f6zc\u00fcklerimle\u201cNeruda Kral Midas gibidir. Dokundu\u011fu her \u015feyi \u015fiire d\u00f6n\u00fc\u015ft\u00fcr\u00fcr.\u201dGabriel Garcia MarquezLatin Amerika\u2019n\u0131n en b\u00fcy\u00fck destanlar\u0131ndan biri olan Evrensel \u015eark\u0131, bir k\u0131tan\u0131n capcanl\u0131 biyografisi. Kolomb \u00f6ncesi uygarl\u0131klar\u0131n, konkistadorlar\u0131n ayak bas\u0131\u015f\u0131n\u0131n, s\u00f6m\u00fcrgenin ve despotlu\u011fun, \u00e7alkant\u0131l\u0131 toplumsal olaylar\u0131n arka plan oldu\u011fu bir co\u011frafyada ya\u015fayan, tarihe ad\u0131n\u0131 yazd\u0131rm\u0131\u015f fig\u00fcrler kadar ad\u0131n\u0131 kimsenin hat\u0131rlamayaca\u011f\u0131 s\u0131radan insanlar\u0131 da anlatan e\u015fsiz bir halk tarihi \u00e7al\u0131\u015fmas\u0131. Evrensel \u015eark\u0131, Nobel \u00d6d\u00fcll\u00fc \u015fairin s\u00fcrg\u00fcn g\u00fcnlerinde mazlum, yaln\u0131z ve gururlu halk\u0131na b\u0131rakt\u0131\u011f\u0131 bir ba\u015fyap\u0131t.<\/p>\n","protected":false},"excerpt":{"rendered":"<p>Sessizli\u011fi verin bana, suyu, umudu.Kavgay\u0131 verin, demiri, yanarda\u011flar\u0131.Yap\u0131\u015ft\u0131r\u0131n bedenlerinizi bedenime m\u0131knat\u0131s gibi.\u00dc\u015f\u00fc\u015f\u00fcn a\u011fz\u0131ma ve damarlar\u0131ma.Konu\u015fun kan\u0131mla, s\u00f6zc\u00fcklerimle\u201cNeruda Kral Midas gibidir. Dokundu\u011fu her \u015feyi \u015fiire d\u00f6n\u00fc\u015ft\u00fcr\u00fcr.\u201dGabriel Garcia<span class=\"excerpt-hellip\"> [\u2026]<\/span><\/p>\n","protected":false},"featured_media":0,"template":"","meta":{"_monsterinsights_skip_tracking":false,"_monsterinsights_sitenote_active":false,"_monsterinsights_sitenote_note":"","_monsterinsights_sitenote_category":0},"product_brand":[],"product_cat":[12291,12509],"product_tag":[],"class_list":{"0":"post-725308","1":"product","2":"type-product","3":"status-publish","5":"product_cat-edebiyat","6":"product_cat-siir","7":"pa_cilt-ciltsiz","8":"pa_tur-kitap","9":"pa_yayinevi-can-yayinlari","10":"pa_yazar-pablo-neruda","12":"first","13":"instock","14":"sale","15":"shipping-taxable","16":"purchasable","17":"product-type-simple"},"_links":{"self":[{"href":"https:\/\/roveyayinevi.com.tr\/index.php\/wp-json\/wp\/v2\/product\/725308","targetHints":{"allow":["GET"]}}],"collection":[{"href":"https:\/\/roveyayinevi.com.tr\/index.php\/wp-json\/wp\/v2\/product"}],"about":[{"href":"https:\/\/roveyayinevi.com.tr\/index.php\/wp-json\/wp\/v2\/types\/product"}],"wp:attachment":[{"href":"https:\/\/roveyayinevi.com.tr\/index.php\/wp-json\/wp\/v2\/media?parent=725308"}],"wp:term":[{"taxonomy":"product_brand","embeddable":true,"href":"https:\/\/roveyayinevi.com.tr\/index.php\/wp-json\/wp\/v2\/product_brand?post=725308"},{"taxonomy":"product_cat","embeddable":true,"href":"https:\/\/roveyayinevi.com.tr\/index.php\/wp-json\/wp\/v2\/product_cat?post=725308"},{"taxonomy":"product_tag","embeddable":true,"href":"https:\/\/roveyayinevi.com.tr\/index.php\/wp-json\/wp\/v2\/product_tag?post=725308"}],"curies":[{"name":"wp","href":"https:\/\/api.w.org\/{rel}","templated":true}]}}