{"id":725306,"date":"2025-08-27T19:48:16","date_gmt":"2025-08-27T16:48:16","guid":{"rendered":"https:\/\/roveyayinevi.com.tr\/index.php\/urun\/mustafa-kemal-ataturk-doneminin-oteki-tarihi-i-devrim-kanunlari-ve-muhalefetin-tasfiyesi-1923-1927\/"},"modified":"2026-04-16T02:32:56","modified_gmt":"2026-04-15T23:32:56","slug":"mustafa-kemal-ataturk-doneminin-oteki-tarihi-i-devrim-kanunlari-ve-muhalefetin-tasfiyesi-1923-1927","status":"publish","type":"product","link":"https:\/\/roveyayinevi.com.tr\/index.php\/urun\/mustafa-kemal-ataturk-doneminin-oteki-tarihi-i-devrim-kanunlari-ve-muhalefetin-tasfiyesi-1923-1927\/","title":{"rendered":"Mustafa Kemal Atat\u00fcrk D\u00f6nemi\u2019nin \u00d6teki Tarihi-I \u201cDevrim Kanunlar\u0131\u201d ve  Muhalefetin Tasfiyesi (1923-1927)"},"content":{"rendered":"<p>9 Eyl\u00fcl 1922\u2019de \u0130zmir\u2019in geri al\u0131nmas\u0131 \u00fczerine &#8220;\u0130zmir&#8217;i ald\u0131ktan sonra art\u0131k biraz dinlenirsiniz Pa\u015fam. \u00c7ok yoruldunuz&#8221; diyen Halide Edip\u2019e &#8220;Dinlenmek mi? Yunanl\u0131lardan sonra birbirimizle kavga edece\u011fiz, birbirimizi yiyece\u011fiz&#8221; diyen Mustafa Kemal&#8217;in \u00f6ng\u00f6r\u00fcs\u00fc do\u011fru \u00e7\u0131km\u0131\u015ft\u0131. Ancak, dava arkada\u015flar\u0131n\u0131n en b\u00fcy\u00fck m\u00fccadelesi, onun liderli\u011fini \u00f6nlemek de\u011fil, diktat\u00f6rl\u00fck e\u011filimlerini frenlemek yolunda olmu\u015ftu.Bu kitap 29 Ekim 1923\u2019te Cumhuriyet\u2019in \u0130lan\u0131\u2019ndan sonra T\u00fcrkiye Cumhuriyeti\u2019nin \u201cT\u00fcrk ulus-devleti\u201d olarak kurumsalla\u015fmas\u0131 konusunda kurucu kadrolar aras\u0131nda ya\u015fanan g\u00f6r\u00fc\u015f ayr\u0131l\u0131klar\u0131 ve iktidar m\u00fccadelesinin arka plan\u0131n\u0131 anlat\u0131yor. Toplam \u00fc\u00e7 ciltten olu\u015facak bu \u00e7al\u0131\u015fman\u0131n ilk cildinde 1923\u2019te Cumhuriyet Halk F\u0131rkas\u0131\u2019n\u0131n kurulu\u015fuyla ba\u015flay\u0131p 1927\u2019de Nutuk\u2019un okunmas\u0131na kadarki d\u00f6nemi elen alan Ay\u015fe H\u00fcr T\u00fcrk-Yunan N\u00fcfus M\u00fcbadelesi, 150\u2019likler, \u0130stiklal Mahkemeleri, Hilafet\u2019in \u0130lgas\u0131, Tevhid-i Tedrisat Kanunu, Terakkiperver Cumhuriyet F\u0131rkas\u0131, \u015eapka Kanunu, \u015eeyh Said \u0130syan\u0131, Musul Sorunu, \u0130zmir Suikast\u0131 Davas\u0131 gibi pek \u00e7ok \u00f6nemli olay\u0131n \u00f6teki y\u00fcz\u00fcne bak\u0131yor.<\/p>\n","protected":false},"excerpt":{"rendered":"<p>9 Eyl\u00fcl 1922\u2019de \u0130zmir\u2019in geri al\u0131nmas\u0131 \u00fczerine &#8220;\u0130zmir&#8217;i ald\u0131ktan sonra art\u0131k biraz dinlenirsiniz Pa\u015fam. \u00c7ok yoruldunuz&#8221; diyen Halide Edip\u2019e &#8220;Dinlenmek mi? Yunanl\u0131lardan sonra birbirimizle kavga edece\u011fiz,<span class=\"excerpt-hellip\"> [\u2026]<\/span><\/p>\n","protected":false},"featured_media":0,"template":"","meta":{"_monsterinsights_skip_tracking":false,"_monsterinsights_sitenote_active":false,"_monsterinsights_sitenote_note":"","_monsterinsights_sitenote_category":0},"product_brand":[],"product_cat":[12530,12304],"product_tag":[],"class_list":{"0":"post-725306","1":"product","2":"type-product","3":"status-publish","5":"product_cat-mustafa-kemal-ataturk","6":"product_cat-tarih","7":"pa_cilt-ciltsiz","8":"pa_tur-kitap","9":"pa_yayinevi-literatur-yayinevi","10":"pa_yazar-ayse-hur","12":"first","13":"instock","14":"sale","15":"shipping-taxable","16":"purchasable","17":"product-type-simple"},"_links":{"self":[{"href":"https:\/\/roveyayinevi.com.tr\/index.php\/wp-json\/wp\/v2\/product\/725306","targetHints":{"allow":["GET"]}}],"collection":[{"href":"https:\/\/roveyayinevi.com.tr\/index.php\/wp-json\/wp\/v2\/product"}],"about":[{"href":"https:\/\/roveyayinevi.com.tr\/index.php\/wp-json\/wp\/v2\/types\/product"}],"wp:attachment":[{"href":"https:\/\/roveyayinevi.com.tr\/index.php\/wp-json\/wp\/v2\/media?parent=725306"}],"wp:term":[{"taxonomy":"product_brand","embeddable":true,"href":"https:\/\/roveyayinevi.com.tr\/index.php\/wp-json\/wp\/v2\/product_brand?post=725306"},{"taxonomy":"product_cat","embeddable":true,"href":"https:\/\/roveyayinevi.com.tr\/index.php\/wp-json\/wp\/v2\/product_cat?post=725306"},{"taxonomy":"product_tag","embeddable":true,"href":"https:\/\/roveyayinevi.com.tr\/index.php\/wp-json\/wp\/v2\/product_tag?post=725306"}],"curies":[{"name":"wp","href":"https:\/\/api.w.org\/{rel}","templated":true}]}}