{"id":725304,"date":"2025-08-27T19:48:15","date_gmt":"2025-08-27T16:48:15","guid":{"rendered":"https:\/\/roveyayinevi.com.tr\/index.php\/urun\/agiz\/"},"modified":"2026-04-16T02:32:56","modified_gmt":"2026-04-15T23:32:56","slug":"agiz","status":"publish","type":"product","link":"https:\/\/roveyayinevi.com.tr\/index.php\/urun\/agiz\/","title":{"rendered":"A\u011f\u0131z"},"content":{"rendered":"<p>dikine sevmeye ba\u015flad\u0131n avc\u0131 &#8211; bir k\u00e2r zarar e\u011frisi &#8211; gibiokumaya \u00e7al\u0131\u015fanlar seni ters tutuyordu defteri kurdeleler, dik yakalar, d\u00fc\u015f\u00fck omuzlar ve petrolve masada lamban elektrik s\u0131zd\u0131ran ve adisyonlardantelli dantelli dantelli \u00e7ocukluk uykular\u0131nbir de art\u0131k i\u00e7ine kendi g\u00f6zlerini koymay\u0131 unuttu\u011fun r\u00fcyalarsenden bir \u015feyleri \u00e7ar\u00e7abuk ald\u0131lar<\/p>\n","protected":false},"excerpt":{"rendered":"<p>dikine sevmeye ba\u015flad\u0131n avc\u0131 &#8211; bir k\u00e2r zarar e\u011frisi &#8211; gibiokumaya \u00e7al\u0131\u015fanlar seni ters tutuyordu defteri kurdeleler, dik yakalar, d\u00fc\u015f\u00fck omuzlar ve petrolve masada lamban elektrik<span class=\"excerpt-hellip\"> [\u2026]<\/span><\/p>\n","protected":false},"featured_media":0,"template":"","meta":{"_monsterinsights_skip_tracking":false,"_monsterinsights_sitenote_active":false,"_monsterinsights_sitenote_note":"","_monsterinsights_sitenote_category":0},"product_brand":[],"product_cat":[12291,12509],"product_tag":[],"class_list":{"0":"post-725304","1":"product","2":"type-product","3":"status-publish","5":"product_cat-edebiyat","6":"product_cat-siir","7":"pa_cilt-ciltsiz","8":"pa_tur-kitap","9":"pa_yayinevi-ithaki-yayinlari","10":"pa_yazar-kaan-koc","12":"first","13":"instock","14":"sale","15":"shipping-taxable","16":"purchasable","17":"product-type-simple"},"_links":{"self":[{"href":"https:\/\/roveyayinevi.com.tr\/index.php\/wp-json\/wp\/v2\/product\/725304","targetHints":{"allow":["GET"]}}],"collection":[{"href":"https:\/\/roveyayinevi.com.tr\/index.php\/wp-json\/wp\/v2\/product"}],"about":[{"href":"https:\/\/roveyayinevi.com.tr\/index.php\/wp-json\/wp\/v2\/types\/product"}],"wp:attachment":[{"href":"https:\/\/roveyayinevi.com.tr\/index.php\/wp-json\/wp\/v2\/media?parent=725304"}],"wp:term":[{"taxonomy":"product_brand","embeddable":true,"href":"https:\/\/roveyayinevi.com.tr\/index.php\/wp-json\/wp\/v2\/product_brand?post=725304"},{"taxonomy":"product_cat","embeddable":true,"href":"https:\/\/roveyayinevi.com.tr\/index.php\/wp-json\/wp\/v2\/product_cat?post=725304"},{"taxonomy":"product_tag","embeddable":true,"href":"https:\/\/roveyayinevi.com.tr\/index.php\/wp-json\/wp\/v2\/product_tag?post=725304"}],"curies":[{"name":"wp","href":"https:\/\/api.w.org\/{rel}","templated":true}]}}