{"id":725302,"date":"2025-08-27T19:48:12","date_gmt":"2025-08-27T16:48:12","guid":{"rendered":"https:\/\/roveyayinevi.com.tr\/index.php\/urun\/sahte-balayi\/"},"modified":"2026-03-30T02:39:22","modified_gmt":"2026-03-29T23:39:22","slug":"sahte-balayi","status":"publish","type":"product","link":"https:\/\/roveyayinevi.com.tr\/index.php\/urun\/sahte-balayi\/","title":{"rendered":"Sahte Balay\u0131"},"content":{"rendered":"<p>\u201cMutlaka Okunmal\u0131\u201d Se\u00e7kisi TODAY, Us Weekly, Bustle, BuzzFeed, Goodreads, Entertainment Weekly, Publishers Weekly, Southern Living, Book Riot, Woman\u2019s Day ve Toronto Star\u0130ki d\u00fc\u015fman kendilerini romantik bir balay\u0131nda bulunca her \u015fey olabilir \u2013 a\u015fk bile\u2026Olive Torres ikizlerin \u015fanss\u0131z olan\u0131yd\u0131. Karde\u015fi A*mi ise daima kazan\u0131rd\u0131 ve hatta hayallerinin erke\u011fiyle evlenece\u011fi d\u00fc\u011f\u00fcn\u00fcn\u00fc, gelinli\u011fini, balay\u0131n\u0131 bile bedavaya getirmeyi ba\u015farm\u0131\u015ft\u0131. Evini ve i\u015fini kaybedip dibe vurmu\u015f Olive ise t\u00fcm d\u00fc\u011f\u00fcn\u00fc sa\u011fd\u0131\u00e7 (ve en b\u00fcy\u00fck d\u00fc\u015fman\u0131) Ethan Thomas\u2019la ge\u00e7irmek zorundayd\u0131.Fakat d\u00fc\u011f\u00fcndeki herkes \u2013Olive ve Ethan hari\u00e7\u2013 korkun\u00e7 bir g\u0131da zehirlenmesi y\u00fcz\u00fcnden hastanelik olunca Hawaii\u2019de her \u015fey dahil (bedava) balay\u0131 tatilini ka\u00e7\u0131rmamak i\u00e7in ate\u015fkes imzalad\u0131lar. On g\u00fcn boyunca birbirlerini olabildi\u011fi kadar az g\u00f6rmeye kararl\u0131lard\u0131 ama Olive her zamanki \u015fanss\u0131zl\u0131\u011f\u0131yla m\u00fcstakbel patronuyla kar\u015f\u0131la\u015f\u0131nca t\u00fcm planlar\u0131 alt\u00fcst oldu.Yeni evli numaras\u0131 yapmak onlar\u0131 fazlas\u0131yla yak\u0131nla\u015ft\u0131racak ve d\u00fc\u015fmanl\u0131klar\u0131n\u0131n ard\u0131ndaki nedenler birer birer ortaya \u00e7\u0131kacakt\u0131.\u201cKahkaha atmadan duramayacaks\u0131n\u0131z. Tam da Sally Thorne hayranlar\u0131na g\u00f6re.\u201d \u2014Booklist \u201cKa\u00e7\u0131r\u0131lmamas\u0131 gereken s\u0131cak bir yaz hik\u00e2yesi.\u201d \u2014Library Journal (starred review)\u201cRomantik komedilerin vazge\u00e7ilmez konular\u0131 \u2013nefretten do\u011fan a\u015fk, evlilik numaras\u0131, hatta boy fark\u0131\u2013 muhte\u015fem bir \u015fekilde harmanlanm\u0131\u015f ve ortaya her kelimesine bay\u0131laca\u011f\u0131n\u0131z bir roman \u00e7\u0131km\u0131\u015f.\u201d \u2014Publishers Weekly (starred review)\u201cBu d\u00fc\u015fman \u00e2\u015f\u0131klar bize hayattaki en g\u00fczel \u015feylerin her \u015fey dahil ve iade edilemez olduklar\u0131 kadar bedava da olduklar\u0131n\u0131 kan\u0131tl\u0131yorlar.\u201d \u2014Kirkus (starred review)\u201cSivri dilli ve komik diyaloglar sayesinde her sayfas\u0131nda kahkahalara bo\u011fulacaks\u0131n\u0131z.\u201d \u2014Helen Hoang\u201cYanaklar\u0131n\u0131z a\u011fr\u0131yana kadar g\u00fclmek istiyorsan\u0131z do\u011fru kitab\u0131 se\u00e7tiniz.\u201d \u2014Jasmine Guillory<\/p>\n","protected":false},"excerpt":{"rendered":"<p>\u201cMutlaka Okunmal\u0131\u201d Se\u00e7kisi TODAY, Us Weekly, Bustle, BuzzFeed, Goodreads, Entertainment Weekly, Publishers Weekly, Southern Living, Book Riot, Woman\u2019s Day ve Toronto Star\u0130ki d\u00fc\u015fman kendilerini romantik bir<span class=\"excerpt-hellip\"> [\u2026]<\/span><\/p>\n","protected":false},"featured_media":0,"template":"","meta":{"_monsterinsights_skip_tracking":false,"_monsterinsights_sitenote_active":false,"_monsterinsights_sitenote_note":"","_monsterinsights_sitenote_category":0},"product_brand":[],"product_cat":[14643,12291],"product_tag":[],"class_list":{"0":"post-725302","1":"product","2":"type-product","3":"status-publish","5":"product_cat-ask","6":"product_cat-edebiyat","7":"pa_cilt-ciltsiz","8":"pa_tur-kitap","9":"pa_yayinevi-yabanci-yayinevi","10":"pa_yazar-christina-lauren","12":"first","13":"instock","14":"sale","15":"shipping-taxable","16":"purchasable","17":"product-type-simple"},"_links":{"self":[{"href":"https:\/\/roveyayinevi.com.tr\/index.php\/wp-json\/wp\/v2\/product\/725302","targetHints":{"allow":["GET"]}}],"collection":[{"href":"https:\/\/roveyayinevi.com.tr\/index.php\/wp-json\/wp\/v2\/product"}],"about":[{"href":"https:\/\/roveyayinevi.com.tr\/index.php\/wp-json\/wp\/v2\/types\/product"}],"wp:attachment":[{"href":"https:\/\/roveyayinevi.com.tr\/index.php\/wp-json\/wp\/v2\/media?parent=725302"}],"wp:term":[{"taxonomy":"product_brand","embeddable":true,"href":"https:\/\/roveyayinevi.com.tr\/index.php\/wp-json\/wp\/v2\/product_brand?post=725302"},{"taxonomy":"product_cat","embeddable":true,"href":"https:\/\/roveyayinevi.com.tr\/index.php\/wp-json\/wp\/v2\/product_cat?post=725302"},{"taxonomy":"product_tag","embeddable":true,"href":"https:\/\/roveyayinevi.com.tr\/index.php\/wp-json\/wp\/v2\/product_tag?post=725302"}],"curies":[{"name":"wp","href":"https:\/\/api.w.org\/{rel}","templated":true}]}}