{"id":725301,"date":"2025-08-27T19:48:12","date_gmt":"2025-08-27T16:48:12","guid":{"rendered":"https:\/\/roveyayinevi.com.tr\/index.php\/urun\/icindeki-kahramani-kesfet\/"},"modified":"2026-04-08T02:41:24","modified_gmt":"2026-04-07T23:41:24","slug":"icindeki-kahramani-kesfet","status":"publish","type":"product","link":"https:\/\/roveyayinevi.com.tr\/index.php\/urun\/icindeki-kahramani-kesfet\/","title":{"rendered":"\u0130\u00e7indeki Kahraman\u0131 Ke\u015ffet"},"content":{"rendered":"<p>Ya\u015fam\u0131n\u0131zda gerek i\u00e7inizden gerek d\u0131\u015f\u0131n\u0131zdan gelen, sizi s\u0131n\u0131rlayan engelleri a\u015farak yeni bir ba\u015flang\u0131\u00e7 m\u0131 yapmak istiyorsunuz?\u0130\u015finizde, ailenizde, \u00e7evrenizde sorunlar\u0131n kontrol etti\u011fi biri de\u011fil de sorunlar\u0131 kontrol edebilen pozitif ve ba\u015far\u0131l\u0131 bir insan olarak ya\u015famak ister misiniz? Duygular\u0131n\u0131 y\u00f6neten, davran\u0131\u015flar\u0131n\u0131 y\u00f6nlendiren, k\u0131sacas\u0131 ya\u015fam\u0131n\u0131n kontrol\u00fcn\u00fc eline alm\u0131\u015f birisi olmaya ne dersiniz? Asl\u0131nda var olan ama kullanamad\u0131\u011f\u0131n\u0131z potansiyelinizi ke\u015ffetmek size neler sa\u011flard\u0131, hi\u00e7 d\u00fc\u015f\u00fcnd\u00fcn\u00fcz m\u00fc? \u0130nsanlarla etkin ileti\u015fim kurabiliyor olsayd\u0131n\u0131z, neler kazanm\u0131\u015f olurdunuz ya da neler kaybetmemi\u015f olurdunuz?\u00d6\u011fretim g\u00f6revlisi ve konu\u015fmac\u0131 Yazar Hatice Beyza Bulut, t\u00fcm bu sorular\u0131n cevaplar\u0131n\u0131 ve bunun nas\u0131l m\u00fcmk\u00fcn olaca\u011f\u0131n\u0131, ald\u0131\u011f\u0131 NLP ve Ko\u00e7luk e\u011fitimleriyle harmanlayarak, tecr\u00fcbelerinin ate\u015finde pi\u015firmi\u015f olarak size anlat\u0131yor.\u0130\u00e7inizdeki kahraman\u0131 ke\u015ffetmeye haz\u0131r m\u0131s\u0131n\u0131z?<\/p>\n","protected":false},"excerpt":{"rendered":"<p>Ya\u015fam\u0131n\u0131zda gerek i\u00e7inizden gerek d\u0131\u015f\u0131n\u0131zdan gelen, sizi s\u0131n\u0131rlayan engelleri a\u015farak yeni bir ba\u015flang\u0131\u00e7 m\u0131 yapmak istiyorsunuz?\u0130\u015finizde, ailenizde, \u00e7evrenizde sorunlar\u0131n kontrol etti\u011fi biri de\u011fil de sorunlar\u0131 kontrol<span class=\"excerpt-hellip\"> [\u2026]<\/span><\/p>\n","protected":false},"featured_media":0,"template":"","meta":{"_monsterinsights_skip_tracking":false,"_monsterinsights_sitenote_active":false,"_monsterinsights_sitenote_note":"","_monsterinsights_sitenote_category":0},"product_brand":[],"product_cat":[12364,12376],"product_tag":[],"class_list":{"0":"post-725301","1":"product","2":"type-product","3":"status-publish","5":"product_cat-genel-konular","6":"product_cat-kisisel-gelisim","7":"pa_cilt-ciltsiz","8":"pa_tur-kitap","9":"pa_yayinevi-muptela-yayinevi","10":"pa_yazar-h-beyza-bulut","12":"first","13":"instock","14":"sale","15":"shipping-taxable","16":"purchasable","17":"product-type-simple"},"_links":{"self":[{"href":"https:\/\/roveyayinevi.com.tr\/index.php\/wp-json\/wp\/v2\/product\/725301","targetHints":{"allow":["GET"]}}],"collection":[{"href":"https:\/\/roveyayinevi.com.tr\/index.php\/wp-json\/wp\/v2\/product"}],"about":[{"href":"https:\/\/roveyayinevi.com.tr\/index.php\/wp-json\/wp\/v2\/types\/product"}],"wp:attachment":[{"href":"https:\/\/roveyayinevi.com.tr\/index.php\/wp-json\/wp\/v2\/media?parent=725301"}],"wp:term":[{"taxonomy":"product_brand","embeddable":true,"href":"https:\/\/roveyayinevi.com.tr\/index.php\/wp-json\/wp\/v2\/product_brand?post=725301"},{"taxonomy":"product_cat","embeddable":true,"href":"https:\/\/roveyayinevi.com.tr\/index.php\/wp-json\/wp\/v2\/product_cat?post=725301"},{"taxonomy":"product_tag","embeddable":true,"href":"https:\/\/roveyayinevi.com.tr\/index.php\/wp-json\/wp\/v2\/product_tag?post=725301"}],"curies":[{"name":"wp","href":"https:\/\/api.w.org\/{rel}","templated":true}]}}