{"id":725299,"date":"2025-08-27T19:48:10","date_gmt":"2025-08-27T16:48:10","guid":{"rendered":"https:\/\/roveyayinevi.com.tr\/index.php\/urun\/musiki-inkilabinin-sosyolojisi\/"},"modified":"2026-04-16T02:32:56","modified_gmt":"2026-04-15T23:32:56","slug":"musiki-inkilabinin-sosyolojisi","status":"publish","type":"product","link":"https:\/\/roveyayinevi.com.tr\/index.php\/urun\/musiki-inkilabinin-sosyolojisi\/","title":{"rendered":"Musiki \u0130nk\u0131lab\u0131\u2019n\u0131n Sosyolojisi"},"content":{"rendered":"<p>Erken Cumhuriyet\u2019in en \u00f6nemli k\u00fclt\u00fcrel hamlelerinden biri Musiki \u0130nk\u0131lab\u0131\u2019yd\u0131. Ancak Musiki \u0130nk\u0131lab\u0131\u2019n\u0131n say\u0131ca nispeten az \u00e7al\u0131\u015fmaya konu oldu\u011funu s\u00f6ylemek yanl\u0131\u015f olmaz.Elinizdeki kitap, o f\u0131rt\u0131nal\u0131 y\u0131llarda \u00f6nce e\u011fitimi sonra da radyolarda icras\u0131 yasaklanan klasik T\u00fcrk m\u00fczi\u011fi gelene\u011finin ayakta kalmay\u0131 nas\u0131l ba\u015fard\u0131\u011f\u0131n\u0131, Bat\u0131c\u0131 politikalar kar\u015f\u0131s\u0131nda ne tip uyum ve diren\u00e7 \u00f6r\u00fcnt\u00fcleri sergiledi\u011fini ve bunlar\u0131n sonucunda nas\u0131l bir d\u00f6n\u00fc\u015f\u00fcm ge\u00e7irdi\u011fini belgeler e\u015fli\u011finde incelemekte, yan\u0131 s\u0131ra, siyasi ve idari ink\u0131laplar\u0131n d\u0131\u015f\u0131nda k\u00fclt\u00fcr ve sanat d\u00fcnyas\u0131nda ya\u015fanan b\u00fcy\u00fck de\u011fi\u015fimleri anlamak i\u00e7in de bir \u00e7er\u00e7eve sunmaktad\u0131r.\u201cNesiller boyunca insanlar\u0131n muazzam bir mesaiyle in\u015fa ettikleri koskoca bir m\u00fczik birikimini hoyrat\u00e7a bir darbeyle \u201cilga etmeye\u201d niyetlenenlerin acaba akl\u0131nda ne vard\u0131? \u0130lga etmek diyorum, ki bu benim yak\u0131\u015ft\u0131rmam de\u011fil. Konservatuvarda T\u00fcrk m\u00fczi\u011fi e\u011fitimine son verilmesi karar\u0131 gazetelerde \u201calaturka musiki ilga edildi\u201d diye duyurulmu\u015ftu. Belli ki bu i\u015fe giri\u015fenler hayallerindeki ideal k\u00fclt\u00fcr\u00fc, b\u00fct\u00fcn dertlerimizi \u00e7\u00f6zece\u011fine inand\u0131klar\u0131 o m\u00fckemmel sihirli de\u011fne\u011fi yaratmak i\u00e7in \u00f6denecek hi\u00e7bir bedelin y\u00fcksek say\u0131lamayaca\u011f\u0131 fikrindeydiler&#8230; Isaiah Berlin\u2019in deyi\u015fiyle, m\u00fckemmel bir omlet yap\u0131laca\u011f\u0131na inand\u0131\u011f\u0131m\u0131zda, k\u0131r\u0131lmas\u0131 gereken yumurtalara ac\u0131may\u0131z. Ne var ki k\u0131r\u0131lan bunca yumurtaya ra\u011fmen o beklenen omlet bir t\u00fcrl\u00fc yap\u0131lamad\u0131. Belki de o sihirli omletin pe\u015fine d\u00fc\u015fmektense k\u0131r\u0131lan yumurtalar\u0131n hesab\u0131n\u0131 tutmak gerekiyordu. \u00c7\u00fcnk\u00fc ortada bir \u201chayali\u201d omlet, bir de bu omlet i\u00e7in feda edilen \u201cger\u00e7ek\u201d yumurtalar vard\u0131. Ben de ideal olan\u0131 tart\u0131\u015fmaktansa elimizdeki somut ve elle tutulur ger\u00e7e\u011fi analiz etmeye, k\u0131r\u0131lan ve sa\u011flam kalan yumurtalar\u0131n hesab\u0131n\u0131 tutmaya karar verdim.\u201d\u201cY\u0131l\u0131n T\u00fcrk M\u00fczi\u011fi Yazar\u0131 ve Kitab\u0131\u201d dal\u0131nda Itri \u00d6d\u00fcl\u00fc \u2013 2015<\/p>\n","protected":false},"excerpt":{"rendered":"<p>Erken Cumhuriyet\u2019in en \u00f6nemli k\u00fclt\u00fcrel hamlelerinden biri Musiki \u0130nk\u0131lab\u0131\u2019yd\u0131. Ancak Musiki \u0130nk\u0131lab\u0131\u2019n\u0131n say\u0131ca nispeten az \u00e7al\u0131\u015fmaya konu oldu\u011funu s\u00f6ylemek yanl\u0131\u015f olmaz.Elinizdeki kitap, o f\u0131rt\u0131nal\u0131 y\u0131llarda \u00f6nce<span class=\"excerpt-hellip\"> [\u2026]<\/span><\/p>\n","protected":false},"featured_media":0,"template":"","meta":{"_monsterinsights_skip_tracking":false,"_monsterinsights_sitenote_active":false,"_monsterinsights_sitenote_note":"","_monsterinsights_sitenote_category":0},"product_brand":[],"product_cat":[14556],"product_tag":[],"class_list":{"0":"post-725299","1":"product","2":"type-product","3":"status-publish","5":"product_cat-muzik","6":"pa_cilt-ciltsiz","7":"pa_tur-kitap","8":"pa_yayinevi-ithaki-yayinlari","9":"pa_yazar-gunes-ayas","11":"first","12":"instock","13":"sale","14":"shipping-taxable","15":"purchasable","16":"product-type-simple"},"_links":{"self":[{"href":"https:\/\/roveyayinevi.com.tr\/index.php\/wp-json\/wp\/v2\/product\/725299","targetHints":{"allow":["GET"]}}],"collection":[{"href":"https:\/\/roveyayinevi.com.tr\/index.php\/wp-json\/wp\/v2\/product"}],"about":[{"href":"https:\/\/roveyayinevi.com.tr\/index.php\/wp-json\/wp\/v2\/types\/product"}],"wp:attachment":[{"href":"https:\/\/roveyayinevi.com.tr\/index.php\/wp-json\/wp\/v2\/media?parent=725299"}],"wp:term":[{"taxonomy":"product_brand","embeddable":true,"href":"https:\/\/roveyayinevi.com.tr\/index.php\/wp-json\/wp\/v2\/product_brand?post=725299"},{"taxonomy":"product_cat","embeddable":true,"href":"https:\/\/roveyayinevi.com.tr\/index.php\/wp-json\/wp\/v2\/product_cat?post=725299"},{"taxonomy":"product_tag","embeddable":true,"href":"https:\/\/roveyayinevi.com.tr\/index.php\/wp-json\/wp\/v2\/product_tag?post=725299"}],"curies":[{"name":"wp","href":"https:\/\/api.w.org\/{rel}","templated":true}]}}