{"id":725294,"date":"2025-08-27T19:48:05","date_gmt":"2025-08-27T16:48:05","guid":{"rendered":"https:\/\/roveyayinevi.com.tr\/index.php\/urun\/sicrama-yuksekligi-olcumunde-kullanilacak-yeni-bir-olcum-sistemi-gelistirilmesi\/"},"modified":"2026-04-16T02:32:56","modified_gmt":"2026-04-15T23:32:56","slug":"sicrama-yuksekligi-olcumunde-kullanilacak-yeni-bir-olcum-sistemi-gelistirilmesi","status":"publish","type":"product","link":"https:\/\/roveyayinevi.com.tr\/index.php\/urun\/sicrama-yuksekligi-olcumunde-kullanilacak-yeni-bir-olcum-sistemi-gelistirilmesi\/","title":{"rendered":"S\u0131\u00e7rama Y\u00fcksekli\u011fi \u00d6l\u00e7\u00fcm\u00fcnde Kullan\u0131lacak Yeni Bir \u00d6l\u00e7\u00fcm Sistemi Geli\u015ftirilmesi"},"content":{"rendered":"<p>\u0130\u00e7indekiler 1.Giri\u015f Ve Ama\u00e7 2.Genel Bilgiler2.1.Dikey S\u0131\u00e7rama2.2.S\u0131\u00e7raman\u0131n Fazlar\u0131 ve Biyomekani\u011fi2.3.Mevcut Dikey S\u0131\u00e7rama \u00d6l\u00e7\u00fcm Y\u00f6ntemleri 3.Gere\u00e7 Ve Y\u00f6ntem3.1.Ara\u015ft\u0131rman\u0131n Tipi3.2.Ara\u015ft\u0131rman\u0131n Yeri ve Zaman\u01313.3.Ara\u015ft\u0131rman\u0131n Evreni ve \u00d6rneklemi3.4.\u00c7al\u0131\u015fma Materyali3.5.Ara\u015ft\u0131rman\u0131n De\u011fi\u015fkenleri3.6.Veri Toplama Ara\u00e7lar\u01313.7.Ara\u015ft\u0131rma Plan\u0131 ve Takvimi3.8.Verilerin De\u011ferlendirilmesi3.9.Ara\u015ft\u0131rman\u0131n  S\u0131n\u0131rl\u0131l\u0131klar3.10.Etik Kurulu Onay\u0131 4.Bulgular 5.Tart\u0131\u015fma 6.Sonu\u00e7 Ve \u00d6neriler KAYNAKLAR<\/p>\n","protected":false},"excerpt":{"rendered":"<p>\u0130\u00e7indekiler 1.Giri\u015f Ve Ama\u00e7 2.Genel Bilgiler2.1.Dikey S\u0131\u00e7rama2.2.S\u0131\u00e7raman\u0131n Fazlar\u0131 ve Biyomekani\u011fi2.3.Mevcut Dikey S\u0131\u00e7rama \u00d6l\u00e7\u00fcm Y\u00f6ntemleri 3.Gere\u00e7 Ve Y\u00f6ntem3.1.Ara\u015ft\u0131rman\u0131n Tipi3.2.Ara\u015ft\u0131rman\u0131n Yeri ve Zaman\u01313.3.Ara\u015ft\u0131rman\u0131n Evreni ve \u00d6rneklemi3.4.\u00c7al\u0131\u015fma Materyali3.5.Ara\u015ft\u0131rman\u0131n De\u011fi\u015fkenleri3.6.Veri<span class=\"excerpt-hellip\"> [\u2026]<\/span><\/p>\n","protected":false},"featured_media":0,"template":"","meta":{"_monsterinsights_skip_tracking":false,"_monsterinsights_sitenote_active":false,"_monsterinsights_sitenote_note":"","_monsterinsights_sitenote_category":0},"product_brand":[],"product_cat":[15563,15564],"product_tag":[],"class_list":{"0":"post-725294","1":"product","2":"type-product","3":"status-publish","5":"product_cat-hobi","6":"product_cat-spor","7":"pa_cilt-ciltsiz","8":"pa_tur-kitap","9":"pa_yayinevi-gazi-kitabevi","10":"pa_yazar-hikmet-gumus","12":"first","13":"instock","14":"sale","15":"shipping-taxable","16":"purchasable","17":"product-type-simple"},"_links":{"self":[{"href":"https:\/\/roveyayinevi.com.tr\/index.php\/wp-json\/wp\/v2\/product\/725294","targetHints":{"allow":["GET"]}}],"collection":[{"href":"https:\/\/roveyayinevi.com.tr\/index.php\/wp-json\/wp\/v2\/product"}],"about":[{"href":"https:\/\/roveyayinevi.com.tr\/index.php\/wp-json\/wp\/v2\/types\/product"}],"wp:attachment":[{"href":"https:\/\/roveyayinevi.com.tr\/index.php\/wp-json\/wp\/v2\/media?parent=725294"}],"wp:term":[{"taxonomy":"product_brand","embeddable":true,"href":"https:\/\/roveyayinevi.com.tr\/index.php\/wp-json\/wp\/v2\/product_brand?post=725294"},{"taxonomy":"product_cat","embeddable":true,"href":"https:\/\/roveyayinevi.com.tr\/index.php\/wp-json\/wp\/v2\/product_cat?post=725294"},{"taxonomy":"product_tag","embeddable":true,"href":"https:\/\/roveyayinevi.com.tr\/index.php\/wp-json\/wp\/v2\/product_tag?post=725294"}],"curies":[{"name":"wp","href":"https:\/\/api.w.org\/{rel}","templated":true}]}}