{"id":725291,"date":"2025-08-27T19:48:03","date_gmt":"2025-08-27T16:48:03","guid":{"rendered":"https:\/\/roveyayinevi.com.tr\/index.php\/urun\/kimse-bize-ait-degildir-kendin-olabilme-felsefesi\/"},"modified":"2026-04-16T02:32:56","modified_gmt":"2026-04-15T23:32:56","slug":"kimse-bize-ait-degildir-kendin-olabilme-felsefesi","status":"publish","type":"product","link":"https:\/\/roveyayinevi.com.tr\/index.php\/urun\/kimse-bize-ait-degildir-kendin-olabilme-felsefesi\/","title":{"rendered":"Kimse Bize Ait De\u011fildir : Kendin Olabilme Felsefesi"},"content":{"rendered":"<p>\u201cSakin sakin otur y\u00fcre\u011fim toz kald\u0131rma.B\u0131rak, d\u00fcnya sana gelecek yolu kendisi bulsun.\u201dNobel \u00f6d\u00fcll\u00fc Hintli yazar, \u015fair, besteci, ressam Rabindranath Tagore, Do\u011fu\u2019nun \u015fark\u0131s\u0131n\u0131 evrenselli\u011fe ta\u015f\u0131m\u0131\u015f bilge bir ozand\u0131r.Atat\u00fcrk\u2019\u00fcn kitaplar hediye etti\u011fi, B\u00fclent Ecevit\u2019in \u015fiirlerini T\u00fcrk\u00e7eye \u00e7evirdi\u011fi, Albert Einstein\u2019dan Mahatma Gandi\u2019ye kadar pek \u00e7ok d\u00fc\u015f\u00fcn\u00fcr\u00fcn ilham buldu\u011fu Tagore\u2019un d\u00fc\u015f\u00fcnceleri, g\u00fcn\u00fcm\u00fcz\u00fcn duyars\u0131z d\u00fcnyas\u0131na, insani de\u011ferlere sahip \u00e7\u0131kmay\u0131, ac\u0131y\u0131 sevgiye d\u00f6n\u00fc\u015ft\u00fcrmeyi ve umudu hat\u0131rlat\u0131yor h\u00e2l\u00e2.<\/p>\n","protected":false},"excerpt":{"rendered":"<p>\u201cSakin sakin otur y\u00fcre\u011fim toz kald\u0131rma.B\u0131rak, d\u00fcnya sana gelecek yolu kendisi bulsun.\u201dNobel \u00f6d\u00fcll\u00fc Hintli yazar, \u015fair, besteci, ressam Rabindranath Tagore, Do\u011fu\u2019nun \u015fark\u0131s\u0131n\u0131 evrenselli\u011fe ta\u015f\u0131m\u0131\u015f bilge bir<span class=\"excerpt-hellip\"> [\u2026]<\/span><\/p>\n","protected":false},"featured_media":0,"template":"","meta":{"_monsterinsights_skip_tracking":false,"_monsterinsights_sitenote_active":false,"_monsterinsights_sitenote_note":"","_monsterinsights_sitenote_category":0},"product_brand":[],"product_cat":[12389,12388],"product_tag":[],"class_list":{"0":"post-725291","1":"product","2":"type-product","3":"status-publish","5":"product_cat-diger-felsefe","6":"product_cat-felsefe","7":"pa_cilt-ciltsiz","8":"pa_tur-kitap","9":"pa_yayinevi-destek-yayinlari","10":"pa_yazar-rabindranath-tagore","12":"first","13":"instock","14":"sale","15":"shipping-taxable","16":"purchasable","17":"product-type-simple"},"_links":{"self":[{"href":"https:\/\/roveyayinevi.com.tr\/index.php\/wp-json\/wp\/v2\/product\/725291","targetHints":{"allow":["GET"]}}],"collection":[{"href":"https:\/\/roveyayinevi.com.tr\/index.php\/wp-json\/wp\/v2\/product"}],"about":[{"href":"https:\/\/roveyayinevi.com.tr\/index.php\/wp-json\/wp\/v2\/types\/product"}],"wp:attachment":[{"href":"https:\/\/roveyayinevi.com.tr\/index.php\/wp-json\/wp\/v2\/media?parent=725291"}],"wp:term":[{"taxonomy":"product_brand","embeddable":true,"href":"https:\/\/roveyayinevi.com.tr\/index.php\/wp-json\/wp\/v2\/product_brand?post=725291"},{"taxonomy":"product_cat","embeddable":true,"href":"https:\/\/roveyayinevi.com.tr\/index.php\/wp-json\/wp\/v2\/product_cat?post=725291"},{"taxonomy":"product_tag","embeddable":true,"href":"https:\/\/roveyayinevi.com.tr\/index.php\/wp-json\/wp\/v2\/product_tag?post=725291"}],"curies":[{"name":"wp","href":"https:\/\/api.w.org\/{rel}","templated":true}]}}