{"id":725289,"date":"2025-08-27T19:48:01","date_gmt":"2025-08-27T16:48:01","guid":{"rendered":"https:\/\/roveyayinevi.com.tr\/index.php\/urun\/nimm-dir-nicht-alles-so-zu-herzen-oh-seele\/"},"modified":"2026-04-16T02:32:56","modified_gmt":"2026-04-15T23:32:56","slug":"nimm-dir-nicht-alles-so-zu-herzen-oh-seele","status":"publish","type":"product","link":"https:\/\/roveyayinevi.com.tr\/index.php\/urun\/nimm-dir-nicht-alles-so-zu-herzen-oh-seele\/","title":{"rendered":"Nimm Dir Nicht Alles So Zu Herzen Oh Seele"},"content":{"rendered":"<p>\u201cDie Kunst, die Herzen vonEinfl\u00fcsterungen zu reinigenund den Geist zumSchweigen zu bringen\u201dEgal wie sehr der Mensch wie ein begrenztes Gesch\u00f6pf scheinen mag, gleicht er einer endlosen Quelle, gar einer unglaublichen Schlucht. Mit seinem begrenzten K\u00f6rper erlebt er eine unbegrenzte Welt und schl\u00e4gt sich sein Leben lang mit Einfl\u00fcsterungen herum, die ihm diese Welt unertr\u00e4glich machen.F\u00fcr jene, die nicht von ihrer Seele erzogen wurden, f\u00fchren die Einfl\u00fcsterungen, die ihnen das Leben zur H\u00f6lle machen, zu einer Reihe von physischen und psychischen Problemen und lassen die Erfahrungen, die sie auf diesem Weg erleben, wie unbedeutende Zuf\u00e4lle erscheinen.Jedoch ist es m\u00f6glich, diese Einfl\u00fcsterungen loszuwerden und zwar mit der F\u00fchrung des Korans, der herabgesandt wurde, um dem Menschen Heilung zu geben und den rechten Weg aufzuzeigen.\u201cMein Geist schweigt nie.\u201d\u201cEgal was ich tue, ich f\u00fchle mich immer eingeengt<\/p>\n","protected":false},"excerpt":{"rendered":"<p>\u201cDie Kunst, die Herzen vonEinfl\u00fcsterungen zu reinigenund den Geist zumSchweigen zu bringen\u201dEgal wie sehr der Mensch wie ein begrenztes Gesch\u00f6pf scheinen mag, gleicht er einer endlosen<span class=\"excerpt-hellip\"> [\u2026]<\/span><\/p>\n","protected":false},"featured_media":0,"template":"","meta":{"_monsterinsights_skip_tracking":false,"_monsterinsights_sitenote_active":false,"_monsterinsights_sitenote_note":"","_monsterinsights_sitenote_category":0},"product_brand":[],"product_cat":[12472],"product_tag":[],"class_list":{"0":"post-725289","1":"product","2":"type-product","3":"status-publish","5":"product_cat-yabanci-dilde-kitaplar","6":"pa_cilt-ciltsiz","7":"pa_tur-kitap","8":"pa_yayinevi-destek-yayinlari","9":"pa_yazar-ugur-kosar","11":"first","12":"instock","13":"sale","14":"shipping-taxable","15":"purchasable","16":"product-type-simple"},"_links":{"self":[{"href":"https:\/\/roveyayinevi.com.tr\/index.php\/wp-json\/wp\/v2\/product\/725289","targetHints":{"allow":["GET"]}}],"collection":[{"href":"https:\/\/roveyayinevi.com.tr\/index.php\/wp-json\/wp\/v2\/product"}],"about":[{"href":"https:\/\/roveyayinevi.com.tr\/index.php\/wp-json\/wp\/v2\/types\/product"}],"wp:attachment":[{"href":"https:\/\/roveyayinevi.com.tr\/index.php\/wp-json\/wp\/v2\/media?parent=725289"}],"wp:term":[{"taxonomy":"product_brand","embeddable":true,"href":"https:\/\/roveyayinevi.com.tr\/index.php\/wp-json\/wp\/v2\/product_brand?post=725289"},{"taxonomy":"product_cat","embeddable":true,"href":"https:\/\/roveyayinevi.com.tr\/index.php\/wp-json\/wp\/v2\/product_cat?post=725289"},{"taxonomy":"product_tag","embeddable":true,"href":"https:\/\/roveyayinevi.com.tr\/index.php\/wp-json\/wp\/v2\/product_tag?post=725289"}],"curies":[{"name":"wp","href":"https:\/\/api.w.org\/{rel}","templated":true}]}}