{"id":725288,"date":"2025-08-27T19:48:01","date_gmt":"2025-08-27T16:48:01","guid":{"rendered":"https:\/\/roveyayinevi.com.tr\/index.php\/urun\/insanin-merak-yolculugu\/"},"modified":"2026-04-08T02:41:24","modified_gmt":"2026-04-07T23:41:24","slug":"insanin-merak-yolculugu","status":"publish","type":"product","link":"https:\/\/roveyayinevi.com.tr\/index.php\/urun\/insanin-merak-yolculugu\/","title":{"rendered":"\u0130nsan\u0131n Merak Yolculu\u011fu"},"content":{"rendered":"<p>Hayat birtak\u0131m sorular\u0131n pe\u015finde cevaplar aray\u0131p durdu\u011fumuz ser\u00fcvenli bir yolculuktur asl\u0131nda. Kimi sorular sihirli bir anahtar gibi umulmad\u0131k kap\u0131lar a\u00e7ar insan\u0131n \u00f6n\u00fcne. Kimi sorularsa cevab\u0131 hi\u00e7bir zaman net olarak bilinemeyecek sonsuz bir y\u00fcr\u00fcy\u00fc\u015fe s\u00fcr\u00fckler.Sorular her ne kadar hakikatin s\u0131rl\u0131 kap\u0131lar\u0131n\u0131n anahtarlar\u0131n\u0131 sunsa da cevaplar\u0131n arand\u0131\u011f\u0131 o uzun s\u00fcre\u00e7, ya\u015fam yolculu\u011funun tam da kendisidir.Bu kitap, soru sorman\u0131n nas\u0131l bir yolculuk ba\u015flatabilece\u011fini deneyimletmek i\u00e7in yaz\u0131ld\u0131. Bazen kendinizi Balzac\u2019\u0131n neden g\u00fcnde 50 fincan kahve i\u00e7ti\u011fini \u00f6\u011frenmeye \u00e7al\u0131\u015f\u0131rken bulacaks\u0131n\u0131z, bazen Leonardo Da Vinci\u2019nin e\u015fsiz \u00fcretkenli\u011finin nedenlerini ararken&#8230; Bazen de yazman\u0131n ve okuman\u0131n insan \u00fczerindeki etkilerini d\u00fc\u015f\u00fcn\u00fcyor olacaks\u0131n\u0131z.Elinizdeki bu kitap, birbirinden farkl\u0131 alanlarda ortaya at\u0131lm\u0131\u015f sorularla ba\u015far\u0131l\u0131 ve mutlu olmakla birlikte ilham almay\u0131 da bilgi edinme yolculu\u011funa dahil ediyor. Yolculuk bitti\u011finde art\u0131k hi\u00e7bir \u015fey sizin i\u00e7in eskisi gibi olmayabilir. \u00c7\u00fcnk\u00fc yolculuklar biter ama kahraman art\u0131k yolculu\u011fa \u00e7\u0131kan ayn\u0131 ki\u015fi de\u011fildir.Her ser\u00fcven bir soruyla ba\u015flar ve cevab\u0131 buluncaya kadar da devam eder&#8230;<\/p>\n","protected":false},"excerpt":{"rendered":"<p>Hayat birtak\u0131m sorular\u0131n pe\u015finde cevaplar aray\u0131p durdu\u011fumuz ser\u00fcvenli bir yolculuktur asl\u0131nda. Kimi sorular sihirli bir anahtar gibi umulmad\u0131k kap\u0131lar a\u00e7ar insan\u0131n \u00f6n\u00fcne. Kimi sorularsa cevab\u0131 hi\u00e7bir<span class=\"excerpt-hellip\"> [\u2026]<\/span><\/p>\n","protected":false},"featured_media":0,"template":"","meta":{"_monsterinsights_skip_tracking":false,"_monsterinsights_sitenote_active":false,"_monsterinsights_sitenote_note":"","_monsterinsights_sitenote_category":0},"product_brand":[],"product_cat":[12364,12376],"product_tag":[],"class_list":{"0":"post-725288","1":"product","2":"type-product","3":"status-publish","5":"product_cat-genel-konular","6":"product_cat-kisisel-gelisim","7":"pa_cilt-ciltsiz","8":"pa_tur-kitap","9":"pa_yayinevi-destek-yayinlari","10":"pa_yazar-kerem-kina-umut-kina","12":"first","13":"instock","14":"sale","15":"shipping-taxable","16":"purchasable","17":"product-type-simple"},"_links":{"self":[{"href":"https:\/\/roveyayinevi.com.tr\/index.php\/wp-json\/wp\/v2\/product\/725288","targetHints":{"allow":["GET"]}}],"collection":[{"href":"https:\/\/roveyayinevi.com.tr\/index.php\/wp-json\/wp\/v2\/product"}],"about":[{"href":"https:\/\/roveyayinevi.com.tr\/index.php\/wp-json\/wp\/v2\/types\/product"}],"wp:attachment":[{"href":"https:\/\/roveyayinevi.com.tr\/index.php\/wp-json\/wp\/v2\/media?parent=725288"}],"wp:term":[{"taxonomy":"product_brand","embeddable":true,"href":"https:\/\/roveyayinevi.com.tr\/index.php\/wp-json\/wp\/v2\/product_brand?post=725288"},{"taxonomy":"product_cat","embeddable":true,"href":"https:\/\/roveyayinevi.com.tr\/index.php\/wp-json\/wp\/v2\/product_cat?post=725288"},{"taxonomy":"product_tag","embeddable":true,"href":"https:\/\/roveyayinevi.com.tr\/index.php\/wp-json\/wp\/v2\/product_tag?post=725288"}],"curies":[{"name":"wp","href":"https:\/\/api.w.org\/{rel}","templated":true}]}}