{"id":725286,"date":"2025-08-27T19:47:59","date_gmt":"2025-08-27T16:47:59","guid":{"rendered":"https:\/\/roveyayinevi.com.tr\/index.php\/urun\/istanbulun-latin-cagi\/"},"modified":"2026-04-16T02:32:56","modified_gmt":"2026-04-15T23:32:56","slug":"istanbulun-latin-cagi","status":"publish","type":"product","link":"https:\/\/roveyayinevi.com.tr\/index.php\/urun\/istanbulun-latin-cagi\/","title":{"rendered":"\u0130stanbul\u2019un Latin \u00c7a\u011f\u0131"},"content":{"rendered":"<p>\u0130stanbul\u2019un belki de en karanl\u0131k zaman\u0131&#8230;B\u00fct\u00fcn \u0130stanbul tarihinin i\u00e7inde sadece 57 y\u0131l s\u00fcrmesine ra\u011fmen Bizans\u2019\u0131 fazlas\u0131yla etkilemi\u015f ve \u00e7\u00f6k\u00fc\u015f\u00fcne neden olmu\u015f bir s\u00fcre\u00e7&#8230;Ate\u015f, kan ve kin dolu bir d\u00f6nem.\u0130stanbul\u2019un Latinler taraf\u0131ndan istilas\u0131 ve kurulan Latin Krall\u0131\u011f\u0131&#8230;Say\u0131s\u0131z \u0130stanbul tarihi kitab\u0131 i\u00e7inde hep ihmal edilmi\u015f, \u00fczerinde \u00e7ok az \u00e7al\u0131\u015f\u0131lm\u0131\u015f bir konu.Bu d\u00f6nemde Bizans halk\u0131 s\u00fcrg\u00fcn edilmi\u015f, \u0130stanbul soyulmu\u015f, yak\u0131lm\u0131\u015f, y\u0131k\u0131lm\u0131\u015f ve tahrip edilmi\u015f&#8230; Latin krallar\u0131 ta\u00e7 giymi\u015f, Ayasofya bir Katolik katedrali olmu\u015f, Tap\u0131nak \u015e\u00f6valyeleri \u0130stanbul sokaklar\u0131nda dola\u015fm\u0131\u015f.\u0130stanbul\u2019un Latin d\u00f6nemiyle ilgili ya\u015fanan kaynak eksikli\u011fini kapatmak i\u00e7in uzun s\u00fcredir s\u00fcrd\u00fcrd\u00fc\u011f\u00fcm\u00fcz ara\u015ft\u0131rmalar\u0131m\u0131z\u0131 bir araya getirdi\u011fimiz bu kitapta b\u00fct\u00fcn d\u00f6nem kaynaklar\u0131n\u0131 titizlikle orijinal dillerinde ve terc\u00fcmelerinde tarad\u0131k. \u00dclkemizde ad\u0131 bile duyulmam\u0131\u015f kaynaklara ula\u015f\u0131p iz s\u00fcrd\u00fck ama en \u00f6nemlisi y\u0131llarca b\u00fcy\u00fck bir a\u015fkla y\u00fcr\u00fctt\u00fc\u011f\u00fcm\u00fcz \u0130stanbul ara\u015ft\u0131rmalar\u0131n\u0131n baz\u0131 sonu\u00e7lar\u0131n\u0131 da sizin i\u00e7in yaz\u0131ya d\u00f6kt\u00fck.<\/p>\n","protected":false},"excerpt":{"rendered":"<p>\u0130stanbul\u2019un belki de en karanl\u0131k zaman\u0131&#8230;B\u00fct\u00fcn \u0130stanbul tarihinin i\u00e7inde sadece 57 y\u0131l s\u00fcrmesine ra\u011fmen Bizans\u2019\u0131 fazlas\u0131yla etkilemi\u015f ve \u00e7\u00f6k\u00fc\u015f\u00fcne neden olmu\u015f bir s\u00fcre\u00e7&#8230;Ate\u015f, kan ve kin<span class=\"excerpt-hellip\"> [\u2026]<\/span><\/p>\n","protected":false},"featured_media":0,"template":"","meta":{"_monsterinsights_skip_tracking":false,"_monsterinsights_sitenote_active":false,"_monsterinsights_sitenote_note":"","_monsterinsights_sitenote_category":0},"product_brand":[],"product_cat":[12370,12304],"product_tag":[],"class_list":{"0":"post-725286","1":"product","2":"type-product","3":"status-publish","5":"product_cat-arastirma-inceleme","6":"product_cat-tarih","7":"pa_cilt-ciltsiz","8":"pa_tur-kitap","9":"pa_yayinevi-destek-yayinlari","10":"pa_yazar-erhan-altunay-selcuk-eracun","12":"first","13":"instock","14":"sale","15":"shipping-taxable","16":"purchasable","17":"product-type-simple"},"_links":{"self":[{"href":"https:\/\/roveyayinevi.com.tr\/index.php\/wp-json\/wp\/v2\/product\/725286","targetHints":{"allow":["GET"]}}],"collection":[{"href":"https:\/\/roveyayinevi.com.tr\/index.php\/wp-json\/wp\/v2\/product"}],"about":[{"href":"https:\/\/roveyayinevi.com.tr\/index.php\/wp-json\/wp\/v2\/types\/product"}],"wp:attachment":[{"href":"https:\/\/roveyayinevi.com.tr\/index.php\/wp-json\/wp\/v2\/media?parent=725286"}],"wp:term":[{"taxonomy":"product_brand","embeddable":true,"href":"https:\/\/roveyayinevi.com.tr\/index.php\/wp-json\/wp\/v2\/product_brand?post=725286"},{"taxonomy":"product_cat","embeddable":true,"href":"https:\/\/roveyayinevi.com.tr\/index.php\/wp-json\/wp\/v2\/product_cat?post=725286"},{"taxonomy":"product_tag","embeddable":true,"href":"https:\/\/roveyayinevi.com.tr\/index.php\/wp-json\/wp\/v2\/product_tag?post=725286"}],"curies":[{"name":"wp","href":"https:\/\/api.w.org\/{rel}","templated":true}]}}