{"id":725282,"date":"2025-08-27T19:47:56","date_gmt":"2025-08-27T16:47:56","guid":{"rendered":"https:\/\/roveyayinevi.com.tr\/index.php\/urun\/corona-ve-virus-savaslari\/"},"modified":"2026-04-16T02:32:55","modified_gmt":"2026-04-15T23:32:55","slug":"corona-ve-virus-savaslari","status":"publish","type":"product","link":"https:\/\/roveyayinevi.com.tr\/index.php\/urun\/corona-ve-virus-savaslari\/","title":{"rendered":"Corona ve Vir\u00fcs Sava\u015flar\u0131"},"content":{"rendered":"<p>D\u00fcnya, tarihin ak\u0131\u015f\u0131n\u0131 \u015fekillendirecek yeni bir d\u00f6neme girdi. T\u00fcm d\u00fcnyan\u0131n g\u00fcndeminde olan ve binlerce ki\u015finin \u00f6l\u00fcm\u00fcne neden Corona Vir\u00fcs\u00fc, ak\u0131llara ayn\u0131 sorular\u0131 getirdi: Peki ya o vir\u00fcsler insanlar\u0131 \u00f6ld\u00fcrmek i\u00e7in tasarlanan biyolojik bir silah ise?D\u00fcnyay\u0131 y\u00f6neten gizli \u00f6rg\u00fctler, tarikatlar ve bir\u00e7ok yap\u0131lanma hakk\u0131nda \u00e7al\u0131\u015fmalar y\u00fcr\u00fctm\u00fc\u015f olan YazarK\u00fcr\u015fad Berkkan, bu kez bir\u00e7ok ki\u015finin sormaya \u00e7ekindi\u011fi sorular\u0131n yan\u0131tlar\u0131n\u0131 ortaya \u00e7\u0131kar\u0131yor.Corona Vir\u00fcs\u00fc nas\u0131l ortaya \u00e7\u0131kt\u0131?Vir\u00fcs sava\u015flar\u0131 ba\u015flad\u0131 m\u0131?D\u00fcnyada vir\u00fcs sava\u015flar\u0131n\u0131n boyutlar\u0131 nelerdir?Vir\u00fcs sava\u015flar\u0131n\u0131n tarihi nas\u0131l seyretmi\u015ftir?\u00dclkelerin biyolojik sava\u015f programlar\u0131nda neler var?Domuz Gribi, ku\u015f Gribi, Sars Vir\u00fcs\u00fc gibi olaylar\u0131n perde arkas\u0131nda kimler var?A\u015f\u0131 ve ila\u00e7 sekt\u00f6rleri hangi baronlar\u0131n ellerinde?Corona Vir\u00fcs\u00fc ve vir\u00fcs sava\u015flar\u0131na y\u00f6nelik daha bir\u00e7ok sorunun yan\u0131t\u0131 bu kitapta.<\/p>\n","protected":false},"excerpt":{"rendered":"<p>D\u00fcnya, tarihin ak\u0131\u015f\u0131n\u0131 \u015fekillendirecek yeni bir d\u00f6neme girdi. T\u00fcm d\u00fcnyan\u0131n g\u00fcndeminde olan ve binlerce ki\u015finin \u00f6l\u00fcm\u00fcne neden Corona Vir\u00fcs\u00fc, ak\u0131llara ayn\u0131 sorular\u0131 getirdi: Peki ya o<span class=\"excerpt-hellip\"> [\u2026]<\/span><\/p>\n","protected":false},"featured_media":0,"template":"","meta":{"_monsterinsights_skip_tracking":false,"_monsterinsights_sitenote_active":false,"_monsterinsights_sitenote_note":"","_monsterinsights_sitenote_category":0},"product_brand":[],"product_cat":[12370,12304],"product_tag":[],"class_list":{"0":"post-725282","1":"product","2":"type-product","3":"status-publish","5":"product_cat-arastirma-inceleme","6":"product_cat-tarih","7":"pa_cilt-ciltsiz","8":"pa_tur-kitap","9":"pa_yayinevi-eftalya-kitap","10":"pa_yazar-kursad-berkkan","12":"first","13":"instock","14":"sale","15":"shipping-taxable","16":"purchasable","17":"product-type-simple"},"_links":{"self":[{"href":"https:\/\/roveyayinevi.com.tr\/index.php\/wp-json\/wp\/v2\/product\/725282","targetHints":{"allow":["GET"]}}],"collection":[{"href":"https:\/\/roveyayinevi.com.tr\/index.php\/wp-json\/wp\/v2\/product"}],"about":[{"href":"https:\/\/roveyayinevi.com.tr\/index.php\/wp-json\/wp\/v2\/types\/product"}],"wp:attachment":[{"href":"https:\/\/roveyayinevi.com.tr\/index.php\/wp-json\/wp\/v2\/media?parent=725282"}],"wp:term":[{"taxonomy":"product_brand","embeddable":true,"href":"https:\/\/roveyayinevi.com.tr\/index.php\/wp-json\/wp\/v2\/product_brand?post=725282"},{"taxonomy":"product_cat","embeddable":true,"href":"https:\/\/roveyayinevi.com.tr\/index.php\/wp-json\/wp\/v2\/product_cat?post=725282"},{"taxonomy":"product_tag","embeddable":true,"href":"https:\/\/roveyayinevi.com.tr\/index.php\/wp-json\/wp\/v2\/product_tag?post=725282"}],"curies":[{"name":"wp","href":"https:\/\/api.w.org\/{rel}","templated":true}]}}