{"id":725280,"date":"2025-08-27T19:47:55","date_gmt":"2025-08-27T16:47:55","guid":{"rendered":"https:\/\/roveyayinevi.com.tr\/index.php\/urun\/sovyetlere-muhalefet\/"},"modified":"2026-04-16T02:32:55","modified_gmt":"2026-04-15T23:32:55","slug":"sovyetlere-muhalefet","status":"publish","type":"product","link":"https:\/\/roveyayinevi.com.tr\/index.php\/urun\/sovyetlere-muhalefet\/","title":{"rendered":"Sovyetlere Muhalefet"},"content":{"rendered":"<p>19. Y\u00fczy\u0131ldan 20. Y\u00fczy\u0131la uzanan s\u00fcre\u00e7te T\u00fcrk fikir hayat\u0131na, g\u00fcn\u00fcm\u00fczdeki T\u00fcrk Cumhuriyetleri ve K\u0131r\u0131m co\u011frafyas\u0131nda yeti\u015fen isimlerin sa\u011flad\u0131\u011f\u0131 katk\u0131lar \u00fczerine bir\u00e7ok \u00e7al\u0131\u015fma ve de\u011ferlendirme yap\u0131lm\u0131\u015ft\u0131r. Bu \u00e7al\u0131\u015fmalar genellikle T\u00fcrk milliyet\u00e7ili\u011finin k\u00f6keni ile T\u00fcrk milliyet\u00e7ili\u011finin sistemle\u015fmesi s\u00fcrecini mercek alt\u0131na almaktad\u0131r. Burak Atmaca, bu \u00e7al\u0131\u015fmas\u0131nda \u00c7arl\u0131k Rusya\u2019s\u0131n\u0131n y\u0131k\u0131l\u0131p Sovyet Devrimi\u2019nin ger\u00e7ekle\u015fmesi esnas\u0131nda T\u00fcrkiye\u2019ye iltica eden T\u00fcrk muhaceretinin fikri m\u00fccadelesini ele almaktad\u0131r. Bu m\u00fccadelenin alan\u0131 muhaceretin 1923-1934 y\u0131llar\u0131 aras\u0131 T\u00fcrkiye\u2019de yay\u0131nlad\u0131klar\u0131 dergilerdir. Atmaca, bu yay\u0131n faaliyetleri \u00fczerinden T\u00fcrk fikir tarihimizin bir d\u00f6nemine \u0131\u015f\u0131k tutmaktad\u0131r. \u0130nceledi\u011fi dergiler aras\u0131nda \u2018Yeni Kafkasya\u2019, \u2018Azer\u00ee T\u00fcrk\u2019, \u2018Ye\u015fil Yaprak\u2019, \u2018Odlu Yurt\u2019, \u2018Bildiri\u015f\u2019, \u2018Azerbaycan Yurt Bilgisi\u2019, \u2018K\u0131r\u0131m Mecmuas\u0131\u2019 ve \u2018Yeni T\u00fcrkistan\u2019 bulunmaktad\u0131r. Atmaca s\u0131ras\u0131yla T\u00fcrkiye\u2019ye iltica eden fikir adamlar\u0131n\u0131n Bol\u015fevik devrimine olan yakla\u015f\u0131mlar\u0131n\u0131, T\u00fcrk devrimine y\u00f6nelttikleri yorumlar\u0131 incelemektedir. Muhaceretin Harf \u0130nk\u0131lab\u0131 ve Pant\u00fcrkizm &#8211; Panturanizm tart\u0131\u015fmalar\u0131na bak\u0131\u015f a\u00e7\u0131lar\u0131n\u0131 sermesi bak\u0131m\u0131ndan ayr\u0131cal\u0131kl\u0131d\u0131r. Titizlikle haz\u0131rlanan bu \u00e7al\u0131\u015fma T\u00fcrk d\u00fc\u015f\u00fcnce tarihi ve T\u00fcrk devrim tarihi literat\u00fcr\u00fcne katk\u0131 sa\u011flayacakt\u0131r. Eserde, olumsuz tiplerin bu \u00fc\u00e7 anlat\u0131 t\u00fcr\u00fcndeki ser\u00fcvenini inceleyerek k\u00f6t\u00fcl\u00fc\u011f\u00fcn de\u011fi\u015fen-de\u011fi\u015fmeyen y\u00f6nlerini ustaca sunuyor. <\/p>\n","protected":false},"excerpt":{"rendered":"<p>19. Y\u00fczy\u0131ldan 20. Y\u00fczy\u0131la uzanan s\u00fcre\u00e7te T\u00fcrk fikir hayat\u0131na, g\u00fcn\u00fcm\u00fczdeki T\u00fcrk Cumhuriyetleri ve K\u0131r\u0131m co\u011frafyas\u0131nda yeti\u015fen isimlerin sa\u011flad\u0131\u011f\u0131 katk\u0131lar \u00fczerine bir\u00e7ok \u00e7al\u0131\u015fma ve de\u011ferlendirme yap\u0131lm\u0131\u015ft\u0131r. Bu<span class=\"excerpt-hellip\"> [\u2026]<\/span><\/p>\n","protected":false},"featured_media":0,"template":"","meta":{"_monsterinsights_skip_tracking":false,"_monsterinsights_sitenote_active":false,"_monsterinsights_sitenote_note":"","_monsterinsights_sitenote_category":0},"product_brand":[],"product_cat":[12337,14543],"product_tag":[],"class_list":{"0":"post-725280","1":"product","2":"type-product","3":"status-publish","5":"product_cat-politika-siyaset","6":"product_cat-turkiye-siyaseti-ve-politikasi","7":"pa_cilt-ciltsiz","8":"pa_tur-kitap","9":"pa_yayinevi-karakum-yayinevi","10":"pa_yazar-e-burak-atmaca","12":"first","13":"instock","14":"sale","15":"shipping-taxable","16":"purchasable","17":"product-type-simple"},"_links":{"self":[{"href":"https:\/\/roveyayinevi.com.tr\/index.php\/wp-json\/wp\/v2\/product\/725280","targetHints":{"allow":["GET"]}}],"collection":[{"href":"https:\/\/roveyayinevi.com.tr\/index.php\/wp-json\/wp\/v2\/product"}],"about":[{"href":"https:\/\/roveyayinevi.com.tr\/index.php\/wp-json\/wp\/v2\/types\/product"}],"wp:attachment":[{"href":"https:\/\/roveyayinevi.com.tr\/index.php\/wp-json\/wp\/v2\/media?parent=725280"}],"wp:term":[{"taxonomy":"product_brand","embeddable":true,"href":"https:\/\/roveyayinevi.com.tr\/index.php\/wp-json\/wp\/v2\/product_brand?post=725280"},{"taxonomy":"product_cat","embeddable":true,"href":"https:\/\/roveyayinevi.com.tr\/index.php\/wp-json\/wp\/v2\/product_cat?post=725280"},{"taxonomy":"product_tag","embeddable":true,"href":"https:\/\/roveyayinevi.com.tr\/index.php\/wp-json\/wp\/v2\/product_tag?post=725280"}],"curies":[{"name":"wp","href":"https:\/\/api.w.org\/{rel}","templated":true}]}}