{"id":725278,"date":"2025-08-27T19:47:53","date_gmt":"2025-08-27T16:47:53","guid":{"rendered":"https:\/\/roveyayinevi.com.tr\/index.php\/urun\/hurra\/"},"modified":"2026-04-16T02:32:55","modified_gmt":"2026-04-15T23:32:55","slug":"hurra","status":"publish","type":"product","link":"https:\/\/roveyayinevi.com.tr\/index.php\/urun\/hurra\/","title":{"rendered":"Hurra"},"content":{"rendered":"<p>Korku edebiyat\u0131n\u0131n gen\u00e7 yazar aday\u0131 S\u00fcleyman Mert bizleri gizemli bir d\u00fcnyan\u0131n derinliklerine davet ediyor. Yata\u011f\u0131m\u0131n ayakl\u0131k taraf\u0131nda bir el g\u00f6rd\u00fcm. Evet, bu bir eldi. Yava\u015f yava\u015f yukar\u0131 do\u011fru \u00e7\u0131k\u0131yordu. T\u00fcylerim diken diken olmu\u015ftu. El, yorgan\u0131m\u0131 tutup \u00e7ekerek kap\u0131ya do\u011fru f\u0131rlatt\u0131. G\u00f6zlerime inanam\u0131yordum. El yata\u011f\u0131m\u0131n \u00fcst\u00fcndeydi. Dikkatle bakt\u0131\u011f\u0131mda o elin sahibi olan kafay\u0131 g\u00f6rmeye ba\u015flad\u0131m. Yava\u015f yava\u015f kalk\u0131yordu kafa. Tam kalkt\u0131\u011f\u0131nda siyah sa\u00e7l\u0131, g\u00f6z\u00fcn\u00fcn beyaz olmas\u0131 gereken yeri k\u00f6m\u00fcr karas\u0131, g\u00f6zlerinin alt\u0131 sanki on y\u0131ld\u0131r uyumayan bir insan\u0131n g\u00f6z torbalar\u0131 gibi kabarm\u0131\u015f, a\u011fz\u0131nda kanlar olan uzun beyaz k\u0131yafetli bir varl\u0131k a\u011f\u0131r a\u011f\u0131r yata\u011f\u0131m\u0131n \u00fcst\u00fcne \u00e7\u0131kt\u0131. Ba\u011f\u0131rmak istiyordum ama ba\u011f\u0131ram\u0131yordum. Ne yapaca\u011f\u0131m\u0131 bilemeden yataktan kendimi yere att\u0131m. O varl\u0131k yata\u011f\u0131mdayken k\u00f6pek pozisyonu al\u0131p bir anda \u00fcst\u00fcme atlad\u0131. \u00c7\u0131\u011fl\u0131\u011f\u0131 bast\u0131m. Ses tellerime garezim varm\u0131\u015f\u00e7as\u0131na ba\u011f\u0131r\u0131yordum. Nefes almay\u0131 bile b\u0131rakm\u0131\u015ft\u0131m.<\/p>\n","protected":false},"excerpt":{"rendered":"<p>Korku edebiyat\u0131n\u0131n gen\u00e7 yazar aday\u0131 S\u00fcleyman Mert bizleri gizemli bir d\u00fcnyan\u0131n derinliklerine davet ediyor. Yata\u011f\u0131m\u0131n ayakl\u0131k taraf\u0131nda bir el g\u00f6rd\u00fcm. Evet, bu bir eldi. Yava\u015f yava\u015f<span class=\"excerpt-hellip\"> [\u2026]<\/span><\/p>\n","protected":false},"featured_media":0,"template":"","meta":{"_monsterinsights_skip_tracking":false,"_monsterinsights_sitenote_active":false,"_monsterinsights_sitenote_note":"","_monsterinsights_sitenote_category":0},"product_brand":[],"product_cat":[12291,17033],"product_tag":[],"class_list":{"0":"post-725278","1":"product","2":"type-product","3":"status-publish","5":"product_cat-edebiyat","6":"product_cat-korku-gerilim","7":"pa_cilt-ciltsiz","8":"pa_tur-kitap","9":"pa_yayinevi-luna-yayinlari","10":"pa_yazar-suleyman-mert","12":"first","13":"instock","14":"sale","15":"shipping-taxable","16":"purchasable","17":"product-type-simple"},"_links":{"self":[{"href":"https:\/\/roveyayinevi.com.tr\/index.php\/wp-json\/wp\/v2\/product\/725278","targetHints":{"allow":["GET"]}}],"collection":[{"href":"https:\/\/roveyayinevi.com.tr\/index.php\/wp-json\/wp\/v2\/product"}],"about":[{"href":"https:\/\/roveyayinevi.com.tr\/index.php\/wp-json\/wp\/v2\/types\/product"}],"wp:attachment":[{"href":"https:\/\/roveyayinevi.com.tr\/index.php\/wp-json\/wp\/v2\/media?parent=725278"}],"wp:term":[{"taxonomy":"product_brand","embeddable":true,"href":"https:\/\/roveyayinevi.com.tr\/index.php\/wp-json\/wp\/v2\/product_brand?post=725278"},{"taxonomy":"product_cat","embeddable":true,"href":"https:\/\/roveyayinevi.com.tr\/index.php\/wp-json\/wp\/v2\/product_cat?post=725278"},{"taxonomy":"product_tag","embeddable":true,"href":"https:\/\/roveyayinevi.com.tr\/index.php\/wp-json\/wp\/v2\/product_tag?post=725278"}],"curies":[{"name":"wp","href":"https:\/\/api.w.org\/{rel}","templated":true}]}}