{"id":725277,"date":"2025-08-27T19:47:53","date_gmt":"2025-08-27T16:47:53","guid":{"rendered":"https:\/\/roveyayinevi.com.tr\/index.php\/urun\/yilmaz-buyukersen-zamani-durduran-saat\/"},"modified":"2026-04-16T02:32:55","modified_gmt":"2026-04-15T23:32:55","slug":"yilmaz-buyukersen-zamani-durduran-saat","status":"publish","type":"product","link":"https:\/\/roveyayinevi.com.tr\/index.php\/urun\/yilmaz-buyukersen-zamani-durduran-saat\/","title":{"rendered":"Y\u0131lmaz B\u00fcy\u00fcker\u015fen Zaman\u0131 Durduran Saat"},"content":{"rendered":"<p>&#8220;Siyah Ku\u011fu adl\u0131 kitab\u0131nda N. N. Taleb, Poincar\u00e9 foto\u011fraf\u0131n\u0131n alt\u0131na, \u2018Nas\u0131l yapt\u0131larsa, bu t\u00fcr d\u00fc\u015f\u00fcn\u00fcrlerin imalat\u0131n\u0131 durdurdular\u2019 diye yazm\u0131\u015ft\u0131, hay\u0131fland\u0131\u011f\u0131 apa\u00e7\u0131k belli olacak \u015fekilde. T\u00fcrkiye\u2019de benzer bir resimalt\u0131n\u0131, belki ufak bir r\u00f6tu\u015fla, hak eden nadir insanlardan biri herhalde Y\u0131lmaz B\u00fcy\u00fcker\u015fen\u2019dir. Nas\u0131l yapt\u0131larsa, T\u00fcrkiye\u2019de B\u00fcy\u00fcker\u015fen t\u00fcr\u00fcnden eylem adamlar\u0131n\u0131n imalat\u0131n\u0131 durdurdular. Bu kitap, k\u00fc\u00e7\u00fcc\u00fck bir bozk\u0131r \u015fehrinde, \u015fehrin \u00f6l\u00e7\u00fcleriyle orant\u0131s\u0131z hayaller biriktirerek b\u00fcy\u00fcyen, sonra da o devasa hayalleri birer birer hayata ge\u00e7iren y\u0131lmaz bir adam\u0131n, kendi a\u011fz\u0131ndan hikayesidir. Bu hikayeyi okurken, imalat\u0131 \u00e7oktan durdurulmu\u015f insanlardan birinin nas\u0131l b\u00fcy\u00fcd\u00fc\u011f\u00fcne ad\u0131m ad\u0131m tan\u0131kl\u0131k edeceksiniz. Bozk\u0131r\u0131n ortas\u0131nda \u00f6nce imrenilecek bir \u00fcniversitenin, dev bir a\u00e7\u0131k\u00f6\u011fretim sisteminin yarat\u0131lmas\u0131na, T\u00fcrkiye\u2019de \u2018yap\u0131lamaz\u2019 denilen i\u015flere soyunma maceralar\u0131na, sonra da imrenilen bir \u015fehrin in\u015fas\u0131n\u0131 sa\u011flayan hayal g\u00fcc\u00fcne, kararl\u0131l\u0131\u011fa, g\u00f6z\u00fc karal\u0131\u011fa \u015fahit olmakla kalmayacak, ayn\u0131 zamanda yak\u0131n tarihin pek bilinmeyen bir\u00e7ok olay\u0131n\u0131 da \u00f6\u011freneceksiniz.&#8221;<\/p>\n","protected":false},"excerpt":{"rendered":"<p>&#8220;Siyah Ku\u011fu adl\u0131 kitab\u0131nda N. N. Taleb, Poincar\u00e9 foto\u011fraf\u0131n\u0131n alt\u0131na, \u2018Nas\u0131l yapt\u0131larsa, bu t\u00fcr d\u00fc\u015f\u00fcn\u00fcrlerin imalat\u0131n\u0131 durdurdular\u2019 diye yazm\u0131\u015ft\u0131, hay\u0131fland\u0131\u011f\u0131 apa\u00e7\u0131k belli olacak \u015fekilde. T\u00fcrkiye\u2019de benzer<span class=\"excerpt-hellip\"> [\u2026]<\/span><\/p>\n","protected":false},"featured_media":0,"template":"","meta":{"_monsterinsights_skip_tracking":false,"_monsterinsights_sitenote_active":false,"_monsterinsights_sitenote_note":"","_monsterinsights_sitenote_category":0},"product_brand":[],"product_cat":[12364,12826],"product_tag":[],"class_list":{"0":"post-725277","1":"product","2":"type-product","3":"status-publish","5":"product_cat-genel-konular","6":"product_cat-soylesi","7":"pa_cilt-ciltsiz","8":"pa_tur-kitap","9":"pa_yayinevi-dogan-kitap","10":"pa_yazar-cemalettin-n-tasci","12":"first","13":"instock","14":"sale","15":"shipping-taxable","16":"purchasable","17":"product-type-simple"},"_links":{"self":[{"href":"https:\/\/roveyayinevi.com.tr\/index.php\/wp-json\/wp\/v2\/product\/725277","targetHints":{"allow":["GET"]}}],"collection":[{"href":"https:\/\/roveyayinevi.com.tr\/index.php\/wp-json\/wp\/v2\/product"}],"about":[{"href":"https:\/\/roveyayinevi.com.tr\/index.php\/wp-json\/wp\/v2\/types\/product"}],"wp:attachment":[{"href":"https:\/\/roveyayinevi.com.tr\/index.php\/wp-json\/wp\/v2\/media?parent=725277"}],"wp:term":[{"taxonomy":"product_brand","embeddable":true,"href":"https:\/\/roveyayinevi.com.tr\/index.php\/wp-json\/wp\/v2\/product_brand?post=725277"},{"taxonomy":"product_cat","embeddable":true,"href":"https:\/\/roveyayinevi.com.tr\/index.php\/wp-json\/wp\/v2\/product_cat?post=725277"},{"taxonomy":"product_tag","embeddable":true,"href":"https:\/\/roveyayinevi.com.tr\/index.php\/wp-json\/wp\/v2\/product_tag?post=725277"}],"curies":[{"name":"wp","href":"https:\/\/api.w.org\/{rel}","templated":true}]}}