{"id":725276,"date":"2025-08-27T19:47:52","date_gmt":"2025-08-27T16:47:52","guid":{"rendered":"https:\/\/roveyayinevi.com.tr\/index.php\/urun\/kasabam-ayrilik\/"},"modified":"2026-04-16T02:32:55","modified_gmt":"2026-04-15T23:32:55","slug":"kasabam-ayrilik","status":"publish","type":"product","link":"https:\/\/roveyayinevi.com.tr\/index.php\/urun\/kasabam-ayrilik\/","title":{"rendered":"Kasabam Ayr\u0131l\u0131k"},"content":{"rendered":"<p>Ve \u015fimdi, diyor Sad\u0131k Hidayet ve \u015fimdi yazmaya karar vermi\u015fsem, bunun tek nedeni, kendimi g\u00f6lgeme tan\u0131tmak iste\u011fidir. Nas\u0131l bir a\u011flamad\u0131r bu? Akmak bilmeyen bir g\u00f6zya\u015f\u0131nda varl\u0131k gemisini y\u00fczd\u00fcrmek iste\u011finin son \u00e7\u0131rp\u0131n\u0131\u015flar\u0131 sanki: Kurak bir \u00e7\u00f6lde, G\u00fcne\u015f\u2019e hayk\u0131r\u0131p -kendi susuzlu\u011funa de\u011fil de- k\u0131zg\u0131n kumlarda yan\u0131p k\u00fcl oldu\u011funu g\u00f6rd\u00fc\u011f\u00fc g\u00f6lgesine ac\u0131 duymakta; son nefesinde ona kendisini son kez g\u00f6sterebilme arzusunu kalemiyle avaz avaz ba\u011f\u0131rmaktad\u0131r. Kasabam Ayr\u0131l\u0131k i\u015fte b\u00f6yle bir kitapt\u0131r.<\/p>\n","protected":false},"excerpt":{"rendered":"<p>Ve \u015fimdi, diyor Sad\u0131k Hidayet ve \u015fimdi yazmaya karar vermi\u015fsem, bunun tek nedeni, kendimi g\u00f6lgeme tan\u0131tmak iste\u011fidir. Nas\u0131l bir a\u011flamad\u0131r bu? Akmak bilmeyen bir g\u00f6zya\u015f\u0131nda varl\u0131k<span class=\"excerpt-hellip\"> [\u2026]<\/span><\/p>\n","protected":false},"featured_media":0,"template":"","meta":{"_monsterinsights_skip_tracking":false,"_monsterinsights_sitenote_active":false,"_monsterinsights_sitenote_note":"","_monsterinsights_sitenote_category":0},"product_brand":[],"product_cat":[12291,12711],"product_tag":[],"class_list":{"0":"post-725276","1":"product","2":"type-product","3":"status-publish","5":"product_cat-edebiyat","6":"product_cat-roman-oyku","7":"pa_cilt-ciltsiz","8":"pa_tur-kitap","9":"pa_yayinevi-luna-yayinlari","10":"pa_yazar-mustafa-kemal-basol","12":"first","13":"instock","14":"sale","15":"shipping-taxable","16":"purchasable","17":"product-type-simple"},"_links":{"self":[{"href":"https:\/\/roveyayinevi.com.tr\/index.php\/wp-json\/wp\/v2\/product\/725276","targetHints":{"allow":["GET"]}}],"collection":[{"href":"https:\/\/roveyayinevi.com.tr\/index.php\/wp-json\/wp\/v2\/product"}],"about":[{"href":"https:\/\/roveyayinevi.com.tr\/index.php\/wp-json\/wp\/v2\/types\/product"}],"wp:attachment":[{"href":"https:\/\/roveyayinevi.com.tr\/index.php\/wp-json\/wp\/v2\/media?parent=725276"}],"wp:term":[{"taxonomy":"product_brand","embeddable":true,"href":"https:\/\/roveyayinevi.com.tr\/index.php\/wp-json\/wp\/v2\/product_brand?post=725276"},{"taxonomy":"product_cat","embeddable":true,"href":"https:\/\/roveyayinevi.com.tr\/index.php\/wp-json\/wp\/v2\/product_cat?post=725276"},{"taxonomy":"product_tag","embeddable":true,"href":"https:\/\/roveyayinevi.com.tr\/index.php\/wp-json\/wp\/v2\/product_tag?post=725276"}],"curies":[{"name":"wp","href":"https:\/\/api.w.org\/{rel}","templated":true}]}}