{"id":725275,"date":"2025-08-27T19:47:51","date_gmt":"2025-08-27T16:47:51","guid":{"rendered":"https:\/\/roveyayinevi.com.tr\/index.php\/urun\/gercege-sevgi\/"},"modified":"2026-04-16T02:32:55","modified_gmt":"2026-04-15T23:32:55","slug":"gercege-sevgi","status":"publish","type":"product","link":"https:\/\/roveyayinevi.com.tr\/index.php\/urun\/gercege-sevgi\/","title":{"rendered":"Ger\u00e7e\u011fe Sevgi"},"content":{"rendered":"<p>Siyasetten felsefeye pek \u00e7ok konuda g\u00f6r\u00fc\u015flerini dile getiren Hasan Y\u0131lmaz, hepimizi derinlikli d\u00fc\u015f\u00fcn\u00fcp bir konuda yarg\u0131 sahibi olmadan ger\u00e7e\u011fi ara\u015ft\u0131rmaya \u00e7a\u011f\u0131r\u0131yor. Ve kendi bilgi deryas\u0131nda biriktirdiklerini bizlerle payla\u015f\u0131yor. \u201cBilgisiz bir insan hi\u00e7bir \u015feyi anlayamaz. Bug\u00fcnk\u00fc d\u00fcnyada nefret s\u00f6ylemlerinin, ho\u015fg\u00f6r\u00fcs\u00fczl\u00fc\u011f\u00fcn ve \u00e7at\u0131\u015fmalar\u0131n alt\u0131nda anlay\u0131\u015fs\u0131zl\u0131\u011f\u0131n ve bilgisizli\u011fin oldu\u011funu rahatl\u0131kla s\u00f6yleyebiliriz. Her \u015feyden ve birbirimizden nefret ediyoruz \u00e7\u00fcnk\u00fc hi\u00e7bir \u015fey anlam\u0131yoruz; aptallar gibi birbirimize ve hayata kar\u015f\u0131 \u00f6fkeli olmam\u0131z\u0131n alt\u0131nda bu bilgisizlik yat\u0131yor. H\u00e2lbuki Russell\u2019\u0131n dedi\u011fi gibi \u201cSevgi bilgeliktir, nefret aptall\u0131kt\u0131r.\u201d Bilgi anlay\u0131\u015f, ho\u015fg\u00f6r\u00fc, iyilik, sevgi ve dinginlik; cehalet ise nefret, \u00e7at\u0131\u015fma, ho\u015fg\u00f6r\u00fcs\u00fczl\u00fck, k\u00f6t\u00fcl\u00fck ve huzursuzluk getirir.\u201d<\/p>\n","protected":false},"excerpt":{"rendered":"<p>Siyasetten felsefeye pek \u00e7ok konuda g\u00f6r\u00fc\u015flerini dile getiren Hasan Y\u0131lmaz, hepimizi derinlikli d\u00fc\u015f\u00fcn\u00fcp bir konuda yarg\u0131 sahibi olmadan ger\u00e7e\u011fi ara\u015ft\u0131rmaya \u00e7a\u011f\u0131r\u0131yor. Ve kendi bilgi deryas\u0131nda biriktirdiklerini<span class=\"excerpt-hellip\"> [\u2026]<\/span><\/p>\n","protected":false},"featured_media":0,"template":"","meta":{"_monsterinsights_skip_tracking":false,"_monsterinsights_sitenote_active":false,"_monsterinsights_sitenote_note":"","_monsterinsights_sitenote_category":0},"product_brand":[],"product_cat":[12777,12291],"product_tag":[],"class_list":{"0":"post-725275","1":"product","2":"type-product","3":"status-publish","5":"product_cat-deneme","6":"product_cat-edebiyat","7":"pa_cilt-ciltsiz","8":"pa_tur-kitap","9":"pa_yayinevi-luna-yayinlari","10":"pa_yazar-hasan-yilmaz","12":"first","13":"instock","14":"sale","15":"shipping-taxable","16":"purchasable","17":"product-type-simple"},"_links":{"self":[{"href":"https:\/\/roveyayinevi.com.tr\/index.php\/wp-json\/wp\/v2\/product\/725275","targetHints":{"allow":["GET"]}}],"collection":[{"href":"https:\/\/roveyayinevi.com.tr\/index.php\/wp-json\/wp\/v2\/product"}],"about":[{"href":"https:\/\/roveyayinevi.com.tr\/index.php\/wp-json\/wp\/v2\/types\/product"}],"wp:attachment":[{"href":"https:\/\/roveyayinevi.com.tr\/index.php\/wp-json\/wp\/v2\/media?parent=725275"}],"wp:term":[{"taxonomy":"product_brand","embeddable":true,"href":"https:\/\/roveyayinevi.com.tr\/index.php\/wp-json\/wp\/v2\/product_brand?post=725275"},{"taxonomy":"product_cat","embeddable":true,"href":"https:\/\/roveyayinevi.com.tr\/index.php\/wp-json\/wp\/v2\/product_cat?post=725275"},{"taxonomy":"product_tag","embeddable":true,"href":"https:\/\/roveyayinevi.com.tr\/index.php\/wp-json\/wp\/v2\/product_tag?post=725275"}],"curies":[{"name":"wp","href":"https:\/\/api.w.org\/{rel}","templated":true}]}}