{"id":725269,"date":"2025-08-27T19:47:46","date_gmt":"2025-08-27T16:47:46","guid":{"rendered":"https:\/\/roveyayinevi.com.tr\/index.php\/urun\/adalar\/"},"modified":"2026-04-16T02:32:55","modified_gmt":"2026-04-15T23:32:55","slug":"adalar","status":"publish","type":"product","link":"https:\/\/roveyayinevi.com.tr\/index.php\/urun\/adalar\/","title":{"rendered":"Adalar"},"content":{"rendered":"<p>Ploton ve Aristo\u2019dan gelen d\u00fc\u015f\u00fcnce gelene\u011fine uygun olarak bat\u0131l\u0131 d\u00fc\u015f\u00fcn\u00fcrler gibi b\u00fcy\u00fck \u0130slam ve T\u00fcrk d\u00fc\u015f\u00fcn\u00fcrleri de insan toplumlar\u0131n\u0131 ve devletleri canl\u0131 varl\u0131klara benzeterek onlar\u0131n hayat\u0131n\u0131 da biyolojik k\u0131yaslamalarla izah etmek istemi\u015fler,imparatorluklar\u0131n ve devletlerinde canl\u0131k varl\u0131klar gibi do\u011fu\u015f,gen\u00e7lik,ergenlik ve ihtiyarl\u0131k ca\u011flar\u0131ndan ge\u00e7erek mutlaka \u00f6lmeye mahkum olduklar\u0131n\u0131 ileri s\u00fcrm\u00fc\u015flerdir. Osmanl\u0131 imparatorlu\u011fu\u2019nun tarihi kaderi bir benzetmeden ileri gitmese de bu biyolojik tabloya uygun g\u00f6r\u00fcnmektedir. Kurulu\u015fundan,itibaren \u00e7e\u015fitli devreler ge\u00e7irmi\u015f ve 1792\u2019den 1920\u2019ye kadar \u00e7\u00f6k\u00fc\u015f d\u00f6nemlerini kapsayan bir hayat \u00e7izgisi i\u015flemi\u015f sonunda k\u00fcllerinden Cumhuriyet do\u011fmu\u015ftur<\/p>\n","protected":false},"excerpt":{"rendered":"<p>Ploton ve Aristo\u2019dan gelen d\u00fc\u015f\u00fcnce gelene\u011fine uygun olarak bat\u0131l\u0131 d\u00fc\u015f\u00fcn\u00fcrler gibi b\u00fcy\u00fck \u0130slam ve T\u00fcrk d\u00fc\u015f\u00fcn\u00fcrleri de insan toplumlar\u0131n\u0131 ve devletleri canl\u0131 varl\u0131klara benzeterek onlar\u0131n hayat\u0131n\u0131<span class=\"excerpt-hellip\"> [\u2026]<\/span><\/p>\n","protected":false},"featured_media":0,"template":"","meta":{"_monsterinsights_skip_tracking":false,"_monsterinsights_sitenote_active":false,"_monsterinsights_sitenote_note":"","_monsterinsights_sitenote_category":0},"product_brand":[],"product_cat":[12304,13650],"product_tag":[],"class_list":{"0":"post-725269","1":"product","2":"type-product","3":"status-publish","5":"product_cat-tarih","6":"product_cat-turk-tarihi-arastirmalari","7":"pa_cilt-ciltsiz","8":"pa_tur-kitap","9":"pa_yayinevi-nergiz-yayinlari","10":"pa_yazar-umran-mustafa-iscan","12":"first","13":"instock","14":"sale","15":"shipping-taxable","16":"purchasable","17":"product-type-simple"},"_links":{"self":[{"href":"https:\/\/roveyayinevi.com.tr\/index.php\/wp-json\/wp\/v2\/product\/725269","targetHints":{"allow":["GET"]}}],"collection":[{"href":"https:\/\/roveyayinevi.com.tr\/index.php\/wp-json\/wp\/v2\/product"}],"about":[{"href":"https:\/\/roveyayinevi.com.tr\/index.php\/wp-json\/wp\/v2\/types\/product"}],"wp:attachment":[{"href":"https:\/\/roveyayinevi.com.tr\/index.php\/wp-json\/wp\/v2\/media?parent=725269"}],"wp:term":[{"taxonomy":"product_brand","embeddable":true,"href":"https:\/\/roveyayinevi.com.tr\/index.php\/wp-json\/wp\/v2\/product_brand?post=725269"},{"taxonomy":"product_cat","embeddable":true,"href":"https:\/\/roveyayinevi.com.tr\/index.php\/wp-json\/wp\/v2\/product_cat?post=725269"},{"taxonomy":"product_tag","embeddable":true,"href":"https:\/\/roveyayinevi.com.tr\/index.php\/wp-json\/wp\/v2\/product_tag?post=725269"}],"curies":[{"name":"wp","href":"https:\/\/api.w.org\/{rel}","templated":true}]}}