{"id":725268,"date":"2025-08-27T19:47:45","date_gmt":"2025-08-27T16:47:45","guid":{"rendered":"https:\/\/roveyayinevi.com.tr\/index.php\/urun\/yetenek-avcisi-degerli-oykuler\/"},"modified":"2026-04-07T02:41:38","modified_gmt":"2026-04-06T23:41:38","slug":"yetenek-avcisi-degerli-oykuler","status":"publish","type":"product","link":"https:\/\/roveyayinevi.com.tr\/index.php\/urun\/yetenek-avcisi-degerli-oykuler\/","title":{"rendered":"Yetenek Avc\u0131s\u0131 &#8211; De\u011ferli \u00d6yk\u00fcler"},"content":{"rendered":"<p>Durdu\u011fu yerde duramayan Zeynep, hareketli oldu\u011fu kadar da merakl\u0131 bir \u00f6\u011frencidir. \u00d6\u011fretmeninin verdi\u011fi \u00f6dev yar\u0131y\u0131l tatili planlar\u0131n\u0131 alt\u00fcst eder. On be\u015f g\u00fcn i\u00e7erisinde yetene\u011fini ke\u015ffetmesi gerekmektedir. Ancak bu, sand\u0131\u011f\u0131 kadar kolay olmayacakt\u0131r.Her denemesinde daha ilgin\u00e7 bir h\u00e2l alan bu macerada hem yetene\u011fini ke\u015ffetmeli hem de onu yetenek canavar\u0131na kapt\u0131rmamak i\u00e7in m\u00fccadele etmelidir.<\/p>\n","protected":false},"excerpt":{"rendered":"<p>Durdu\u011fu yerde duramayan Zeynep, hareketli oldu\u011fu kadar da merakl\u0131 bir \u00f6\u011frencidir. \u00d6\u011fretmeninin verdi\u011fi \u00f6dev yar\u0131y\u0131l tatili planlar\u0131n\u0131 alt\u00fcst eder. On be\u015f g\u00fcn i\u00e7erisinde yetene\u011fini ke\u015ffetmesi gerekmektedir.<span class=\"excerpt-hellip\"> [\u2026]<\/span><\/p>\n","protected":false},"featured_media":0,"template":"","meta":{"_monsterinsights_skip_tracking":false,"_monsterinsights_sitenote_active":false,"_monsterinsights_sitenote_note":"","_monsterinsights_sitenote_category":0},"product_brand":[],"product_cat":[12567,12566],"product_tag":[],"class_list":{"0":"post-725268","1":"product","2":"type-product","3":"status-publish","5":"product_cat-diger-egitim","6":"product_cat-egitim","7":"pa_cilt-ciltsiz","8":"pa_tur-kitap","9":"pa_yayinevi-acayip-kitaplar","10":"pa_yazar-merve-meydan","12":"first","13":"instock","14":"sale","15":"shipping-taxable","16":"purchasable","17":"product-type-simple"},"_links":{"self":[{"href":"https:\/\/roveyayinevi.com.tr\/index.php\/wp-json\/wp\/v2\/product\/725268","targetHints":{"allow":["GET"]}}],"collection":[{"href":"https:\/\/roveyayinevi.com.tr\/index.php\/wp-json\/wp\/v2\/product"}],"about":[{"href":"https:\/\/roveyayinevi.com.tr\/index.php\/wp-json\/wp\/v2\/types\/product"}],"wp:attachment":[{"href":"https:\/\/roveyayinevi.com.tr\/index.php\/wp-json\/wp\/v2\/media?parent=725268"}],"wp:term":[{"taxonomy":"product_brand","embeddable":true,"href":"https:\/\/roveyayinevi.com.tr\/index.php\/wp-json\/wp\/v2\/product_brand?post=725268"},{"taxonomy":"product_cat","embeddable":true,"href":"https:\/\/roveyayinevi.com.tr\/index.php\/wp-json\/wp\/v2\/product_cat?post=725268"},{"taxonomy":"product_tag","embeddable":true,"href":"https:\/\/roveyayinevi.com.tr\/index.php\/wp-json\/wp\/v2\/product_tag?post=725268"}],"curies":[{"name":"wp","href":"https:\/\/api.w.org\/{rel}","templated":true}]}}