{"id":725264,"date":"2025-08-27T19:47:42","date_gmt":"2025-08-27T16:47:42","guid":{"rendered":"https:\/\/roveyayinevi.com.tr\/index.php\/urun\/turkiye-refah-rejiminde-kadin\/"},"modified":"2026-04-16T02:32:55","modified_gmt":"2026-04-15T23:32:55","slug":"turkiye-refah-rejiminde-kadin","status":"publish","type":"product","link":"https:\/\/roveyayinevi.com.tr\/index.php\/urun\/turkiye-refah-rejiminde-kadin\/","title":{"rendered":"T\u00fcrkiye Refah Rejiminde Kad\u0131n"},"content":{"rendered":"<p>Bu kitap, T\u00fcrkiye refah rejiminin kad\u0131n i\u015fg\u00fcc\u00fc arz\u0131 \u00fczerinde etkili oldu\u011fu ve kad\u0131nlar\u0131n geleneksel rollerini yeniden \u00fcretti\u011fi sav\u0131n\u0131 ileri s\u00fcrmektedir. \u00c7al\u0131\u015fman\u0131n hipotezleri; nicel ara\u015ft\u0131rma y\u00f6ntemi ile T\u00dc\u0130K\u2019in Hanehalk\u0131 \u0130\u015fg\u00fcc\u00fc Ara\u015ft\u0131rmas\u0131, Gelir ve Ya\u015fam Ko\u015fullar\u0131 Ara\u015ft\u0131rmas\u0131 ve Hanehalk\u0131 B\u00fct\u00e7e Ara\u015ft\u0131rmas\u0131 mikro veri setleri kullan\u0131larak analiz edilmi\u015ftir. \u00c7al\u0131\u015fma kapsam\u0131nda ele al\u0131nan refah rejimi g\u00f6stergeleri; T\u00fcrkiye\u2019de kad\u0131nlar\u0131n sosyal g\u00fcvenceli istihdama eri\u015fim d\u00fczeyleri ve sosyal g\u00fcvenlik uygulamalar\u0131n\u0131n kad\u0131n i\u015fg\u00fcc\u00fc arz\u0131 \u00fczerindeki etkileri olmak \u00fczere iki kategoride incelenmi\u015ftir. Sosyal g\u00fcvenceli istihdam; hem i\u015fg\u00fcc\u00fc piyasas\u0131nda nitelikli i\u015flerin temel g\u00f6stergesi olmas\u0131, hem de bireylere kendi \u00e7al\u0131\u015fmalar\u0131 \u00fczerinden sosyal g\u00fcvence sunmas\u0131 dolay\u0131s\u0131yla kad\u0131nlar\u0131n bir erke\u011fe ba\u011f\u0131ml\u0131 olmadan kendini ger\u00e7ekle\u015ftirme ve \u00f6zg\u00fcrle\u015fme ad\u0131mlar\u0131ndaki \u00f6nemli bir basama\u011f\u0131 olu\u015fturmaktad\u0131r. Sosyal g\u00fcvenceli istihdama eri\u015fim \u00fczerinde en b\u00fcy\u00fck etkiyi e\u011fitim d\u00fczeyi olu\u015fturuyorken, T\u00fcrkiye\u2019de y\u00fcksek e\u011fitimli kad\u0131nlar\u0131n \u00f6nemli bir k\u0131sm\u0131n\u0131n dahi i\u015fg\u00fcc\u00fcne d\u00e2hil ol(a)mamas\u0131, kad\u0131nlar\u0131 \u201cev kad\u0131n\u0131\u201d olarak konumland\u0131ran refah rejimi ile do\u011frudan ili\u015fkilidir. T\u00fcrkiye\u2019de sosyal g\u00fcvenlik sistemi uygulamalar\u0131ndan; \u201cc\u00f6mert\u201d dul-yetim ayl\u0131klar\u0131 ile ba\u011f\u0131ml\u0131 konumda sa\u011fl\u0131k sigortal\u0131s\u0131 olma uygulamas\u0131 kad\u0131nlar\u0131 i\u015fg\u00fcc\u00fc piyasas\u0131ndan uzakla\u015ft\u0131rma potansiyeline sahiptir. T\u00fcrkiye refah rejiminin in\u015fas\u0131nda, kad\u0131nlar\u0131n i\u015fg\u00fcc\u00fcne kat\u0131l\u0131m oran\u0131nda art\u0131\u015f trendinin ger\u00e7ekle\u015febilmesi i\u00e7in geleneksel toplumsal cinsiyet rollerini k\u0131racak g\u00fc\u00e7l\u00fc sosyal politikalara ihtiya\u00e7 duyulmaktad\u0131r.<\/p>\n","protected":false},"excerpt":{"rendered":"<p>Bu kitap, T\u00fcrkiye refah rejiminin kad\u0131n i\u015fg\u00fcc\u00fc arz\u0131 \u00fczerinde etkili oldu\u011fu ve kad\u0131nlar\u0131n geleneksel rollerini yeniden \u00fcretti\u011fi sav\u0131n\u0131 ileri s\u00fcrmektedir. \u00c7al\u0131\u015fman\u0131n hipotezleri; nicel ara\u015ft\u0131rma y\u00f6ntemi ile<span class=\"excerpt-hellip\"> [\u2026]<\/span><\/p>\n","protected":false},"featured_media":0,"template":"","meta":{"_monsterinsights_skip_tracking":false,"_monsterinsights_sitenote_active":false,"_monsterinsights_sitenote_note":"","_monsterinsights_sitenote_category":0},"product_brand":[],"product_cat":[14741,13488],"product_tag":[],"class_list":{"0":"post-725264","1":"product","2":"type-product","3":"status-publish","5":"product_cat-kadin-sorunlari-feminizm","6":"product_cat-toplum-ve-insan","7":"pa_cilt-ciltsiz","8":"pa_tur-kitap","9":"pa_yayinevi-siyasal-kitabevi","10":"pa_yazar-nursel-durmaz-bodur","12":"first","13":"instock","14":"sale","15":"shipping-taxable","16":"purchasable","17":"product-type-simple"},"_links":{"self":[{"href":"https:\/\/roveyayinevi.com.tr\/index.php\/wp-json\/wp\/v2\/product\/725264","targetHints":{"allow":["GET"]}}],"collection":[{"href":"https:\/\/roveyayinevi.com.tr\/index.php\/wp-json\/wp\/v2\/product"}],"about":[{"href":"https:\/\/roveyayinevi.com.tr\/index.php\/wp-json\/wp\/v2\/types\/product"}],"wp:attachment":[{"href":"https:\/\/roveyayinevi.com.tr\/index.php\/wp-json\/wp\/v2\/media?parent=725264"}],"wp:term":[{"taxonomy":"product_brand","embeddable":true,"href":"https:\/\/roveyayinevi.com.tr\/index.php\/wp-json\/wp\/v2\/product_brand?post=725264"},{"taxonomy":"product_cat","embeddable":true,"href":"https:\/\/roveyayinevi.com.tr\/index.php\/wp-json\/wp\/v2\/product_cat?post=725264"},{"taxonomy":"product_tag","embeddable":true,"href":"https:\/\/roveyayinevi.com.tr\/index.php\/wp-json\/wp\/v2\/product_tag?post=725264"}],"curies":[{"name":"wp","href":"https:\/\/api.w.org\/{rel}","templated":true}]}}