{"id":725263,"date":"2025-08-27T19:47:42","date_gmt":"2025-08-27T16:47:42","guid":{"rendered":"https:\/\/roveyayinevi.com.tr\/index.php\/urun\/guncel-orneklerle-ekonomi-guvenligi-yazilari\/"},"modified":"2026-04-16T02:32:55","modified_gmt":"2026-04-15T23:32:55","slug":"guncel-orneklerle-ekonomi-guvenligi-yazilari","status":"publish","type":"product","link":"https:\/\/roveyayinevi.com.tr\/index.php\/urun\/guncel-orneklerle-ekonomi-guvenligi-yazilari\/","title":{"rendered":"G\u00fcncel \u00d6rneklerle Ekonomi G\u00fcvenli\u011fi Yaz\u0131lar\u0131"},"content":{"rendered":"<p>D\u00fcnyadaki de\u011fi\u015fim ve d\u00f6n\u00fc\u015f\u00fcm\u00fcn en \u00e7ok etkiledi\u011fi alanlardan birisi olarak kar\u015f\u0131m\u0131za g\u00fcvenlik \u00e7al\u0131\u015fmalar\u0131 \u00e7\u0131k\u0131yor. G\u00fcvenlik paradigmas\u0131ndaki de\u011fi\u015fimde ise ekonomi son d\u00f6nemlerde kendinden daha fazla s\u00f6z ettiriyor. Kaynak payla\u015f\u0131m\u0131, ticaret sava\u015flar\u0131, ekonomik yapt\u0131r\u0131mlar ve \u00e7ok tarafl\u0131 anla\u015fmalar gibi kavramlar\u0131n s\u0131kl\u0131kla kullan\u0131lmaya ba\u015fland\u0131\u011f\u0131 bu d\u00f6nemde \u201cekonomi g\u00fcvenli\u011fi\u201d kavram\u0131 da yerle\u015fik d\u00fczenin akt\u00f6rlerini ve politikalar\u0131n\u0131 anlamak a\u00e7\u0131s\u0131ndan bize \u0131\u015f\u0131k tutan bir unsur olarak kar\u015f\u0131m\u0131za \u00e7\u0131k\u0131yor. Her ne kadar yak\u0131n zamanda sona erece\u011fine ili\u015fkin \u00fctopik ele\u015ftirilere maruz kalsa da k\u00fcreselle\u015fmenin getirdi\u011fi yeni devlet ve hayat tarz\u0131 ulusal g\u00fcvenlik anlay\u0131\u015f\u0131nda ekonomi g\u00fcvenli\u011fi \u00e7al\u0131\u015fmalar\u0131na b\u00fcy\u00fck bir alan a\u00e7\u0131yor. Yakla\u015f\u0131k 8 y\u0131ld\u0131r bu devasa alanda fark\u0131ndal\u0131k olu\u015fturmak ve literat\u00fcre katk\u0131 sa\u011flamak i\u00e7in gayret g\u00f6steriyorum. Benim ekonomi g\u00fcvenli\u011fi ile ilgili akademik makalelerim ve \u00f6\u011frencilerimin tezlerinin yan\u0131 s\u0131ra kat\u0131ld\u0131\u011f\u0131m televizyon programlar\u0131nda ve bir s\u00fcreden bu yana Yeni \u015eafak Gazetesi\u2019ndeki k\u00f6\u015fe yaz\u0131lar\u0131mda konuyu i\u015flemeye ve fark\u0131ndal\u0131k olu\u015fturmaya gayret ediyorum. \u0130\u015fte elinizdeki bu kitap da 2 y\u0131ldan fazlad\u0131r kaleme ald\u0131\u011f\u0131m 250\u2019ye yak\u0131n makalenin i\u00e7inden se\u00e7ilmi\u015f yaz\u0131lardan olu\u015fuyor. Yaz\u0131lar\u0131m\u0131n tamam\u0131 yaz\u0131ld\u0131\u011f\u0131 d\u00f6nemde ya\u015fanan olaylarla ili\u015fki olup, ya\u015fananlar\u0131 ekonomi g\u00fcvenli\u011fi perspektifi ile ele al\u0131yor. Kimi zaman \u00f6ng\u00f6r\u00fcler sunuyor, kimi zaman durum tespiti yap\u0131yor, kimi zaman da \u00e7\u00f6z\u00fcm \u00f6nerileri sunuyor. Ekonomi g\u00fcvenli\u011fi alan\u0131yla ilgilenen t\u00fcm okuyucular\u0131n faydalanmas\u0131 ve yeni \u00e7al\u0131\u015fmalara yol a\u00e7mas\u0131 dileklerimle&#8230;<\/p>\n","protected":false},"excerpt":{"rendered":"<p>D\u00fcnyadaki de\u011fi\u015fim ve d\u00f6n\u00fc\u015f\u00fcm\u00fcn en \u00e7ok etkiledi\u011fi alanlardan birisi olarak kar\u015f\u0131m\u0131za g\u00fcvenlik \u00e7al\u0131\u015fmalar\u0131 \u00e7\u0131k\u0131yor. G\u00fcvenlik paradigmas\u0131ndaki de\u011fi\u015fimde ise ekonomi son d\u00f6nemlerde kendinden daha fazla s\u00f6z ettiriyor.<span class=\"excerpt-hellip\"> [\u2026]<\/span><\/p>\n","protected":false},"featured_media":0,"template":"","meta":{"_monsterinsights_skip_tracking":false,"_monsterinsights_sitenote_active":false,"_monsterinsights_sitenote_note":"","_monsterinsights_sitenote_category":0},"product_brand":[],"product_cat":[13043,19008],"product_tag":[],"class_list":{"0":"post-725263","1":"product","2":"type-product","3":"status-publish","5":"product_cat-ekonomi","6":"product_cat-yonetim","7":"pa_cilt-ciltsiz","8":"pa_tur-kitap","9":"pa_yayinevi-siyasal-kitabevi","10":"pa_yazar-m-levent-yilmaz","12":"first","13":"instock","14":"sale","15":"shipping-taxable","16":"purchasable","17":"product-type-simple"},"_links":{"self":[{"href":"https:\/\/roveyayinevi.com.tr\/index.php\/wp-json\/wp\/v2\/product\/725263","targetHints":{"allow":["GET"]}}],"collection":[{"href":"https:\/\/roveyayinevi.com.tr\/index.php\/wp-json\/wp\/v2\/product"}],"about":[{"href":"https:\/\/roveyayinevi.com.tr\/index.php\/wp-json\/wp\/v2\/types\/product"}],"wp:attachment":[{"href":"https:\/\/roveyayinevi.com.tr\/index.php\/wp-json\/wp\/v2\/media?parent=725263"}],"wp:term":[{"taxonomy":"product_brand","embeddable":true,"href":"https:\/\/roveyayinevi.com.tr\/index.php\/wp-json\/wp\/v2\/product_brand?post=725263"},{"taxonomy":"product_cat","embeddable":true,"href":"https:\/\/roveyayinevi.com.tr\/index.php\/wp-json\/wp\/v2\/product_cat?post=725263"},{"taxonomy":"product_tag","embeddable":true,"href":"https:\/\/roveyayinevi.com.tr\/index.php\/wp-json\/wp\/v2\/product_tag?post=725263"}],"curies":[{"name":"wp","href":"https:\/\/api.w.org\/{rel}","templated":true}]}}