{"id":725262,"date":"2025-08-27T19:47:41","date_gmt":"2025-08-27T16:47:41","guid":{"rendered":"https:\/\/roveyayinevi.com.tr\/index.php\/urun\/cinayet-isleri-baskanligi\/"},"modified":"2026-04-03T02:40:13","modified_gmt":"2026-04-02T23:40:13","slug":"cinayet-isleri-baskanligi","status":"publish","type":"product","link":"https:\/\/roveyayinevi.com.tr\/index.php\/urun\/cinayet-isleri-baskanligi\/","title":{"rendered":"Cinayet \u0130\u015fleri Ba\u015fkanl\u0131\u011f\u0131"},"content":{"rendered":"<p>Cem\u015fit \u015fa\u015f\u0131rd\u0131. Memleket onunla gurur duyuyordu. Ama neden? Nedenini bilmiyordu ama yine de memleket onunla gurur duyuyordu. Yine de sebebini merak ediyordu. Bir an, \u201cNeden?\u201d diye sormak istedi. Sonra vazge\u00e7ti. Nedeni \u00e7ok mu \u00f6nemliydi? Nedenini, sivil \u00fcniformal\u0131n\u0131n \u201cPatron\u201d dedi\u011fi bu ki\u015fi biliyordu i\u015fte. Sonra, belki bu sivil \u00fcniformal\u0131 da biliyordu. Belki bu resmi \u00fcniformal\u0131-iri c\u00fcsseli bile biliyordu. Hatta t\u00fcm memleket biliyordu. \u00d6yle ya, gururu onlar duydu\u011funa g\u00f6re ni\u00e7in gurur duyduklar\u0131n\u0131 da bilmelilerdi. K\u0131sacas\u0131, memleket Cem\u015fit&#8217;le gurur duyuyordu ve de bunun sebebini Cem\u015fit hari\u00e7 herkes biliyordu. Gen\u00e7, amat\u00f6r bir polisiye yazar\u0131 g\u00fcn\u00fcn birinde kendini bir anda \u00fclkenin en \u00f6nemli (!) projesinin i\u00e7inde buluverirse ne olur? Ger\u00e7ekli\u011fi dahi sorgulanmayan bir proje nas\u0131l olur da bakanl\u0131k stat\u00fcs\u00fc alabilir? Bu durum mu yoksa \u00fclkenin i\u00e7inde bulundu\u011fu ger\u00e7eklik mi daha tehlikelidir?<\/p>\n","protected":false},"excerpt":{"rendered":"<p>Cem\u015fit \u015fa\u015f\u0131rd\u0131. Memleket onunla gurur duyuyordu. Ama neden? Nedenini bilmiyordu ama yine de memleket onunla gurur duyuyordu. Yine de sebebini merak ediyordu. Bir an, \u201cNeden?\u201d diye<span class=\"excerpt-hellip\"> [\u2026]<\/span><\/p>\n","protected":false},"featured_media":0,"template":"","meta":{"_monsterinsights_skip_tracking":false,"_monsterinsights_sitenote_active":false,"_monsterinsights_sitenote_note":"","_monsterinsights_sitenote_category":0},"product_brand":[],"product_cat":[12291,12711],"product_tag":[],"class_list":{"0":"post-725262","1":"product","2":"type-product","3":"status-publish","5":"product_cat-edebiyat","6":"product_cat-roman-oyku","7":"pa_cilt-ciltsiz","8":"pa_tur-kitap","9":"pa_yayinevi-the-roman","10":"pa_yazar-ahmet-eren","12":"first","13":"instock","14":"sale","15":"shipping-taxable","16":"purchasable","17":"product-type-simple"},"_links":{"self":[{"href":"https:\/\/roveyayinevi.com.tr\/index.php\/wp-json\/wp\/v2\/product\/725262","targetHints":{"allow":["GET"]}}],"collection":[{"href":"https:\/\/roveyayinevi.com.tr\/index.php\/wp-json\/wp\/v2\/product"}],"about":[{"href":"https:\/\/roveyayinevi.com.tr\/index.php\/wp-json\/wp\/v2\/types\/product"}],"wp:attachment":[{"href":"https:\/\/roveyayinevi.com.tr\/index.php\/wp-json\/wp\/v2\/media?parent=725262"}],"wp:term":[{"taxonomy":"product_brand","embeddable":true,"href":"https:\/\/roveyayinevi.com.tr\/index.php\/wp-json\/wp\/v2\/product_brand?post=725262"},{"taxonomy":"product_cat","embeddable":true,"href":"https:\/\/roveyayinevi.com.tr\/index.php\/wp-json\/wp\/v2\/product_cat?post=725262"},{"taxonomy":"product_tag","embeddable":true,"href":"https:\/\/roveyayinevi.com.tr\/index.php\/wp-json\/wp\/v2\/product_tag?post=725262"}],"curies":[{"name":"wp","href":"https:\/\/api.w.org\/{rel}","templated":true}]}}