{"id":725260,"date":"2025-08-27T19:47:39","date_gmt":"2025-08-27T16:47:39","guid":{"rendered":"https:\/\/roveyayinevi.com.tr\/index.php\/urun\/travmalarin-golgesinde\/"},"modified":"2026-04-16T02:32:55","modified_gmt":"2026-04-15T23:32:55","slug":"travmalarin-golgesinde","status":"publish","type":"product","link":"https:\/\/roveyayinevi.com.tr\/index.php\/urun\/travmalarin-golgesinde\/","title":{"rendered":"Travmalar\u0131n G\u00f6lgesinde"},"content":{"rendered":"<p>Bu kitap, toplum psikolojisini g\u00fcncel siyasi g\u00fcndemin \u00f6n\u00fcnde tutarak, \u00e7at\u0131\u015fmal\u0131 ili\u015fkilere neden olan psikolojik temelleri ve bu \u00e7at\u0131\u015fma s\u00fcre\u00e7lerinde kullan\u0131lan toplumsal sembolleri irdeliyor.Elinizdeki \u00e7al\u0131\u015fma, \u00dcsk\u00fcdar \u00dcniversitesi Politik Psikoloji Uygulama ve Ara\u015ft\u0131rma Merkezi\u2019nde siyasal ve sosyal bilimler alan\u0131nda akademik \u00e7al\u0131\u015fmalar\u0131n\u0131 s\u00fcrd\u00fcren bilim insanlar\u0131 ve misafir \u00f6\u011fretim \u00fcyeleri taraf\u0131ndan yaz\u0131lan 12 makaleden olu\u015fuyor. Prof. Dr. Deniz \u00dclke Ar\u0131bo\u011fan edit\u00f6rl\u00fc\u011f\u00fcnde haz\u0131rlanan Travmalar\u0131n G\u00f6lgesinde: Politik Psikoloji, T\u00fcrkiye ve d\u00fcnya tarihinden \u00f6rneklenen politik s\u00fcre\u00e7lerde insan ve toplum davran\u0131\u015flar\u0131n\u0131 inceliyor, g\u00fcncel siyasal refleksler ile toplum tarihi aras\u0131ndaki ba\u011flant\u0131lar\u0131 ortaya koyuyor.Politik psikoloji disiplinine \u00f6nemli bir katk\u0131 sa\u011flayan bu akademik \u00e7al\u0131\u015fma; grup kimliklerinin olu\u015fumu ve dinami\u011fi, kitle psikolojisi, etnik kimlikler, \u201cben\u201d ve \u201c\u00f6teki\u201d ayr\u0131m\u0131, ter\u00f6rizmin psikolojik temelleri, kitle ileti\u015fim ara\u00e7lar\u0131n\u0131n kullan\u0131m\u0131, propaganda ayg\u0131tlar\u0131, i\u00e7 sava\u015f, soyk\u0131r\u0131m ve katliam gibi geni\u015f kapsaml\u0131 konulara ili\u015fkin \u00f6n kabulleri tart\u0131\u015fmaya a\u00e7\u0131yor. Okurlara toplumsal travma, yas ve se\u00e7ilmi\u015f zafer s\u00fcre\u00e7lerine y\u00f6nelik tutum ve davran\u0131\u015flar\u0131n\u0131 ve bunu do\u011furan toplumsal belleklerini sorgulama olana\u011f\u0131 tan\u0131yor.Travmalar\u0131n G\u00f6lgesinde, siyaset bilimi ile psikoloji biliminin ka\u00e7\u0131n\u0131lmaz kesi\u015fim noktas\u0131 olan \u201cpolitik psikoloji\u201d literat\u00fcr\u00fcne ba\u015flang\u0131\u00e7 i\u00e7in k\u0131lavuz niteli\u011finde.<\/p>\n","protected":false},"excerpt":{"rendered":"<p>Bu kitap, toplum psikolojisini g\u00fcncel siyasi g\u00fcndemin \u00f6n\u00fcnde tutarak, \u00e7at\u0131\u015fmal\u0131 ili\u015fkilere neden olan psikolojik temelleri ve bu \u00e7at\u0131\u015fma s\u00fcre\u00e7lerinde kullan\u0131lan toplumsal sembolleri irdeliyor.Elinizdeki \u00e7al\u0131\u015fma, \u00dcsk\u00fcdar \u00dcniversitesi<span class=\"excerpt-hellip\"> [\u2026]<\/span><\/p>\n","protected":false},"featured_media":0,"template":"","meta":{"_monsterinsights_skip_tracking":false,"_monsterinsights_sitenote_active":false,"_monsterinsights_sitenote_note":"","_monsterinsights_sitenote_category":0},"product_brand":[],"product_cat":[13072,12291],"product_tag":[],"class_list":{"0":"post-725260","1":"product","2":"type-product","3":"status-publish","5":"product_cat-arastirma-inceleme-referans","6":"product_cat-edebiyat","7":"pa_cilt-ciltsiz","8":"pa_tur-kitap","9":"pa_yayinevi-inkilap-kitabevi","10":"pa_yazar-deniz-ulke-aribogan","12":"first","13":"instock","14":"sale","15":"shipping-taxable","16":"purchasable","17":"product-type-simple"},"_links":{"self":[{"href":"https:\/\/roveyayinevi.com.tr\/index.php\/wp-json\/wp\/v2\/product\/725260","targetHints":{"allow":["GET"]}}],"collection":[{"href":"https:\/\/roveyayinevi.com.tr\/index.php\/wp-json\/wp\/v2\/product"}],"about":[{"href":"https:\/\/roveyayinevi.com.tr\/index.php\/wp-json\/wp\/v2\/types\/product"}],"wp:attachment":[{"href":"https:\/\/roveyayinevi.com.tr\/index.php\/wp-json\/wp\/v2\/media?parent=725260"}],"wp:term":[{"taxonomy":"product_brand","embeddable":true,"href":"https:\/\/roveyayinevi.com.tr\/index.php\/wp-json\/wp\/v2\/product_brand?post=725260"},{"taxonomy":"product_cat","embeddable":true,"href":"https:\/\/roveyayinevi.com.tr\/index.php\/wp-json\/wp\/v2\/product_cat?post=725260"},{"taxonomy":"product_tag","embeddable":true,"href":"https:\/\/roveyayinevi.com.tr\/index.php\/wp-json\/wp\/v2\/product_tag?post=725260"}],"curies":[{"name":"wp","href":"https:\/\/api.w.org\/{rel}","templated":true}]}}