{"id":725258,"date":"2025-08-27T19:47:37","date_gmt":"2025-08-27T16:47:37","guid":{"rendered":"https:\/\/roveyayinevi.com.tr\/index.php\/urun\/kisir-dongu\/"},"modified":"2026-04-16T02:32:55","modified_gmt":"2026-04-15T23:32:55","slug":"kisir-dongu","status":"publish","type":"product","link":"https:\/\/roveyayinevi.com.tr\/index.php\/urun\/kisir-dongu\/","title":{"rendered":"K\u0131s\u0131r D\u00f6ng\u00fc"},"content":{"rendered":"<p>T\u00fcrkiye 200 y\u0131ll\u0131k geri kalm\u0131\u015fl\u0131k k\u0131s\u0131r d\u00f6ng\u00fcs\u00fcnden neden kurtulam\u0131yor?Japonya Osmanl\u0131\u2019dan, G. Kore T\u00fcrkiye\u2019den neden daha ba\u015far\u0131l\u0131 oldu?Osmanl\u0131\u2019dan Cumhuriyet\u2019e miras kalan kurumlar nelerdir?T\u00fcrkiye\u2019de kurumlar neden d\u0131\u015flay\u0131c\u0131d\u0131r? Arka plandaki ta\u015f\u0131y\u0131c\u0131 sosyo-siyasi iktidar pakt\u0131 nas\u0131l daral\u0131r ve toplum yarar\u0131n\u0131 g\u00f6z ard\u0131 eder?T\u00fcrkiye Do\u011fu-Bat\u0131 ekseninde neden s\u0131k\u0131\u015fm\u0131\u015f hisseder?T\u00fcrkiye\u2019de hedeflerle kapasite aras\u0131ndaki uyumsuzluk pop\u00fclizmi nas\u0131l besler? T\u00fcrkiye, geri kalm\u0131\u015fl\u0131k k\u0131s\u0131r d\u00f6ng\u00fcs\u00fcnden \u00e7\u0131k\u0131p \u00fcretken bir d\u00f6ng\u00fcye girebilir mi?T\u00fcrkiye i\u00e7in \u00fcretken, kapsay\u0131c\u0131 ekonomi politik ve diplomatik kurumlar dizgesi neleri i\u00e7ermelidir?T\u00fcrkiye, ger\u00e7ek\u00e7i hedeflere y\u00f6nelik y\u00fcksek bir \u00fclke kapasitesini nas\u0131l in\u015fa edebilir?  Bunu ba\u015faracak bir alternatif sosyo-siyasi iktidar koalisyonu nas\u0131l kurulabilir?Prof. Tekin, T\u00fcrkiye\u2019nin geri kalm\u0131\u015fl\u0131\u011f\u0131n\u0131 kar\u015f\u0131la\u015ft\u0131rmal\u0131 ekonomi politik dinamikler \u00fczerinden ele al\u0131yor.<\/p>\n","protected":false},"excerpt":{"rendered":"<p>T\u00fcrkiye 200 y\u0131ll\u0131k geri kalm\u0131\u015fl\u0131k k\u0131s\u0131r d\u00f6ng\u00fcs\u00fcnden neden kurtulam\u0131yor?Japonya Osmanl\u0131\u2019dan, G. Kore T\u00fcrkiye\u2019den neden daha ba\u015far\u0131l\u0131 oldu?Osmanl\u0131\u2019dan Cumhuriyet\u2019e miras kalan kurumlar nelerdir?T\u00fcrkiye\u2019de kurumlar neden d\u0131\u015flay\u0131c\u0131d\u0131r? Arka<span class=\"excerpt-hellip\"> [\u2026]<\/span><\/p>\n","protected":false},"featured_media":0,"template":"","meta":{"_monsterinsights_skip_tracking":false,"_monsterinsights_sitenote_active":false,"_monsterinsights_sitenote_note":"","_monsterinsights_sitenote_category":0},"product_brand":[],"product_cat":[13043,14144],"product_tag":[],"class_list":{"0":"post-725258","1":"product","2":"type-product","3":"status-publish","5":"product_cat-ekonomi","6":"product_cat-turkiye-ekonomisi","7":"pa_cilt-ciltsiz","8":"pa_tur-kitap","9":"pa_yayinevi-inkilap-kitabevi","10":"pa_yazar-ali-tekin","12":"first","13":"instock","14":"sale","15":"shipping-taxable","16":"purchasable","17":"product-type-simple"},"_links":{"self":[{"href":"https:\/\/roveyayinevi.com.tr\/index.php\/wp-json\/wp\/v2\/product\/725258","targetHints":{"allow":["GET"]}}],"collection":[{"href":"https:\/\/roveyayinevi.com.tr\/index.php\/wp-json\/wp\/v2\/product"}],"about":[{"href":"https:\/\/roveyayinevi.com.tr\/index.php\/wp-json\/wp\/v2\/types\/product"}],"wp:attachment":[{"href":"https:\/\/roveyayinevi.com.tr\/index.php\/wp-json\/wp\/v2\/media?parent=725258"}],"wp:term":[{"taxonomy":"product_brand","embeddable":true,"href":"https:\/\/roveyayinevi.com.tr\/index.php\/wp-json\/wp\/v2\/product_brand?post=725258"},{"taxonomy":"product_cat","embeddable":true,"href":"https:\/\/roveyayinevi.com.tr\/index.php\/wp-json\/wp\/v2\/product_cat?post=725258"},{"taxonomy":"product_tag","embeddable":true,"href":"https:\/\/roveyayinevi.com.tr\/index.php\/wp-json\/wp\/v2\/product_tag?post=725258"}],"curies":[{"name":"wp","href":"https:\/\/api.w.org\/{rel}","templated":true}]}}