{"id":725257,"date":"2025-08-27T19:47:37","date_gmt":"2025-08-27T16:47:37","guid":{"rendered":"https:\/\/roveyayinevi.com.tr\/index.php\/urun\/goc-2\/"},"modified":"2026-04-16T02:32:55","modified_gmt":"2026-04-15T23:32:55","slug":"goc-2","status":"publish","type":"product","link":"https:\/\/roveyayinevi.com.tr\/index.php\/urun\/goc-2\/","title":{"rendered":"G\u00f6\u00e7"},"content":{"rendered":"<p>ORADA YILDIZLAR D\u00dc\u015e\u00dcYOR MU H\u00c2L\u00c2 \u015eu umut yok mu \u015fu umut? Bizi pe\u015finden s\u00fcr\u00fckl\u00fcyor, bizi bekledi\u011fini hayal etti\u011fimiz yerlere\u2026Yol nedir, yol? Yol umuttur. Bazen iki yol \u00e7\u0131kar kar\u015f\u0131na, birden. Acaba bunlardan hangisi? Onu da sen bileceksin.Canl\u0131 cans\u0131z her varl\u0131\u011f\u0131n g\u00f6z\u00fcnde yabanc\u0131y\u0131z. Sezdirmeden gidiyoruz, selam vermeden ge\u00e7iyoruz\u2026En b\u00fcy\u00fck korkumuz kafileden ayr\u0131 d\u00fc\u015fmek.Bir sonraki sabah\u0131n bizlere ne getirece\u011fini bilmiyoruz ve \u00fcmitten ba\u015fka servetimiz yok\u2026G\u00fcn oluyor, ne bir \u015fey bekliyor ne de bir umudumuz oluyor. Da\u011f ba\u015f\u0131ndaki tek a\u011fa\u00e7, f\u0131rt\u0131nadaki bir tekneden farks\u0131z\u0131z\u2026<\/p>\n","protected":false},"excerpt":{"rendered":"<p>ORADA YILDIZLAR D\u00dc\u015e\u00dcYOR MU H\u00c2L\u00c2 \u015eu umut yok mu \u015fu umut? Bizi pe\u015finden s\u00fcr\u00fckl\u00fcyor, bizi bekledi\u011fini hayal etti\u011fimiz yerlere\u2026Yol nedir, yol? Yol umuttur. Bazen iki yol<span class=\"excerpt-hellip\"> [\u2026]<\/span><\/p>\n","protected":false},"featured_media":0,"template":"","meta":{"_monsterinsights_skip_tracking":false,"_monsterinsights_sitenote_active":false,"_monsterinsights_sitenote_note":"","_monsterinsights_sitenote_category":0},"product_brand":[],"product_cat":[12291,12711],"product_tag":[],"class_list":{"0":"post-725257","1":"product","2":"type-product","3":"status-publish","5":"product_cat-edebiyat","6":"product_cat-roman-oyku","7":"pa_cilt-ciltsiz","8":"pa_tur-kitap","9":"pa_yayinevi-inkilap-kitabevi","10":"pa_yazar-osman-pamukoglu","12":"first","13":"instock","14":"sale","15":"shipping-taxable","16":"purchasable","17":"product-type-simple"},"_links":{"self":[{"href":"https:\/\/roveyayinevi.com.tr\/index.php\/wp-json\/wp\/v2\/product\/725257","targetHints":{"allow":["GET"]}}],"collection":[{"href":"https:\/\/roveyayinevi.com.tr\/index.php\/wp-json\/wp\/v2\/product"}],"about":[{"href":"https:\/\/roveyayinevi.com.tr\/index.php\/wp-json\/wp\/v2\/types\/product"}],"wp:attachment":[{"href":"https:\/\/roveyayinevi.com.tr\/index.php\/wp-json\/wp\/v2\/media?parent=725257"}],"wp:term":[{"taxonomy":"product_brand","embeddable":true,"href":"https:\/\/roveyayinevi.com.tr\/index.php\/wp-json\/wp\/v2\/product_brand?post=725257"},{"taxonomy":"product_cat","embeddable":true,"href":"https:\/\/roveyayinevi.com.tr\/index.php\/wp-json\/wp\/v2\/product_cat?post=725257"},{"taxonomy":"product_tag","embeddable":true,"href":"https:\/\/roveyayinevi.com.tr\/index.php\/wp-json\/wp\/v2\/product_tag?post=725257"}],"curies":[{"name":"wp","href":"https:\/\/api.w.org\/{rel}","templated":true}]}}