{"id":725256,"date":"2025-08-27T19:47:36","date_gmt":"2025-08-27T16:47:36","guid":{"rendered":"https:\/\/roveyayinevi.com.tr\/index.php\/urun\/uretken-donguye-gecis\/"},"modified":"2026-04-16T02:32:55","modified_gmt":"2026-04-15T23:32:55","slug":"uretken-donguye-gecis","status":"publish","type":"product","link":"https:\/\/roveyayinevi.com.tr\/index.php\/urun\/uretken-donguye-gecis\/","title":{"rendered":"\u00dcretken D\u00f6ng\u00fcye Ge\u00e7i\u015f"},"content":{"rendered":"<p>ABD\u2019nin hegemonik rol\u00fc bitti mi? \u00c7in yeni k\u00fcresel hegemon olabilir mi?  \u00c7in\u2019in k\u0131s\u0131tlar\u0131 ve Bat\u0131\u2019n\u0131n avantajlar\u0131 nelerdir?H\u0131zl\u0131 k\u00fcreselle\u015fme, Do\u011fu Asya\u2019da y\u00fcz milyonlar\u0131 yoksulluktan \u00e7\u0131kar\u0131rken, neden ba\u015fka b\u00f6lgelerde belirsizlik ve pop\u00fclizmi harekete ge\u00e7irdi?Post-pop\u00fclist aray\u0131\u015flar nelerdir? Kapitalizmin sonu mu geldi?2010\u2019larda T\u00fcrkiye\u2019de (otoriter) pop\u00fclizm nas\u0131l y\u00fckseldi? Siyasi g\u00fc\u00e7 yo\u011funla\u015fmas\u0131, rant ekonomisi ve diplomatik yaln\u0131zl\u0131k sarmal\u0131 s\u00fcrd\u00fcr\u00fclebilir mi? Yoksa, ilk kritik kav\u015fakta, bu k\u0131s\u0131r d\u00f6ng\u00fc k\u0131r\u0131labilir mi?2020\u2019lerin ba\u015f\u0131nda T\u00fcrkiye\u2019de yarat\u0131c\u0131 bir kadro, kapsay\u0131c\u0131 bir toplum s\u00f6zle\u015fmesi ve destekleyici bir alternatif sosyo-siyasi iktidar koalisyonu kurgulayabilir mi? Hangi toplumsal katmanlar, hangi d\u0131\u015flanm\u0131\u015f kesimler hedeflenmelidir? 31 Mart 2019 yerel se\u00e7im sonu\u00e7lar\u0131 neyi ima ediyor?T\u00fcrkiye\u2019nin d\u00f6n\u00fc\u015f\u00fcm ajandas\u0131 neleri i\u00e7ermelidir? Siyasi, ekonomik, toplumsal ve diplomatik hangi kurumsal reform ad\u0131mlar\u0131 at\u0131lmal\u0131d\u0131r?T\u00fcrkiye\u2019nin gelece\u011finden neden \u00fcmitli olmal\u0131y\u0131z? Ge\u00e7mi\u015f-bug\u00fcn-gelecek dengesini nas\u0131l yakalayabiliriz? Bilim\/teknoloji \u00e7a\u011f\u0131nda T\u00fcrkiye\u2019nin uygarl\u0131\u011fa katk\u0131 yapma potansiyeli nedir?Prof. Dr. Ali Tekin, bu kitapta, 2020\u2019lerin k\u00fcresel ve yerel ko\u015fullar\u0131nda, T\u00fcrkiye i\u00e7in \u00fcretken\/erdemli bir d\u00f6ng\u00fcye ge\u00e7i\u015fi m\u00fcmk\u00fcn k\u0131labilecek kurumsal d\u00f6n\u00fc\u015f\u00fcm dinamiklerini irdeliyor.  <\/p>\n","protected":false},"excerpt":{"rendered":"<p>ABD\u2019nin hegemonik rol\u00fc bitti mi? \u00c7in yeni k\u00fcresel hegemon olabilir mi? \u00c7in\u2019in k\u0131s\u0131tlar\u0131 ve Bat\u0131\u2019n\u0131n avantajlar\u0131 nelerdir?H\u0131zl\u0131 k\u00fcreselle\u015fme, Do\u011fu Asya\u2019da y\u00fcz milyonlar\u0131 yoksulluktan \u00e7\u0131kar\u0131rken, neden ba\u015fka<span class=\"excerpt-hellip\"> [\u2026]<\/span><\/p>\n","protected":false},"featured_media":0,"template":"","meta":{"_monsterinsights_skip_tracking":false,"_monsterinsights_sitenote_active":false,"_monsterinsights_sitenote_note":"","_monsterinsights_sitenote_category":0},"product_brand":[],"product_cat":[13059,12337],"product_tag":[],"class_list":{"0":"post-725256","1":"product","2":"type-product","3":"status-publish","5":"product_cat-diger-politika-siyaset","6":"product_cat-politika-siyaset","7":"pa_cilt-ciltsiz","8":"pa_tur-kitap","9":"pa_yayinevi-inkilap-kitabevi","10":"pa_yazar-ali-tekin","12":"first","13":"instock","14":"sale","15":"shipping-taxable","16":"purchasable","17":"product-type-simple"},"_links":{"self":[{"href":"https:\/\/roveyayinevi.com.tr\/index.php\/wp-json\/wp\/v2\/product\/725256","targetHints":{"allow":["GET"]}}],"collection":[{"href":"https:\/\/roveyayinevi.com.tr\/index.php\/wp-json\/wp\/v2\/product"}],"about":[{"href":"https:\/\/roveyayinevi.com.tr\/index.php\/wp-json\/wp\/v2\/types\/product"}],"wp:attachment":[{"href":"https:\/\/roveyayinevi.com.tr\/index.php\/wp-json\/wp\/v2\/media?parent=725256"}],"wp:term":[{"taxonomy":"product_brand","embeddable":true,"href":"https:\/\/roveyayinevi.com.tr\/index.php\/wp-json\/wp\/v2\/product_brand?post=725256"},{"taxonomy":"product_cat","embeddable":true,"href":"https:\/\/roveyayinevi.com.tr\/index.php\/wp-json\/wp\/v2\/product_cat?post=725256"},{"taxonomy":"product_tag","embeddable":true,"href":"https:\/\/roveyayinevi.com.tr\/index.php\/wp-json\/wp\/v2\/product_tag?post=725256"}],"curies":[{"name":"wp","href":"https:\/\/api.w.org\/{rel}","templated":true}]}}