{"id":725255,"date":"2025-08-27T19:47:35","date_gmt":"2025-08-27T16:47:35","guid":{"rendered":"https:\/\/roveyayinevi.com.tr\/index.php\/urun\/babasi-yarasi-olanlar\/"},"modified":"2026-04-16T02:32:55","modified_gmt":"2026-04-15T23:32:55","slug":"babasi-yarasi-olanlar","status":"publish","type":"product","link":"https:\/\/roveyayinevi.com.tr\/index.php\/urun\/babasi-yarasi-olanlar\/","title":{"rendered":"Babas\u0131 Yaras\u0131 Olanlar"},"content":{"rendered":"<p>Gidenlerin arkas\u0131ndan her zaman a\u011flan\u0131r m\u0131? Bir cenaze t\u00f6reninde can\u0131 \u00e7ok yand\u0131\u011f\u0131 h\u00e2lde a\u011flayamayan insanlar biliyorum. Ac\u0131lar her zaman ola\u011fan de\u011fildir. Her zaman ayn\u0131 \u015fekilde belirmezler. Her zaman g\u00f6zya\u015f\u0131 doldurmazlar. Bazen sadece i\u00e7inde ya\u015fars\u0131n, sessiz sedas\u0131z.Kimselere bir \u015fey yans\u0131tamadan\u2026 En b\u00fcy\u00fck ac\u0131 da odur asl\u0131nda. Gizli kalan ac\u0131&#8230; Seni i\u00e7inden kemirir. Sessiz sessiz eritir seni.Sen daha ne oldu\u011funu anlayamam\u0131\u015fken bir anda kendini dipsiz bucaks\u0131z bir kuyunun tepesinde bulursun. Kimsenin ah\u0131n\u0131 almad\u0131\u011f\u0131n\u0131 d\u00fc\u015f\u00fcn\u00fcrs\u00fcn. Oysa bir sebebi olmal\u0131 bu ac\u0131n\u0131n! Ama bazen yoktur.Korkma, e\u011fer \u00f6ld\u00fcrmeyen ac\u0131 ger\u00e7ekten g\u00fc\u00e7lendiriyorsa, z\u0131rhlan\u0131yorsun demektir. Seni bundan sonra asla hi\u00e7bir \u015fey \u00fczemez. Sen asla bundan daha k\u00f6t\u00fcs\u00fcn\u00fc ya\u015famayacaks\u0131n<\/p>\n","protected":false},"excerpt":{"rendered":"<p>Gidenlerin arkas\u0131ndan her zaman a\u011flan\u0131r m\u0131? Bir cenaze t\u00f6reninde can\u0131 \u00e7ok yand\u0131\u011f\u0131 h\u00e2lde a\u011flayamayan insanlar biliyorum. Ac\u0131lar her zaman ola\u011fan de\u011fildir. Her zaman ayn\u0131 \u015fekilde belirmezler.<span class=\"excerpt-hellip\"> [\u2026]<\/span><\/p>\n","protected":false},"featured_media":0,"template":"","meta":{"_monsterinsights_skip_tracking":false,"_monsterinsights_sitenote_active":false,"_monsterinsights_sitenote_note":"","_monsterinsights_sitenote_category":0},"product_brand":[],"product_cat":[12291,12711],"product_tag":[],"class_list":{"0":"post-725255","1":"product","2":"type-product","3":"status-publish","5":"product_cat-edebiyat","6":"product_cat-roman-oyku","7":"pa_cilt-ciltsiz","8":"pa_tur-kitap","9":"pa_yayinevi-yediveren-yayinlari","10":"pa_yazar-duygu-batu","12":"first","13":"instock","14":"sale","15":"shipping-taxable","16":"purchasable","17":"product-type-simple"},"_links":{"self":[{"href":"https:\/\/roveyayinevi.com.tr\/index.php\/wp-json\/wp\/v2\/product\/725255","targetHints":{"allow":["GET"]}}],"collection":[{"href":"https:\/\/roveyayinevi.com.tr\/index.php\/wp-json\/wp\/v2\/product"}],"about":[{"href":"https:\/\/roveyayinevi.com.tr\/index.php\/wp-json\/wp\/v2\/types\/product"}],"wp:attachment":[{"href":"https:\/\/roveyayinevi.com.tr\/index.php\/wp-json\/wp\/v2\/media?parent=725255"}],"wp:term":[{"taxonomy":"product_brand","embeddable":true,"href":"https:\/\/roveyayinevi.com.tr\/index.php\/wp-json\/wp\/v2\/product_brand?post=725255"},{"taxonomy":"product_cat","embeddable":true,"href":"https:\/\/roveyayinevi.com.tr\/index.php\/wp-json\/wp\/v2\/product_cat?post=725255"},{"taxonomy":"product_tag","embeddable":true,"href":"https:\/\/roveyayinevi.com.tr\/index.php\/wp-json\/wp\/v2\/product_tag?post=725255"}],"curies":[{"name":"wp","href":"https:\/\/api.w.org\/{rel}","templated":true}]}}