{"id":725246,"date":"2025-08-27T19:47:27","date_gmt":"2025-08-27T16:47:27","guid":{"rendered":"https:\/\/roveyayinevi.com.tr\/index.php\/urun\/dijital-offroad\/"},"modified":"2026-04-16T02:32:55","modified_gmt":"2026-04-15T23:32:55","slug":"dijital-offroad","status":"publish","type":"product","link":"https:\/\/roveyayinevi.com.tr\/index.php\/urun\/dijital-offroad\/","title":{"rendered":"Dijital Offroad"},"content":{"rendered":"<p>Offroad Gitmek:\u015eirket Stratejisini Yeniden D\u00fc\u015f\u00fcnmekDijital d\u00f6n\u00fc\u015f\u00fcmde kurum k\u00fclt\u00fcr\u00fc belirleyici rekabet avantaj\u0131 haline geliyor: De\u011fi\u015fim ancak t\u00fcm \u00e7al\u0131\u015fanlar\u0131n dijital ke\u015fif gezisine kat\u0131lmas\u0131yla ba\u015far\u0131l\u0131 olabilir.Yeni offroad konsepti 12 ba\u015far\u0131 stratejisini kaps\u0131yor: \u201cVadiyi Unut\u201d, \u201cSa\u011fl\u0131kl\u0131 Paranoya\u201d, \u201cArabay\u0131 Kirlet\u201d, \u201cH\u0131z \u0130htiyac\u0131\u201d ve \u201cHatalar \u0130yidir\u201d gibi cesur tezler \u015firketlerin dijital yeniden hizalanmas\u0131 i\u00e7in ilham veriyor.Offroad yolculu\u011funa \u00e7\u0131kal\u0131m!\u201cArt\u0131k ya\u015fam daha h\u0131zl\u0131 ak\u0131yor. Dijitalizasyon insan\u0131, insan \u00fcretimi t\u00fcm kurumlar\u0131, yap\u0131lar\u0131 de\u011fi\u015ftiriyor, ortadan kald\u0131r\u0131yor. De\u011fi\u015fen insan\u0131n, d\u00fcnyan\u0131n ipu\u00e7lar\u0131n\u0131 bu kitapta bulmak olas\u0131 olabilir. Okuyucu de\u011fi\u015fik bir pencereden yeni bir insan, yeni bir d\u00fcnya ile tan\u0131\u015facakt\u0131r.<\/p>\n","protected":false},"excerpt":{"rendered":"<p>Offroad Gitmek:\u015eirket Stratejisini Yeniden D\u00fc\u015f\u00fcnmekDijital d\u00f6n\u00fc\u015f\u00fcmde kurum k\u00fclt\u00fcr\u00fc belirleyici rekabet avantaj\u0131 haline geliyor: De\u011fi\u015fim ancak t\u00fcm \u00e7al\u0131\u015fanlar\u0131n dijital ke\u015fif gezisine kat\u0131lmas\u0131yla ba\u015far\u0131l\u0131 olabilir.Yeni offroad konsepti 12<span class=\"excerpt-hellip\"> [\u2026]<\/span><\/p>\n","protected":false},"featured_media":0,"template":"","meta":{"_monsterinsights_skip_tracking":false,"_monsterinsights_sitenote_active":false,"_monsterinsights_sitenote_note":"","_monsterinsights_sitenote_category":0},"product_brand":[],"product_cat":[13043,14381],"product_tag":[],"class_list":{"0":"post-725246","1":"product","2":"type-product","3":"status-publish","5":"product_cat-ekonomi","6":"product_cat-isletme-muhasebe-maliye","7":"pa_cilt-ciltsiz","8":"pa_tur-kitap","9":"pa_yayinevi-beta-kitap","10":"pa_yazar-kolektif","12":"first","13":"instock","14":"sale","15":"shipping-taxable","16":"purchasable","17":"product-type-simple"},"_links":{"self":[{"href":"https:\/\/roveyayinevi.com.tr\/index.php\/wp-json\/wp\/v2\/product\/725246","targetHints":{"allow":["GET"]}}],"collection":[{"href":"https:\/\/roveyayinevi.com.tr\/index.php\/wp-json\/wp\/v2\/product"}],"about":[{"href":"https:\/\/roveyayinevi.com.tr\/index.php\/wp-json\/wp\/v2\/types\/product"}],"wp:attachment":[{"href":"https:\/\/roveyayinevi.com.tr\/index.php\/wp-json\/wp\/v2\/media?parent=725246"}],"wp:term":[{"taxonomy":"product_brand","embeddable":true,"href":"https:\/\/roveyayinevi.com.tr\/index.php\/wp-json\/wp\/v2\/product_brand?post=725246"},{"taxonomy":"product_cat","embeddable":true,"href":"https:\/\/roveyayinevi.com.tr\/index.php\/wp-json\/wp\/v2\/product_cat?post=725246"},{"taxonomy":"product_tag","embeddable":true,"href":"https:\/\/roveyayinevi.com.tr\/index.php\/wp-json\/wp\/v2\/product_tag?post=725246"}],"curies":[{"name":"wp","href":"https:\/\/api.w.org\/{rel}","templated":true}]}}