{"id":725243,"date":"2025-08-27T19:47:25","date_gmt":"2025-08-27T16:47:25","guid":{"rendered":"https:\/\/roveyayinevi.com.tr\/index.php\/urun\/hadi-ormana-gidelim\/"},"modified":"2026-04-16T02:32:55","modified_gmt":"2026-04-15T23:32:55","slug":"hadi-ormana-gidelim","status":"publish","type":"product","link":"https:\/\/roveyayinevi.com.tr\/index.php\/urun\/hadi-ormana-gidelim\/","title":{"rendered":"Hadi Ormana Gidelim"},"content":{"rendered":"<p>Hadi Ormana Gidelim, orman hakk\u0131nda bildiklerimizi misliyle katlayacak metinleri, b\u00fcy\u00fck ebad\u0131 ve g\u00f6z al\u0131c\u0131 \u00e7izimleriyle hepimizi d\u00fcnya \u00e7ap\u0131nda bir hayal\u00ee orman gezisine davet ediyor.D\u00fcnyadaki t\u00fcm ormanlar\u0131 gezmeye haz\u0131r m\u0131s\u0131n?D\u00fcnyan\u0131n d\u00f6rt bir yan\u0131ndan \u00e7e\u015fit \u00e7e\u015fit a\u011fa\u00e7lar; rengarenk ku\u015flar, b\u00f6cekler, hayvanlar; i\u011fne yaprakl\u0131lar, yaprak d\u00f6kenler ve balta girmemi\u015f ya\u011fmur ormanlar\u0131n\u0131n hepsi bu kitapta.Sayfalar boyunca bir ormandan di\u011ferine ge\u00e7erken ye\u015filin binbir tonunu izlemeye doyamayacaks\u0131n. G\u00fczel ku\u015flar\u0131n \u00e7al\u0131 \u00e7\u0131rp\u0131 toplad\u0131\u011f\u0131, yarasalar\u0131n a\u011fa\u00e7 g\u00f6vdelerine s\u0131\u011f\u0131nd\u0131\u011f\u0131 bir yaprak d\u00f6ken orman\u0131n alacakaranl\u0131\u011f\u0131nda huzuru hissedeceksin. Sonra tepelerinde muhte\u015fem kel kartallar\u0131n u\u00e7tu\u011fu dev sekoya ormanlar\u0131n\u0131 ke\u015ffedeceksin. Bir senfoniyi and\u0131ran sesleriyle Amazon ormanlar\u0131nda d\u00fc\u015flere dalacaks\u0131n. A\u011fa\u00e7lar\u0131n, g\u00fczel gezegenimizin akci\u011ferleri oldu\u011funu ke\u015ffederken i\u00e7inde orman ku\u015flar\u0131 c\u0131v\u0131ldayacak.Hadi gel, beraber ormana gidelim!<\/p>\n","protected":false},"excerpt":{"rendered":"<p>Hadi Ormana Gidelim, orman hakk\u0131nda bildiklerimizi misliyle katlayacak metinleri, b\u00fcy\u00fck ebad\u0131 ve g\u00f6z al\u0131c\u0131 \u00e7izimleriyle hepimizi d\u00fcnya \u00e7ap\u0131nda bir hayal\u00ee orman gezisine davet ediyor.D\u00fcnyadaki t\u00fcm ormanlar\u0131<span class=\"excerpt-hellip\"> [\u2026]<\/span><\/p>\n","protected":false},"featured_media":0,"template":"","meta":{"_monsterinsights_skip_tracking":false,"_monsterinsights_sitenote_active":false,"_monsterinsights_sitenote_note":"","_monsterinsights_sitenote_category":0},"product_brand":[],"product_cat":[12274,12284],"product_tag":[],"class_list":{"0":"post-725243","1":"product","2":"type-product","3":"status-publish","5":"product_cat-cocuk-ve-genclik-kitaplari","6":"product_cat-hikayeler","7":"pa_cilt-ciltli","8":"pa_tur-kitap","9":"pa_yayinevi-taze-kitap","10":"pa_yazar-christiane-dorion","12":"first","13":"instock","14":"sale","15":"shipping-taxable","16":"purchasable","17":"product-type-simple"},"_links":{"self":[{"href":"https:\/\/roveyayinevi.com.tr\/index.php\/wp-json\/wp\/v2\/product\/725243","targetHints":{"allow":["GET"]}}],"collection":[{"href":"https:\/\/roveyayinevi.com.tr\/index.php\/wp-json\/wp\/v2\/product"}],"about":[{"href":"https:\/\/roveyayinevi.com.tr\/index.php\/wp-json\/wp\/v2\/types\/product"}],"wp:attachment":[{"href":"https:\/\/roveyayinevi.com.tr\/index.php\/wp-json\/wp\/v2\/media?parent=725243"}],"wp:term":[{"taxonomy":"product_brand","embeddable":true,"href":"https:\/\/roveyayinevi.com.tr\/index.php\/wp-json\/wp\/v2\/product_brand?post=725243"},{"taxonomy":"product_cat","embeddable":true,"href":"https:\/\/roveyayinevi.com.tr\/index.php\/wp-json\/wp\/v2\/product_cat?post=725243"},{"taxonomy":"product_tag","embeddable":true,"href":"https:\/\/roveyayinevi.com.tr\/index.php\/wp-json\/wp\/v2\/product_tag?post=725243"}],"curies":[{"name":"wp","href":"https:\/\/api.w.org\/{rel}","templated":true}]}}