{"id":725242,"date":"2025-08-27T19:47:24","date_gmt":"2025-08-27T16:47:24","guid":{"rendered":"https:\/\/roveyayinevi.com.tr\/index.php\/urun\/frankenstein-ilk-anatomi-kitabim\/"},"modified":"2026-04-16T02:32:55","modified_gmt":"2026-04-15T23:32:55","slug":"frankenstein-ilk-anatomi-kitabim","status":"publish","type":"product","link":"https:\/\/roveyayinevi.com.tr\/index.php\/urun\/frankenstein-ilk-anatomi-kitabim\/","title":{"rendered":"Frankenstein- \u0130lk Anatomi Kitab\u0131m"},"content":{"rendered":"<p>Bebeklerin edebiyattan lezzet almak i\u00e7in \u201ck\u00fc\u00e7\u00fck\u201d oldu\u011funu kim s\u00f6ylemi\u015f? \u00d6yle sananlar, d\u00fcnya edebiyat\u0131n\u0131n k\u00fclt eserlerini bebeklerle bulu\u015fturan Bebebiyat serisiyle tan\u0131\u015fmam\u0131\u015flar demek ki\u2026 Bebebiyat\u2019\u0131n her kitab\u0131 ilham\u0131n\u0131 \u00e7ocuk ve yeti\u015fkin edebiyat\u0131n\u0131n klasik eserlerinden al\u0131yor. Bebebiyat serisi sadece ilham ald\u0131\u011f\u0131 edebiyat eserlerinin \u00f6yk\u00fclerini basit y\u00f6nergelerle aktarmakla kalm\u0131yor; bebeklerin zihinsel geli\u015fimine de katk\u0131 sa\u011fl\u0131yor. \u201c\u0130lk renk kitab\u0131m\u201d, \u201c\u0130lk anatomi kitab\u0131m\u201d, \u201c\u0130lk macera kitab\u0131m\u2019\u2019, \u201c\u0130lk duygu kitab\u0131m\u201d gibi alt konu ba\u015fl\u0131klar\u0131yla Bebebiyat kitaplar\u0131, e\u011flendirici ve e\u011fitici olman\u0131n \u00f6tesinde, gelece\u011fin edebiyatseverlerinin edebiyat lezzetini tatt\u0131klar\u0131 ba\u015flang\u0131\u00e7 noktas\u0131 olacak. Bebebiyat serisinin \u201c\u0130lk anatomi kitab\u0131\u201d Frankenstein, gotik edebiyat\u0131n 202 ya\u015f\u0131ndaki klasik eserini bebeklerin de \u201cokuyabilece\u011fi\u201d hale getirdi. Eserin metnine ba\u011fl\u0131 kalarak bebeklere insan v\u00fccudunun b\u00f6l\u00fcmlerini tan\u0131tan Frankenstein, ebeveynlerin i\u015fini kolayla\u015ft\u0131racak e\u011flenceli \u00e7izimleri ve y\u00f6nergeleriyle edebiyat\u0131 bebeklerin minik avu\u00e7lar\u0131na s\u0131\u011fd\u0131r\u0131yor.<\/p>\n","protected":false},"excerpt":{"rendered":"<p>Bebeklerin edebiyattan lezzet almak i\u00e7in \u201ck\u00fc\u00e7\u00fck\u201d oldu\u011funu kim s\u00f6ylemi\u015f? \u00d6yle sananlar, d\u00fcnya edebiyat\u0131n\u0131n k\u00fclt eserlerini bebeklerle bulu\u015fturan Bebebiyat serisiyle tan\u0131\u015fmam\u0131\u015flar demek ki\u2026 Bebebiyat\u2019\u0131n her kitab\u0131 ilham\u0131n\u0131<span class=\"excerpt-hellip\"> [\u2026]<\/span><\/p>\n","protected":false},"featured_media":0,"template":"","meta":{"_monsterinsights_skip_tracking":false,"_monsterinsights_sitenote_active":false,"_monsterinsights_sitenote_note":"","_monsterinsights_sitenote_category":0},"product_brand":[],"product_cat":[13829,12274],"product_tag":[],"class_list":{"0":"post-725242","1":"product","2":"type-product","3":"status-publish","5":"product_cat-bilimsel-kitaplar","6":"product_cat-cocuk-ve-genclik-kitaplari","7":"pa_cilt-ciltli","8":"pa_tur-kitap","9":"pa_yayinevi-taze-kitap","10":"pa_yazar-jennifer-adams","12":"first","13":"instock","14":"sale","15":"shipping-taxable","16":"purchasable","17":"product-type-simple"},"_links":{"self":[{"href":"https:\/\/roveyayinevi.com.tr\/index.php\/wp-json\/wp\/v2\/product\/725242","targetHints":{"allow":["GET"]}}],"collection":[{"href":"https:\/\/roveyayinevi.com.tr\/index.php\/wp-json\/wp\/v2\/product"}],"about":[{"href":"https:\/\/roveyayinevi.com.tr\/index.php\/wp-json\/wp\/v2\/types\/product"}],"wp:attachment":[{"href":"https:\/\/roveyayinevi.com.tr\/index.php\/wp-json\/wp\/v2\/media?parent=725242"}],"wp:term":[{"taxonomy":"product_brand","embeddable":true,"href":"https:\/\/roveyayinevi.com.tr\/index.php\/wp-json\/wp\/v2\/product_brand?post=725242"},{"taxonomy":"product_cat","embeddable":true,"href":"https:\/\/roveyayinevi.com.tr\/index.php\/wp-json\/wp\/v2\/product_cat?post=725242"},{"taxonomy":"product_tag","embeddable":true,"href":"https:\/\/roveyayinevi.com.tr\/index.php\/wp-json\/wp\/v2\/product_tag?post=725242"}],"curies":[{"name":"wp","href":"https:\/\/api.w.org\/{rel}","templated":true}]}}