{"id":725239,"date":"2025-08-27T19:47:22","date_gmt":"2025-08-27T16:47:22","guid":{"rendered":"https:\/\/roveyayinevi.com.tr\/index.php\/urun\/dostum-dinozor\/"},"modified":"2025-09-29T01:48:34","modified_gmt":"2025-09-28T22:48:34","slug":"dostum-dinozor","status":"publish","type":"product","link":"https:\/\/roveyayinevi.com.tr\/index.php\/urun\/dostum-dinozor\/","title":{"rendered":"Dostum Dinozor"},"content":{"rendered":"<p>Dilek y\u0131ld\u0131zlar\u0131 o gece bir ba\u015fka parlad\u0131Havada r\u00fcyalar\u0131n m\u0131\u015f\u0131l m\u0131\u015f\u0131l kokusu vard\u0131.Ve g\u00f6r\u00fcn\u00fc\u015fe bak\u0131l\u0131rsa dev bir dinozor,Derin uykusundan uyan\u0131yordu zar zor.\u201dDostum Dinozor, uzak bir sahil kasabas\u0131nda ya\u015fayan k\u00fc\u00e7\u00fck Marianne\u2019nin hikayesi. G\u00fcnler boyunca yaln\u0131z ba\u015f\u0131na kumsalda kum kaz\u0131p dinozor fosilleri \u00e7\u0131karan Marianne sonunda b\u00fct\u00fcn kemikleri tamamlar ve bir dilek diler: Dinozorun canlan\u0131p en yak\u0131n arkada\u015f\u0131 olmas\u0131n\u0131!R\u00fcyalar, tek boynuzlu atlar, periler ve bulutlar aras\u0131ndan ula\u015f\u0131lan macera adas\u0131ndaki s\u00fcrprizlerle Dostum Dinozor, sab\u0131rl\u0131 ve ak\u0131ll\u0131 bir \u00e7ocu\u011fun hayaline kavu\u015fmas\u0131n\u0131 anlat\u0131yor. D\u00fc\u015flerinin pe\u015finden gitmeyi b\u0131rakmayan t\u00fcm \u00e7ocuklar i\u00e7in\u2026<\/p>\n","protected":false},"excerpt":{"rendered":"<p>Dilek y\u0131ld\u0131zlar\u0131 o gece bir ba\u015fka parlad\u0131Havada r\u00fcyalar\u0131n m\u0131\u015f\u0131l m\u0131\u015f\u0131l kokusu vard\u0131.Ve g\u00f6r\u00fcn\u00fc\u015fe bak\u0131l\u0131rsa dev bir dinozor,Derin uykusundan uyan\u0131yordu zar zor.\u201dDostum Dinozor, uzak bir sahil kasabas\u0131nda<span class=\"excerpt-hellip\"> [\u2026]<\/span><\/p>\n","protected":false},"featured_media":0,"template":"","meta":{"_monsterinsights_skip_tracking":false,"_monsterinsights_sitenote_active":false,"_monsterinsights_sitenote_note":"","_monsterinsights_sitenote_category":0},"product_brand":[],"product_cat":[12275,12274],"product_tag":[],"class_list":{"0":"post-725239","1":"product","2":"type-product","3":"status-publish","5":"product_cat-6-12-yas-kitaplari","6":"product_cat-cocuk-ve-genclik-kitaplari","7":"pa_cilt-ciltsiz","8":"pa_tur-kitap","9":"pa_yayinevi-taze-kitap","10":"pa_yazar-hollie-hughes","12":"first","13":"instock","14":"sale","15":"shipping-taxable","16":"purchasable","17":"product-type-simple"},"_links":{"self":[{"href":"https:\/\/roveyayinevi.com.tr\/index.php\/wp-json\/wp\/v2\/product\/725239","targetHints":{"allow":["GET"]}}],"collection":[{"href":"https:\/\/roveyayinevi.com.tr\/index.php\/wp-json\/wp\/v2\/product"}],"about":[{"href":"https:\/\/roveyayinevi.com.tr\/index.php\/wp-json\/wp\/v2\/types\/product"}],"wp:attachment":[{"href":"https:\/\/roveyayinevi.com.tr\/index.php\/wp-json\/wp\/v2\/media?parent=725239"}],"wp:term":[{"taxonomy":"product_brand","embeddable":true,"href":"https:\/\/roveyayinevi.com.tr\/index.php\/wp-json\/wp\/v2\/product_brand?post=725239"},{"taxonomy":"product_cat","embeddable":true,"href":"https:\/\/roveyayinevi.com.tr\/index.php\/wp-json\/wp\/v2\/product_cat?post=725239"},{"taxonomy":"product_tag","embeddable":true,"href":"https:\/\/roveyayinevi.com.tr\/index.php\/wp-json\/wp\/v2\/product_tag?post=725239"}],"curies":[{"name":"wp","href":"https:\/\/api.w.org\/{rel}","templated":true}]}}