{"id":725238,"date":"2025-08-27T19:47:21","date_gmt":"2025-08-27T16:47:21","guid":{"rendered":"https:\/\/roveyayinevi.com.tr\/index.php\/urun\/copteki-mutluluk\/"},"modified":"2026-04-16T02:32:54","modified_gmt":"2026-04-15T23:32:54","slug":"copteki-mutluluk","status":"publish","type":"product","link":"https:\/\/roveyayinevi.com.tr\/index.php\/urun\/copteki-mutluluk\/","title":{"rendered":"\u00c7\u00f6pteki Mutluluk"},"content":{"rendered":"<p>Mert farkl\u0131 davran\u0131\u015flar y\u00fcz\u00fcnden s\u0131n\u0131ftakiler taraf\u0131ndan garip bulunan bir \u00e7ocuktur. Hi\u00e7 kimseyle sorun ya\u015famamas\u0131na ra\u011fmen herkes ondan uzak durmaya \u00e7al\u0131\u015fmaktad\u0131r.Asl\u0131nda Mert\u2019in d\u00fcnyay\u0131 de\u011fi\u015ftirebilecek k\u00fc\u00e7\u00fck bir s\u0131rr\u0131 vard\u0131r. Merakl\u0131 bir arkada\u015f grubu dalga ge\u00e7mek i\u00e7in bu s\u0131rr\u0131 a\u00e7\u0131\u011fa \u00e7\u0131karmaya karar verir. Ancak kar\u015f\u0131la\u015ft\u0131klar\u0131 ger\u00e7ekle hayata bak\u0131\u015flar\u0131 tamamen de\u011fi\u015fecektir.<\/p>\n","protected":false},"excerpt":{"rendered":"<p>Mert farkl\u0131 davran\u0131\u015flar y\u00fcz\u00fcnden s\u0131n\u0131ftakiler taraf\u0131ndan garip bulunan bir \u00e7ocuktur. Hi\u00e7 kimseyle sorun ya\u015famamas\u0131na ra\u011fmen herkes ondan uzak durmaya \u00e7al\u0131\u015fmaktad\u0131r.Asl\u0131nda Mert\u2019in d\u00fcnyay\u0131 de\u011fi\u015ftirebilecek k\u00fc\u00e7\u00fck bir s\u0131rr\u0131<span class=\"excerpt-hellip\"> [\u2026]<\/span><\/p>\n","protected":false},"featured_media":0,"template":"","meta":{"_monsterinsights_skip_tracking":false,"_monsterinsights_sitenote_active":false,"_monsterinsights_sitenote_note":"","_monsterinsights_sitenote_category":0},"product_brand":[],"product_cat":[12274,12284],"product_tag":[],"class_list":{"0":"post-725238","1":"product","2":"type-product","3":"status-publish","5":"product_cat-cocuk-ve-genclik-kitaplari","6":"product_cat-hikayeler","7":"pa_cilt-ciltsiz","8":"pa_tur-kitap","9":"pa_yayinevi-acayip-kitaplar","10":"pa_yazar-nalan-sarikaya","12":"first","13":"instock","14":"sale","15":"shipping-taxable","16":"purchasable","17":"product-type-simple"},"_links":{"self":[{"href":"https:\/\/roveyayinevi.com.tr\/index.php\/wp-json\/wp\/v2\/product\/725238","targetHints":{"allow":["GET"]}}],"collection":[{"href":"https:\/\/roveyayinevi.com.tr\/index.php\/wp-json\/wp\/v2\/product"}],"about":[{"href":"https:\/\/roveyayinevi.com.tr\/index.php\/wp-json\/wp\/v2\/types\/product"}],"wp:attachment":[{"href":"https:\/\/roveyayinevi.com.tr\/index.php\/wp-json\/wp\/v2\/media?parent=725238"}],"wp:term":[{"taxonomy":"product_brand","embeddable":true,"href":"https:\/\/roveyayinevi.com.tr\/index.php\/wp-json\/wp\/v2\/product_brand?post=725238"},{"taxonomy":"product_cat","embeddable":true,"href":"https:\/\/roveyayinevi.com.tr\/index.php\/wp-json\/wp\/v2\/product_cat?post=725238"},{"taxonomy":"product_tag","embeddable":true,"href":"https:\/\/roveyayinevi.com.tr\/index.php\/wp-json\/wp\/v2\/product_tag?post=725238"}],"curies":[{"name":"wp","href":"https:\/\/api.w.org\/{rel}","templated":true}]}}