{"id":725235,"date":"2025-08-27T19:47:18","date_gmt":"2025-08-27T16:47:18","guid":{"rendered":"https:\/\/roveyayinevi.com.tr\/index.php\/urun\/elden-dusme-dunya\/"},"modified":"2026-04-15T02:43:41","modified_gmt":"2026-04-14T23:43:41","slug":"elden-dusme-dunya","status":"publish","type":"product","link":"https:\/\/roveyayinevi.com.tr\/index.php\/urun\/elden-dusme-dunya\/","title":{"rendered":"Elden D\u00fc\u015fme D\u00fcnya"},"content":{"rendered":"<p>Elden D\u00fc\u015fme D\u00fcnya; \u201cg\u00fcncel\u201d insanl\u0131k hallerinin bir Genazino kahraman\u0131n\u0131n zihninde i\u015flenmesiyle ortaya \u00e7\u0131kan tuhafl\u0131klar\u0131n roman\u0131.\u201cBu manzara alabildi\u011fine ho\u015fuma gitti\u011fi halde g\u00f6\u011fs\u00fcmde bir s\u0131z\u0131 hissediyordum. \u00c7\u00fcnk\u00fc g\u00fczelli\u011fin acayip taraf\u0131, insan\u0131n onu sadece seyredebilmesidir. Bir taraf\u0131n\u0131 al\u0131p evine g\u00f6t\u00fcremez veya k\u00fc\u00e7\u00fck bir par\u00e7as\u0131n\u0131 \u00f6zel bir yerde saklayamaz. \u0130nsan g\u00fczelli\u011fe ancak hep bakar durur, fazlas\u0131n\u0131 elde edemez. Uzun uzun bakt\u0131ktan sonra yoluna devam etmek zorundad\u0131r.\u201dElden D\u00fc\u015fme Diinya\u2019n\u0131n serbest mimar olarak \u00e7al\u0131\u015fan isimsiz anlat\u0131c\u0131s\u0131, bir meslekta\u015f\u0131n\u0131n \u00f6l\u00fcm\u00fc \u00fczerine onun \u015firketinden gelen i\u015f teklifini kabul eder. B\u00f6ylece o g\u00fcne dek kendisini uzak tutmaya \u00e7al\u0131\u015ft\u0131\u011f\u0131 modern d\u00fcnyan\u0131n i\u015f ve ili\u015fkiler a\u011f\u0131na, biraz da kendi r\u0131zas\u0131yla d\u00fc\u015fm\u00fc\u015f olur. Bir zaman sonra da kendisinin, ya\u015fad\u0131\u011f\u0131 a\u015fk\u0131n, katlanmak zorunda oldu\u011fu i\u015fin, k\u0131sacas\u0131 her \u015feyin \u00e2deta \u201celden d\u00fc\u015fme\u201d oldu\u011fu ger\u00e7e\u011fini kavrar. \u0130nsan olman\u0131n kaderine kendince ba\u015fkald\u0131rd\u0131\u011f\u0131 her seferde karars\u0131zl\u0131k, \u00e7eli\u015fki ve pi\u015fmanl\u0131k yuma\u011f\u0131na hapsolurken, hayat\u0131 bir par\u00e7a daha farsa d\u00f6n\u00fc\u015f\u00fcr.\u0130\u00e7 monologlar\u0131, d\u00fcnyay\u0131 ve ya\u015fam\u0131 yorumlay\u0131\u015f\u0131, anla\u015f\u0131lmaz kararlar\u0131 ve eylemleriyle yine ele avuca s\u0131\u011fmaz bir kahraman\u0131n roman\u0131 olan Elden D\u00fc\u015fme D\u00fcnya, Tevfik Turan\u2019\u0131n Almanca asl\u0131ndan \u00e7evirisiyle. . .<\/p>\n","protected":false},"excerpt":{"rendered":"<p>Elden D\u00fc\u015fme D\u00fcnya; \u201cg\u00fcncel\u201d insanl\u0131k hallerinin bir Genazino kahraman\u0131n\u0131n zihninde i\u015flenmesiyle ortaya \u00e7\u0131kan tuhafl\u0131klar\u0131n roman\u0131.\u201cBu manzara alabildi\u011fine ho\u015fuma gitti\u011fi halde g\u00f6\u011fs\u00fcmde bir s\u0131z\u0131 hissediyordum. \u00c7\u00fcnk\u00fc g\u00fczelli\u011fin<span class=\"excerpt-hellip\"> [\u2026]<\/span><\/p>\n","protected":false},"featured_media":0,"template":"","meta":{"_monsterinsights_skip_tracking":false,"_monsterinsights_sitenote_active":false,"_monsterinsights_sitenote_note":"","_monsterinsights_sitenote_category":0},"product_brand":[],"product_cat":[12291,12711],"product_tag":[],"class_list":{"0":"post-725235","1":"product","2":"type-product","3":"status-publish","5":"product_cat-edebiyat","6":"product_cat-roman-oyku","7":"pa_cilt-ciltsiz","8":"pa_tur-kitap","9":"pa_yayinevi-jaguar-kitap","10":"pa_yazar-wilhelm-genazino","12":"first","13":"instock","14":"sale","15":"shipping-taxable","16":"purchasable","17":"product-type-simple"},"_links":{"self":[{"href":"https:\/\/roveyayinevi.com.tr\/index.php\/wp-json\/wp\/v2\/product\/725235","targetHints":{"allow":["GET"]}}],"collection":[{"href":"https:\/\/roveyayinevi.com.tr\/index.php\/wp-json\/wp\/v2\/product"}],"about":[{"href":"https:\/\/roveyayinevi.com.tr\/index.php\/wp-json\/wp\/v2\/types\/product"}],"wp:attachment":[{"href":"https:\/\/roveyayinevi.com.tr\/index.php\/wp-json\/wp\/v2\/media?parent=725235"}],"wp:term":[{"taxonomy":"product_brand","embeddable":true,"href":"https:\/\/roveyayinevi.com.tr\/index.php\/wp-json\/wp\/v2\/product_brand?post=725235"},{"taxonomy":"product_cat","embeddable":true,"href":"https:\/\/roveyayinevi.com.tr\/index.php\/wp-json\/wp\/v2\/product_cat?post=725235"},{"taxonomy":"product_tag","embeddable":true,"href":"https:\/\/roveyayinevi.com.tr\/index.php\/wp-json\/wp\/v2\/product_tag?post=725235"}],"curies":[{"name":"wp","href":"https:\/\/api.w.org\/{rel}","templated":true}]}}