{"id":725234,"date":"2025-08-27T19:47:17","date_gmt":"2025-08-27T16:47:17","guid":{"rendered":"https:\/\/roveyayinevi.com.tr\/index.php\/urun\/tarihyazimi-2\/"},"modified":"2026-04-16T02:32:54","modified_gmt":"2026-04-15T23:32:54","slug":"tarihyazimi-2","status":"publish","type":"product","link":"https:\/\/roveyayinevi.com.tr\/index.php\/urun\/tarihyazimi-2\/","title":{"rendered":"Tarihyaz\u0131m\u0131"},"content":{"rendered":"<p>Tarih yapmak demek zamanla ili\u015fki kurmak demektir. D\u00f6rt y\u00fczy\u0131ldan bu yana Bat\u0131l\u0131 tarihyaz\u0131m\u0131 \u015fimdiki zaman\u0131 ge\u00e7mi\u015ften ay\u0131ran bir kopukluk \u015feklinde tan\u0131mlan\u0131r. Ya\u015fanm\u0131\u015f gelene\u011fe uzaktan bakarak bir bilgi nesnesine d\u00f6n\u00fc\u015ft\u00fcrme \u00e7abas\u0131n\u0131 yaz\u0131n\u0131n al\u0131nyaz\u0131s\u0131ndan ay\u0131rmak olanaks\u0131zd\u0131r. Tarihi yazmak demek bir ge\u00e7mi\u015fi y\u00f6nlendirmek, s\u0131n\u0131rland\u0131rmak, olgulardan olu\u015fan de\u011fi\u015fik malzemeleri bir d\u00fczene sokarak i\u00e7inde ya\u015fanan \u015fimdiki zaman diliminde mant\u0131kl\u0131 bir a\u00e7\u0131klama yapmak, s\u00f6zelden kurtulup, kurmacay\u0131 yads\u0131mak demektir. Bir toplum i\u00e7in b\u00f6yle bir \u015fey yapmak a\u00e7\u0131klanmas\u0131 zor bir toplumsal yap\u0131 yerine denetim alt\u0131na al\u0131nm\u0131\u015f bir geli\u015fmeye \u201craz\u0131 olmak\u201d demektir. B\u00f6ylelikle, Machiavelli\u2019den bu yana, tarihin, tarihi \u00fcreten politik iktidar taraf\u0131nda yer ald\u0131\u011f\u0131 g\u00f6r\u00fcl\u00fcr.Michel de Certeau klasik yap\u0131t\u0131nda tarihyaz\u0131m\u0131n\u0131 belirleyen i\u015flemlerin \u00f6zelliklerini s\u0131ralamaktad\u0131r: Bir nesne \u00fcretmek, bir s\u00fcre belirlemek, bir \u00f6yk\u00fc tasarlamak.Tarih bilgisi keza tarihten d\u0131\u015flananlar\u0131 da kapsar. Yaz\u0131yla dayan\u0131\u015fma halinde olan tarih s\u00f6zellikten kurtulup, ister ilk etnografik \u00f6yk\u00fclerde yer alan vah\u015finin sesi ister 17. y\u00fczy\u0131l Fransas\u0131\u2019ndaki ruhunu \u015feytana kapt\u0131rm\u0131\u015f kad\u0131n\u0131n s\u00f6zleri olsun onu \u00f6tekine ait bir mek\u00e2na d\u00f6n\u00fc\u015ft\u00fcr\u00fcr. Bilimsel bir niteli\u011fe sahip oldu\u011fundaysa kurmacaya, ba\u015fka bir deyi\u015fle kurmaca ve kuram\u0131 birbirine eklemlemeye \u00e7al\u0131\u015fan Freudcu tarihyaz\u0131m\u0131n\u0131 \u2013ve Freud\u2019un Musa hakk\u0131ndaki \u201croman\u0131n\u0131\u201d\u2013 yeniden okuma giri\u015fiminde bulunan bir denemeye benzemeyi reddeder. B\u00f6yle bir \u015fey yapmak tarih\u00e7inin bizzat yapt\u0131\u011f\u0131 \u00e7al\u0131\u015fmay\u0131 sorgulayan bir ba\u015fka kavray\u0131\u015f modelini devreye sokmak demektir.<\/p>\n","protected":false},"excerpt":{"rendered":"<p>Tarih yapmak demek zamanla ili\u015fki kurmak demektir. D\u00f6rt y\u00fczy\u0131ldan bu yana Bat\u0131l\u0131 tarihyaz\u0131m\u0131 \u015fimdiki zaman\u0131 ge\u00e7mi\u015ften ay\u0131ran bir kopukluk \u015feklinde tan\u0131mlan\u0131r. Ya\u015fanm\u0131\u015f gelene\u011fe uzaktan bakarak bir<span class=\"excerpt-hellip\"> [\u2026]<\/span><\/p>\n","protected":false},"featured_media":0,"template":"","meta":{"_monsterinsights_skip_tracking":false,"_monsterinsights_sitenote_active":false,"_monsterinsights_sitenote_note":"","_monsterinsights_sitenote_category":0},"product_brand":[],"product_cat":[12312,12304],"product_tag":[],"class_list":{"0":"post-725234","1":"product","2":"type-product","3":"status-publish","5":"product_cat-diger","6":"product_cat-tarih","7":"pa_cilt-ciltsiz","8":"pa_tur-kitap","9":"pa_yayinevi-dogu-bati-yayinlari","10":"pa_yazar-michel-de-certeau","12":"first","13":"instock","14":"sale","15":"shipping-taxable","16":"purchasable","17":"product-type-simple"},"_links":{"self":[{"href":"https:\/\/roveyayinevi.com.tr\/index.php\/wp-json\/wp\/v2\/product\/725234","targetHints":{"allow":["GET"]}}],"collection":[{"href":"https:\/\/roveyayinevi.com.tr\/index.php\/wp-json\/wp\/v2\/product"}],"about":[{"href":"https:\/\/roveyayinevi.com.tr\/index.php\/wp-json\/wp\/v2\/types\/product"}],"wp:attachment":[{"href":"https:\/\/roveyayinevi.com.tr\/index.php\/wp-json\/wp\/v2\/media?parent=725234"}],"wp:term":[{"taxonomy":"product_brand","embeddable":true,"href":"https:\/\/roveyayinevi.com.tr\/index.php\/wp-json\/wp\/v2\/product_brand?post=725234"},{"taxonomy":"product_cat","embeddable":true,"href":"https:\/\/roveyayinevi.com.tr\/index.php\/wp-json\/wp\/v2\/product_cat?post=725234"},{"taxonomy":"product_tag","embeddable":true,"href":"https:\/\/roveyayinevi.com.tr\/index.php\/wp-json\/wp\/v2\/product_tag?post=725234"}],"curies":[{"name":"wp","href":"https:\/\/api.w.org\/{rel}","templated":true}]}}