{"id":725228,"date":"2025-08-27T19:46:37","date_gmt":"2025-08-27T16:46:37","guid":{"rendered":"https:\/\/roveyayinevi.com.tr\/index.php\/urun\/munferit-tatile-giderse\/"},"modified":"2026-04-16T02:32:54","modified_gmt":"2026-04-15T23:32:54","slug":"munferit-tatile-giderse","status":"publish","type":"product","link":"https:\/\/roveyayinevi.com.tr\/index.php\/urun\/munferit-tatile-giderse\/","title":{"rendered":"M\u00fcnferit Tatile Giderse"},"content":{"rendered":"<p>M\u00fcnferit, 2 yeti\u015fkin + 2 \u00e7ocuk tatil yapmay\u0131 d\u00fc\u015f\u00fcn\u00fcr ve fiyat bilgisi ister.\u0130stedi\u011fi tarihlerde fiyat bilgisini veririm.M\u00fcnferit : 13 ya\u015f\u0131ndakinden de \u00fccret al\u0131yor musunuz?Evet, beyefendi 13 ya\u015f art\u0131k yeti\u015fkin oluyor.Siz onu \u00e7ocuk olarak kabul edin.Ben etsem de, sistemimiz kabul etmez.Sistem nereden bilecek?Otele geldi\u011finizde, kimlikleriniz al\u0131n\u0131yor ve \u00e7ocu\u011funuz ya\u015f\u0131Ortaya \u00e7\u0131k\u0131yor.O zaman s\u00f6yleyin, \u00e7ocu\u011fumdan kimlik istemesinler!Abi ak\u0131l i\u015fi de\u011fil; \u201c 2 kuru\u015f az para \u00f6densin diye neredeyse \u00e7ocu\u011funuKimliksiz dola\u015ft\u0131racak insanlar var.\u201d<\/p>\n","protected":false},"excerpt":{"rendered":"<p>M\u00fcnferit, 2 yeti\u015fkin + 2 \u00e7ocuk tatil yapmay\u0131 d\u00fc\u015f\u00fcn\u00fcr ve fiyat bilgisi ister.\u0130stedi\u011fi tarihlerde fiyat bilgisini veririm.M\u00fcnferit : 13 ya\u015f\u0131ndakinden de \u00fccret al\u0131yor musunuz?Evet, beyefendi 13<span class=\"excerpt-hellip\"> [\u2026]<\/span><\/p>\n","protected":false},"featured_media":0,"template":"","meta":{"_monsterinsights_skip_tracking":false,"_monsterinsights_sitenote_active":false,"_monsterinsights_sitenote_note":"","_monsterinsights_sitenote_category":0},"product_brand":[],"product_cat":[12291,14825],"product_tag":[],"class_list":{"0":"post-725228","1":"product","2":"type-product","3":"status-publish","5":"product_cat-edebiyat","6":"product_cat-mizah","7":"pa_cilt-ciltsiz","8":"pa_tur-kitap","9":"pa_yayinevi-nergiz-yayinlari","10":"pa_yazar-gulsah-islamoglu","12":"first","13":"instock","14":"sale","15":"shipping-taxable","16":"purchasable","17":"product-type-simple"},"_links":{"self":[{"href":"https:\/\/roveyayinevi.com.tr\/index.php\/wp-json\/wp\/v2\/product\/725228","targetHints":{"allow":["GET"]}}],"collection":[{"href":"https:\/\/roveyayinevi.com.tr\/index.php\/wp-json\/wp\/v2\/product"}],"about":[{"href":"https:\/\/roveyayinevi.com.tr\/index.php\/wp-json\/wp\/v2\/types\/product"}],"wp:attachment":[{"href":"https:\/\/roveyayinevi.com.tr\/index.php\/wp-json\/wp\/v2\/media?parent=725228"}],"wp:term":[{"taxonomy":"product_brand","embeddable":true,"href":"https:\/\/roveyayinevi.com.tr\/index.php\/wp-json\/wp\/v2\/product_brand?post=725228"},{"taxonomy":"product_cat","embeddable":true,"href":"https:\/\/roveyayinevi.com.tr\/index.php\/wp-json\/wp\/v2\/product_cat?post=725228"},{"taxonomy":"product_tag","embeddable":true,"href":"https:\/\/roveyayinevi.com.tr\/index.php\/wp-json\/wp\/v2\/product_tag?post=725228"}],"curies":[{"name":"wp","href":"https:\/\/api.w.org\/{rel}","templated":true}]}}