{"id":725227,"date":"2025-08-27T19:46:37","date_gmt":"2025-08-27T16:46:37","guid":{"rendered":"https:\/\/roveyayinevi.com.tr\/index.php\/urun\/kirli-camasirlar-camasir-makinesine-karsi\/"},"modified":"2026-04-16T02:32:54","modified_gmt":"2026-04-15T23:32:54","slug":"kirli-camasirlar-camasir-makinesine-karsi","status":"publish","type":"product","link":"https:\/\/roveyayinevi.com.tr\/index.php\/urun\/kirli-camasirlar-camasir-makinesine-karsi\/","title":{"rendered":"Kirli \u00c7ama\u015f\u0131rlar \u00c7ama\u015f\u0131r Makinesine Kar\u015f\u0131"},"content":{"rendered":"<p>Hik\u00e2yemizin \u00fc\u00e7 kahraman\u0131 var: Eskiden \u00e7ok pop\u00fcler olan ama art\u0131k g\u00f6zden d\u00fc\u015fen YER BEZ\u0130, e\u015fi gizemli bir olay sonucu kaybolan TEK \u00c7ORAP, haftada \u00fc\u00e7 kez y\u0131kanmaktan b\u0131k\u0131p usanan KAP\u00dc\u015eONLU\u2026\u00dc\u00e7 kafadar, KORKUSUZ KOKU\u015eMU\u015eLAR \u00c7ETES\u0130\u2019ni kurdu.Hep \u00e7al\u0131\u015fan, durmadan d\u00f6n\u00fcp duran \u00e7ama\u015f\u0131r makinesini yenmek i\u00e7in parlak bir fikir buldular.Zorlu ama \u00e7ok heyecanl\u0131 bir ser\u00fcven onlar\u0131 bekliyordu.<\/p>\n","protected":false},"excerpt":{"rendered":"<p>Hik\u00e2yemizin \u00fc\u00e7 kahraman\u0131 var: Eskiden \u00e7ok pop\u00fcler olan ama art\u0131k g\u00f6zden d\u00fc\u015fen YER BEZ\u0130, e\u015fi gizemli bir olay sonucu kaybolan TEK \u00c7ORAP, haftada \u00fc\u00e7 kez y\u0131kanmaktan<span class=\"excerpt-hellip\"> [\u2026]<\/span><\/p>\n","protected":false},"featured_media":0,"template":"","meta":{"_monsterinsights_skip_tracking":false,"_monsterinsights_sitenote_active":false,"_monsterinsights_sitenote_note":"","_monsterinsights_sitenote_category":0},"product_brand":[],"product_cat":[12275,12274],"product_tag":[],"class_list":{"0":"post-725227","1":"product","2":"type-product","3":"status-publish","5":"product_cat-6-12-yas-kitaplari","6":"product_cat-cocuk-ve-genclik-kitaplari","7":"pa_cilt-ciltsiz","8":"pa_tur-kitap","9":"pa_yayinevi-is-bankasi-kultur-yayinlari","10":"pa_yazar-ezgi-emel","12":"first","13":"instock","14":"sale","15":"shipping-taxable","16":"purchasable","17":"product-type-simple"},"_links":{"self":[{"href":"https:\/\/roveyayinevi.com.tr\/index.php\/wp-json\/wp\/v2\/product\/725227","targetHints":{"allow":["GET"]}}],"collection":[{"href":"https:\/\/roveyayinevi.com.tr\/index.php\/wp-json\/wp\/v2\/product"}],"about":[{"href":"https:\/\/roveyayinevi.com.tr\/index.php\/wp-json\/wp\/v2\/types\/product"}],"wp:attachment":[{"href":"https:\/\/roveyayinevi.com.tr\/index.php\/wp-json\/wp\/v2\/media?parent=725227"}],"wp:term":[{"taxonomy":"product_brand","embeddable":true,"href":"https:\/\/roveyayinevi.com.tr\/index.php\/wp-json\/wp\/v2\/product_brand?post=725227"},{"taxonomy":"product_cat","embeddable":true,"href":"https:\/\/roveyayinevi.com.tr\/index.php\/wp-json\/wp\/v2\/product_cat?post=725227"},{"taxonomy":"product_tag","embeddable":true,"href":"https:\/\/roveyayinevi.com.tr\/index.php\/wp-json\/wp\/v2\/product_tag?post=725227"}],"curies":[{"name":"wp","href":"https:\/\/api.w.org\/{rel}","templated":true}]}}