{"id":725220,"date":"2025-08-27T19:46:31","date_gmt":"2025-08-27T16:46:31","guid":{"rendered":"https:\/\/roveyayinevi.com.tr\/index.php\/urun\/sis-ve-soz\/"},"modified":"2026-04-16T02:32:54","modified_gmt":"2026-04-15T23:32:54","slug":"sis-ve-soz","status":"publish","type":"product","link":"https:\/\/roveyayinevi.com.tr\/index.php\/urun\/sis-ve-soz\/","title":{"rendered":"Sis ve S\u00f6z"},"content":{"rendered":"<p>sessizlik korosunuizliyorumyaln\u0131zl\u0131k orman\u0131nda\u00f6ncesini sonras\u0131n\u0131 toplam\u0131\u015f zamanevcil f\u0131s\u0131lt\u0131lar\u0131 susturup\u0131ss\u0131zl\u0131\u011f\u0131 \u00e7o\u011falt\u0131yorg\u00f6ky\u00fcz\u00fcne bak\u0131yorumg\u00fcm\u00fc\u015f tepsi par\u00e7alanm\u0131\u015fs\u0131k\u0131lm\u0131\u015f d\u00f6ng\u00fcs\u00fcndeny\u0131ld\u0131z olmak istiyoryasland\u0131\u011f\u0131m kuru a\u011fa\u00e7g\u00fcne\u015fi ve nehri soruyorya\u011fmuru ve \u00e7imenleridallar\u0131nda \u00f6l\u00fc ku\u015flar\u00f6l\u00fc ku\u015fun bakt\u0131\u011f\u0131 bo\u015flu\u011fag\u00fcl\u00fcms\u00fcyorum<\/p>\n","protected":false},"excerpt":{"rendered":"<p>sessizlik korosunuizliyorumyaln\u0131zl\u0131k orman\u0131nda\u00f6ncesini sonras\u0131n\u0131 toplam\u0131\u015f zamanevcil f\u0131s\u0131lt\u0131lar\u0131 susturup\u0131ss\u0131zl\u0131\u011f\u0131 \u00e7o\u011falt\u0131yorg\u00f6ky\u00fcz\u00fcne bak\u0131yorumg\u00fcm\u00fc\u015f tepsi par\u00e7alanm\u0131\u015fs\u0131k\u0131lm\u0131\u015f d\u00f6ng\u00fcs\u00fcndeny\u0131ld\u0131z olmak istiyoryasland\u0131\u011f\u0131m kuru a\u011fa\u00e7g\u00fcne\u015fi ve nehri soruyorya\u011fmuru ve \u00e7imenleridallar\u0131nda \u00f6l\u00fc ku\u015flar\u00f6l\u00fc ku\u015fun bakt\u0131\u011f\u0131<span class=\"excerpt-hellip\"> [\u2026]<\/span><\/p>\n","protected":false},"featured_media":0,"template":"","meta":{"_monsterinsights_skip_tracking":false,"_monsterinsights_sitenote_active":false,"_monsterinsights_sitenote_note":"","_monsterinsights_sitenote_category":0},"product_brand":[],"product_cat":[12291,12509],"product_tag":[],"class_list":{"0":"post-725220","1":"product","2":"type-product","3":"status-publish","5":"product_cat-edebiyat","6":"product_cat-siir","7":"pa_cilt-ciltsiz","8":"pa_tur-kitap","9":"pa_yayinevi-favori-yayinlari","10":"pa_yazar-toprak-tomurcuk","12":"first","13":"instock","14":"sale","15":"shipping-taxable","16":"purchasable","17":"product-type-simple"},"_links":{"self":[{"href":"https:\/\/roveyayinevi.com.tr\/index.php\/wp-json\/wp\/v2\/product\/725220","targetHints":{"allow":["GET"]}}],"collection":[{"href":"https:\/\/roveyayinevi.com.tr\/index.php\/wp-json\/wp\/v2\/product"}],"about":[{"href":"https:\/\/roveyayinevi.com.tr\/index.php\/wp-json\/wp\/v2\/types\/product"}],"wp:attachment":[{"href":"https:\/\/roveyayinevi.com.tr\/index.php\/wp-json\/wp\/v2\/media?parent=725220"}],"wp:term":[{"taxonomy":"product_brand","embeddable":true,"href":"https:\/\/roveyayinevi.com.tr\/index.php\/wp-json\/wp\/v2\/product_brand?post=725220"},{"taxonomy":"product_cat","embeddable":true,"href":"https:\/\/roveyayinevi.com.tr\/index.php\/wp-json\/wp\/v2\/product_cat?post=725220"},{"taxonomy":"product_tag","embeddable":true,"href":"https:\/\/roveyayinevi.com.tr\/index.php\/wp-json\/wp\/v2\/product_tag?post=725220"}],"curies":[{"name":"wp","href":"https:\/\/api.w.org\/{rel}","templated":true}]}}