{"id":725219,"date":"2025-08-27T19:46:30","date_gmt":"2025-08-27T16:46:30","guid":{"rendered":"https:\/\/roveyayinevi.com.tr\/index.php\/urun\/nisaninsan\/"},"modified":"2026-04-16T02:32:54","modified_gmt":"2026-04-15T23:32:54","slug":"nisaninsan","status":"publish","type":"product","link":"https:\/\/roveyayinevi.com.tr\/index.php\/urun\/nisaninsan\/","title":{"rendered":"Nisaninsan"},"content":{"rendered":"<p>bahar g\u00fcne\u015fi\u0131s\u0131t\u0131r da topra\u011f\u0131\u00f6l\u00fcler \u00fc\u015f\u00fcr***damda uyudummilyonlarca y\u0131ld\u0131zdankonfetilerle***r\u00fczg\u00e2r tar\u0131yororman\u0131n sa\u00e7lar\u0131n\u0131turuncu k\u0131z\u0131l***beyaz ovadakapkara korkularlako\u015fuyor tav\u015fan<\/p>\n","protected":false},"excerpt":{"rendered":"<p>bahar g\u00fcne\u015fi\u0131s\u0131t\u0131r da topra\u011f\u0131\u00f6l\u00fcler \u00fc\u015f\u00fcr***damda uyudummilyonlarca y\u0131ld\u0131zdankonfetilerle***r\u00fczg\u00e2r tar\u0131yororman\u0131n sa\u00e7lar\u0131n\u0131turuncu k\u0131z\u0131l***beyaz ovadakapkara korkularlako\u015fuyor tav\u015fan<\/p>\n","protected":false},"featured_media":0,"template":"","meta":{"_monsterinsights_skip_tracking":false,"_monsterinsights_sitenote_active":false,"_monsterinsights_sitenote_note":"","_monsterinsights_sitenote_category":0},"product_brand":[],"product_cat":[12291,12509],"product_tag":[],"class_list":{"0":"post-725219","1":"product","2":"type-product","3":"status-publish","5":"product_cat-edebiyat","6":"product_cat-siir","7":"pa_cilt-ciltsiz","8":"pa_tur-kitap","9":"pa_yayinevi-favori-yayinlari","10":"pa_yazar-toprak-tomurcuk","12":"first","13":"instock","14":"sale","15":"shipping-taxable","16":"purchasable","17":"product-type-simple"},"_links":{"self":[{"href":"https:\/\/roveyayinevi.com.tr\/index.php\/wp-json\/wp\/v2\/product\/725219","targetHints":{"allow":["GET"]}}],"collection":[{"href":"https:\/\/roveyayinevi.com.tr\/index.php\/wp-json\/wp\/v2\/product"}],"about":[{"href":"https:\/\/roveyayinevi.com.tr\/index.php\/wp-json\/wp\/v2\/types\/product"}],"wp:attachment":[{"href":"https:\/\/roveyayinevi.com.tr\/index.php\/wp-json\/wp\/v2\/media?parent=725219"}],"wp:term":[{"taxonomy":"product_brand","embeddable":true,"href":"https:\/\/roveyayinevi.com.tr\/index.php\/wp-json\/wp\/v2\/product_brand?post=725219"},{"taxonomy":"product_cat","embeddable":true,"href":"https:\/\/roveyayinevi.com.tr\/index.php\/wp-json\/wp\/v2\/product_cat?post=725219"},{"taxonomy":"product_tag","embeddable":true,"href":"https:\/\/roveyayinevi.com.tr\/index.php\/wp-json\/wp\/v2\/product_tag?post=725219"}],"curies":[{"name":"wp","href":"https:\/\/api.w.org\/{rel}","templated":true}]}}