{"id":725216,"date":"2025-08-27T19:46:28","date_gmt":"2025-08-27T16:46:28","guid":{"rendered":"https:\/\/roveyayinevi.com.tr\/index.php\/urun\/siginmaci-devrimi-son-goc-dalgasi-dunyayi-nasil-tumuyle-degistirdi\/"},"modified":"2026-04-16T02:32:54","modified_gmt":"2026-04-15T23:32:54","slug":"siginmaci-devrimi-son-goc-dalgasi-dunyayi-nasil-tumuyle-degistirdi","status":"publish","type":"product","link":"https:\/\/roveyayinevi.com.tr\/index.php\/urun\/siginmaci-devrimi-son-goc-dalgasi-dunyayi-nasil-tumuyle-degistirdi\/","title":{"rendered":"S\u0131\u011f\u0131nmac\u0131 Devrimi Son G\u00f6\u00e7 Dalgas\u0131 D\u00fcnyay\u0131 Nas\u0131l T\u00fcm\u00fcyle De\u011fi\u015ftirdi?"},"content":{"rendered":"<p>Bir s\u00fcredir 21. y\u00fczy\u0131l\u0131n ilk b\u00fcy\u00fck g\u00f6\u00e7 hareketine tan\u0131k oluyoruz ama g\u00f6\u00e7 olgusu asl\u0131nda y\u0131llard\u0131r d\u00fcnyan\u0131n her yerinde olanca h\u0131z\u0131yla s\u00fcr\u00fcyor. Birle\u015fmi\u015f Milletler M\u00fclteciler Y\u00fcksek Komiserli\u011fi\u2019ne g\u00f6re g\u00fcn\u00fcm\u00fczde b\u00fct\u00fcn d\u00fcnyada yakla\u015f\u0131k 65 milyon s\u0131\u011f\u0131nmac\u0131 var. Bu da bug\u00fcnk\u00fc d\u00fcnya n\u00fcfusuna oranland\u0131\u011f\u0131nda her 100 ki\u015fiden biri s\u0131\u011f\u0131nmac\u0131 demek. \u0130nsanlar yaln\u0131zca bask\u0131, ter\u00f6r, zul\u00fcm ve i\u00e7 sava\u015ftan de\u011fil elveri\u015fsiz ekonomik ko\u015fullardan, ekolojik felaketlerden de ka\u00e7\u0131yorlar art\u0131k. D\u00fcnyan\u0131n \u00e7e\u015fitli k\u00f6\u015felerinde \u00e7al\u0131\u015fan yirmi alt\u0131 Alman muhabirinin temasa ge\u00e7ebildikleri s\u0131\u011f\u0131nmac\u0131larla yapt\u0131klar\u0131 r\u00f6portajlardan olu\u015fan S\u0131\u011f\u0131nmac\u0131 Devrimi, Kenya\u2019dan Avustralya\u2019ya, \u0130srail\u2019den Etiyopya\u2019ya kadar geni\u015f bir co\u011frafyada m\u00fclteci kamplar\u0131nda bekletilen, yerle\u015ftikleri veya s\u0131\u011f\u0131nd\u0131klar\u0131 \u00fclkeye uyum sa\u011flamaya \u00e7al\u0131\u015fan, ka\u00e7\u0131\u015flar\u0131 s\u0131ras\u0131nda yak\u0131nlar\u0131n\u0131 kaybetmi\u015f veya sakatlanm\u0131\u015f insanlar\u0131n i\u00e7 burkan \u00f6yk\u00fclerini bir araya getiriyor. Bu \u00f6yk\u00fcleri ku\u015fatan genel politik ve sosyolojik ba\u011flama da de\u011finilen kitab\u0131 benzerlerinden farkl\u0131 ve \u00f6zg\u00fcn k\u0131lan y\u00f6n ise Avrupa merkezli \u201cm\u00fclteci krizi\u201d s\u00f6ylemini y\u0131karak yerine de\u011fi\u015fimi merkeze alan, yenilik\u00e7i, duyarl\u0131 ve h\u00fcmanist bir bak\u0131\u015f a\u00e7\u0131s\u0131 getirmeye \u00e7al\u0131\u015fmas\u0131. \u201cS\u0131\u011f\u0131nmac\u0131 devriminin sonu\u00e7lar\u0131 ne olacak? Bir devrimin toplumu nereye s\u00fcr\u00fckleyece\u011fini bilebilir miyiz ki? Frans\u0131z Devrimi dolamba\u00e7l\u0131 yollardan, [&#8230;] milyonlarca insan\u0131 siyasi \u00f6zg\u00fcrl\u00fc\u011f\u00fcne kavu\u015fturmu\u015ftu. Sanayi Devrimi, milyonlarca insan\u0131 yoksullu\u011fun kal\u0131c\u0131l\u0131\u011f\u0131ndan kurtarm\u0131\u015f ama ayn\u0131 zamanda yeni yoksulluklar yaratm\u0131\u015ft\u0131. Dijital devrim, sanal ortamda bir d\u00fcnya toplumunun temelini att\u0131 ama di\u011fer yandan da bire bir insanlar aras\u0131 ili\u015fkiyi zay\u0131flatt\u0131. S\u0131\u011f\u0131nmac\u0131 devrimi de bu devrimler gibi ku\u015fkusuz benzer temel de\u011fi\u015fimler getirecektir. Tam olarak neleri de\u011fi\u015ftirece\u011fini yar\u0131nlar g\u00f6sterecek. De\u011fi\u015fimler durdurulamaz ama yap\u0131land\u0131r\u0131labilir.\u201d   <\/p>\n","protected":false},"excerpt":{"rendered":"<p>Bir s\u00fcredir 21. y\u00fczy\u0131l\u0131n ilk b\u00fcy\u00fck g\u00f6\u00e7 hareketine tan\u0131k oluyoruz ama g\u00f6\u00e7 olgusu asl\u0131nda y\u0131llard\u0131r d\u00fcnyan\u0131n her yerinde olanca h\u0131z\u0131yla s\u00fcr\u00fcyor. Birle\u015fmi\u015f Milletler M\u00fclteciler Y\u00fcksek Komiserli\u011fi\u2019ne<span class=\"excerpt-hellip\"> [\u2026]<\/span><\/p>\n","protected":false},"featured_media":0,"template":"","meta":{"_monsterinsights_skip_tracking":false,"_monsterinsights_sitenote_active":false,"_monsterinsights_sitenote_note":"","_monsterinsights_sitenote_category":0},"product_brand":[],"product_cat":[12312,12304],"product_tag":[],"class_list":{"0":"post-725216","1":"product","2":"type-product","3":"status-publish","5":"product_cat-diger","6":"product_cat-tarih","7":"pa_cilt-ciltsiz","8":"pa_tur-kitap","9":"pa_yayinevi-yapi-kredi-yayinlari","10":"pa_yazar-marc-engelhardt","12":"first","13":"instock","14":"sale","15":"shipping-taxable","16":"purchasable","17":"product-type-simple"},"_links":{"self":[{"href":"https:\/\/roveyayinevi.com.tr\/index.php\/wp-json\/wp\/v2\/product\/725216","targetHints":{"allow":["GET"]}}],"collection":[{"href":"https:\/\/roveyayinevi.com.tr\/index.php\/wp-json\/wp\/v2\/product"}],"about":[{"href":"https:\/\/roveyayinevi.com.tr\/index.php\/wp-json\/wp\/v2\/types\/product"}],"wp:attachment":[{"href":"https:\/\/roveyayinevi.com.tr\/index.php\/wp-json\/wp\/v2\/media?parent=725216"}],"wp:term":[{"taxonomy":"product_brand","embeddable":true,"href":"https:\/\/roveyayinevi.com.tr\/index.php\/wp-json\/wp\/v2\/product_brand?post=725216"},{"taxonomy":"product_cat","embeddable":true,"href":"https:\/\/roveyayinevi.com.tr\/index.php\/wp-json\/wp\/v2\/product_cat?post=725216"},{"taxonomy":"product_tag","embeddable":true,"href":"https:\/\/roveyayinevi.com.tr\/index.php\/wp-json\/wp\/v2\/product_tag?post=725216"}],"curies":[{"name":"wp","href":"https:\/\/api.w.org\/{rel}","templated":true}]}}