{"id":725213,"date":"2025-08-27T19:46:25","date_gmt":"2025-08-27T16:46:25","guid":{"rendered":"https:\/\/roveyayinevi.com.tr\/index.php\/urun\/genc-boksor\/"},"modified":"2026-04-16T02:32:54","modified_gmt":"2026-04-15T23:32:54","slug":"genc-boksor","status":"publish","type":"product","link":"https:\/\/roveyayinevi.com.tr\/index.php\/urun\/genc-boksor\/","title":{"rendered":"Gen\u00e7 Boks\u00f6r"},"content":{"rendered":"<p>Jack London\u2019\u0131n kaleminden 20. y\u00fczy\u0131l ba\u015f\u0131 Amerika\u2019s\u0131na dair s\u0131ra d\u0131\u015f\u0131 bir roman Gen\u00e7 Boks\u00f6r. Gen\u00e7 Pat Glendon, eski bir boks\u00f6r olan babas\u0131 taraf\u0131ndan, modern toplumun yozla\u015fm\u0131\u015fl\u0131\u011f\u0131ndan uzak bi\u00e7imde yeti\u015ftirilmi\u015f bir \u201csaf yetenek\u201dtir. Babas\u0131n\u0131n tavsiyesiyle, d\u00f6nemin \u00fcnl\u00fc boks menajeri Sam Stubener taraf\u0131ndan \u201c\u015fehre\u201d getirilir ve ringlerde b\u00fcy\u00fcleyici bir hik\u00e2yeye imza atar. Etraf\u0131nda d\u00f6nen oyunlardan habersiz, safdil Pat Glendon tek vuru\u015fta rakiplerini nakavt ettik\u00e7e, oyunun sand\u0131\u011f\u0131 gibi \u201cd\u00fcr\u00fcst\u201d olmad\u0131\u011f\u0131n\u0131 g\u00f6recektir\u2026 Bug\u00fcn milyon dolarl\u0131k bir end\u00fcstri halini alan boksun erken d\u00f6nemine dair bu etkileyici roman\u0131nda Jack London, bir taraftan modern \u015fehir ya\u015fam\u0131ndaki \u00e7\u00fcr\u00fcmeyi ele al\u0131rken di\u011fer taraftan t\u00fcm sporlar\u0131 etkisi alt\u0131na alan \u201cpara\u201dn\u0131n sporun do\u011fas\u0131n\u0131 nas\u0131l alt\u00fcst etti\u011fine dair \u00f6l\u00fcms\u00fcz bir esere imza at\u0131yor. \u201cBu ma\u00e7tan sonra Pat Glendon, \u015f\u00f6hrete varan basamaklar\u0131 t\u0131rmanmaya ba\u015flad\u0131. Boks piyasas\u0131n\u0131n palavrac\u0131lar\u0131 ile spor muhabirlerinin dikkatini \u00fczerine \u00e7ekti. (\u2026) Yumruklar\u0131 alt\u0131n de\u011ferindeydi. Yi\u011fit duru\u015fuyla \u00e7ok \u015fey vaat ediyordu. Ancak gazeteciler onun, yetene\u011fini hep \u00fc\u00e7\u00fcnc\u00fc s\u0131n\u0131f boks\u00f6rlere ya da odun k\u0131r\u0131c\u0131lara kar\u015f\u0131 g\u00f6sterdi\u011fini savunuyordu.\u201d\ufffcTan\u0131t\u0131m Metni<\/p>\n","protected":false},"excerpt":{"rendered":"<p>Jack London\u2019\u0131n kaleminden 20. y\u00fczy\u0131l ba\u015f\u0131 Amerika\u2019s\u0131na dair s\u0131ra d\u0131\u015f\u0131 bir roman Gen\u00e7 Boks\u00f6r. Gen\u00e7 Pat Glendon, eski bir boks\u00f6r olan babas\u0131 taraf\u0131ndan, modern toplumun yozla\u015fm\u0131\u015fl\u0131\u011f\u0131ndan<span class=\"excerpt-hellip\"> [\u2026]<\/span><\/p>\n","protected":false},"featured_media":0,"template":"","meta":{"_monsterinsights_skip_tracking":false,"_monsterinsights_sitenote_active":false,"_monsterinsights_sitenote_note":"","_monsterinsights_sitenote_category":0},"product_brand":[],"product_cat":[12291,12866],"product_tag":[],"class_list":{"0":"post-725213","1":"product","2":"type-product","3":"status-publish","5":"product_cat-edebiyat","6":"product_cat-ingiliz-edebiyati","7":"pa_cilt-ciltsiz","8":"pa_tur-kitap","9":"pa_yayinevi-kirmizi-kedi-yayinevi","10":"pa_yazar-jack-london","12":"first","13":"instock","14":"sale","15":"shipping-taxable","16":"purchasable","17":"product-type-simple"},"_links":{"self":[{"href":"https:\/\/roveyayinevi.com.tr\/index.php\/wp-json\/wp\/v2\/product\/725213","targetHints":{"allow":["GET"]}}],"collection":[{"href":"https:\/\/roveyayinevi.com.tr\/index.php\/wp-json\/wp\/v2\/product"}],"about":[{"href":"https:\/\/roveyayinevi.com.tr\/index.php\/wp-json\/wp\/v2\/types\/product"}],"wp:attachment":[{"href":"https:\/\/roveyayinevi.com.tr\/index.php\/wp-json\/wp\/v2\/media?parent=725213"}],"wp:term":[{"taxonomy":"product_brand","embeddable":true,"href":"https:\/\/roveyayinevi.com.tr\/index.php\/wp-json\/wp\/v2\/product_brand?post=725213"},{"taxonomy":"product_cat","embeddable":true,"href":"https:\/\/roveyayinevi.com.tr\/index.php\/wp-json\/wp\/v2\/product_cat?post=725213"},{"taxonomy":"product_tag","embeddable":true,"href":"https:\/\/roveyayinevi.com.tr\/index.php\/wp-json\/wp\/v2\/product_tag?post=725213"}],"curies":[{"name":"wp","href":"https:\/\/api.w.org\/{rel}","templated":true}]}}