{"id":725211,"date":"2025-08-27T19:46:23","date_gmt":"2025-08-27T16:46:23","guid":{"rendered":"https:\/\/roveyayinevi.com.tr\/index.php\/urun\/deniz-feneri-7\/"},"modified":"2026-04-16T02:32:54","modified_gmt":"2026-04-15T23:32:54","slug":"deniz-feneri-7","status":"publish","type":"product","link":"https:\/\/roveyayinevi.com.tr\/index.php\/urun\/deniz-feneri-7\/","title":{"rendered":"Deniz Feneri"},"content":{"rendered":"<p>Deniz Feneri, Virginia Woolf\u2019un en \u00f6nemli otobiyografik roman\u0131d\u0131r. \u00c7ocuklar, yeti\u015fkinler, kad\u0131nlar ve erkekler aras\u0131ndaki ili\u015fkilerin nas\u0131l in\u015fa edildi\u011fini \u015feffaf bir \u015fekilde g\u00f6steren bu eser, ger\u00e7eklik ile sanat aras\u0131nda kurdu\u011fumuz ba\u011flar hakk\u0131nda da derin g\u00f6zlemlerde bulunur. Ramsay ailesinin yazl\u0131k evinde ba\u015flayan romanda, deniz fenerine yap\u0131lacak bir ziyaret s\u00f6z konusudur fakat bu ziyaretin ger\u00e7ekle\u015fip ger\u00e7ekle\u015fmeyece\u011fi me\u00e7huld\u00fcr. \u00c7ok \u00e7ocuklu bu kalabal\u0131k ailenin konuklar\u0131 da vard\u0131r. Bunlardan biri olan ressam Lily Briscoe, Woolf\u2019un otobiyografik perspektifini yans\u0131tt\u0131\u011f\u0131 kahramanlardan biridir. Mrs Ramsay ise hem varl\u0131\u011f\u0131 hem de yoklu\u011fuyla bir kad\u0131n kahraman olarak aile i\u00e7inde ve Lily Briscoe\u2019nun g\u00f6z\u00fcnde sembolik bir \u00f6nem ta\u015f\u0131r.\ufffc<\/p>\n","protected":false},"excerpt":{"rendered":"<p>Deniz Feneri, Virginia Woolf\u2019un en \u00f6nemli otobiyografik roman\u0131d\u0131r. \u00c7ocuklar, yeti\u015fkinler, kad\u0131nlar ve erkekler aras\u0131ndaki ili\u015fkilerin nas\u0131l in\u015fa edildi\u011fini \u015feffaf bir \u015fekilde g\u00f6steren bu eser, ger\u00e7eklik ile<span class=\"excerpt-hellip\"> [\u2026]<\/span><\/p>\n","protected":false},"featured_media":0,"template":"","meta":{"_monsterinsights_skip_tracking":false,"_monsterinsights_sitenote_active":false,"_monsterinsights_sitenote_note":"","_monsterinsights_sitenote_category":0},"product_brand":[],"product_cat":[12291,12866],"product_tag":[],"class_list":{"0":"post-725211","1":"product","2":"type-product","3":"status-publish","5":"product_cat-edebiyat","6":"product_cat-ingiliz-edebiyati","7":"pa_cilt-ciltsiz","8":"pa_tur-kitap","9":"pa_yayinevi-kirmizi-kedi-yayinevi","10":"pa_yazar-virginia-woolf","12":"first","13":"instock","14":"sale","15":"shipping-taxable","16":"purchasable","17":"product-type-simple"},"_links":{"self":[{"href":"https:\/\/roveyayinevi.com.tr\/index.php\/wp-json\/wp\/v2\/product\/725211","targetHints":{"allow":["GET"]}}],"collection":[{"href":"https:\/\/roveyayinevi.com.tr\/index.php\/wp-json\/wp\/v2\/product"}],"about":[{"href":"https:\/\/roveyayinevi.com.tr\/index.php\/wp-json\/wp\/v2\/types\/product"}],"wp:attachment":[{"href":"https:\/\/roveyayinevi.com.tr\/index.php\/wp-json\/wp\/v2\/media?parent=725211"}],"wp:term":[{"taxonomy":"product_brand","embeddable":true,"href":"https:\/\/roveyayinevi.com.tr\/index.php\/wp-json\/wp\/v2\/product_brand?post=725211"},{"taxonomy":"product_cat","embeddable":true,"href":"https:\/\/roveyayinevi.com.tr\/index.php\/wp-json\/wp\/v2\/product_cat?post=725211"},{"taxonomy":"product_tag","embeddable":true,"href":"https:\/\/roveyayinevi.com.tr\/index.php\/wp-json\/wp\/v2\/product_tag?post=725211"}],"curies":[{"name":"wp","href":"https:\/\/api.w.org\/{rel}","templated":true}]}}