{"id":725208,"date":"2025-08-27T19:46:21","date_gmt":"2025-08-27T16:46:21","guid":{"rendered":"https:\/\/roveyayinevi.com.tr\/index.php\/urun\/mecburiyet-5\/"},"modified":"2026-04-16T02:32:54","modified_gmt":"2026-04-15T23:32:54","slug":"mecburiyet-5","status":"publish","type":"product","link":"https:\/\/roveyayinevi.com.tr\/index.php\/urun\/mecburiyet-5\/","title":{"rendered":"Mecburiyet"},"content":{"rendered":"<p>Stefan Zweig, t\u00fcm d\u00fcnyaya yay\u0131lan sava\u015f ve y\u0131k\u0131m deh\u015feti kar\u015f\u0131s\u0131nda e\u015fiyle birlikte intihar\u0131 se\u00e7ti. Sava\u015f kar\u015f\u0131tl\u0131\u011f\u0131, yazar\u0131n ya\u015fam\u0131 \u00f6nceleyen h\u00fcmanist d\u00fcnya g\u00f6r\u00fc\u015f\u00fcn\u00fcn mihenk ta\u015f\u0131yd\u0131. Bu y\u00f6nden bak\u0131ld\u0131\u011f\u0131nda Mecburiyet tam bir Zweig anlat\u0131s\u0131d\u0131r: \u00dclkesindeki sava\u015ftan ka\u00e7arak e\u015fiyle birlikte \u0130svi\u00e7re k\u0131rsal\u0131na s\u0131\u011f\u0131nan Ferdinand adl\u0131 bir ressam, askerlik \u00e7a\u011fr\u0131s\u0131yla kendini i\u00e7ten i\u00e7e dayatan mecburiyet duygusu kar\u015f\u0131s\u0131nda direnmeye \u00e7al\u0131\u015f\u0131r. \u201cTabii ki halk\u0131n bir par\u00e7as\u0131 olmal\u0131s\u0131n, ama halk akl\u0131n\u0131 ka\u00e7\u0131rd\u0131ysa sen de onlarla ka\u00e7\u0131rmak zorunda de\u011filsin. Onlar i\u00e7in yaln\u0131zca bir say\u0131, rakam, alet, kurbanl\u0131ks\u0131n belki ama benim i\u00e7in h\u00e2l\u00e2 kanl\u0131 canl\u0131 bir insans\u0131n ve seni onlara teslim etmeyi reddediyorum.\u201d\ufffcTan\u0131t\u0131m Metni<\/p>\n","protected":false},"excerpt":{"rendered":"<p>Stefan Zweig, t\u00fcm d\u00fcnyaya yay\u0131lan sava\u015f ve y\u0131k\u0131m deh\u015feti kar\u015f\u0131s\u0131nda e\u015fiyle birlikte intihar\u0131 se\u00e7ti. Sava\u015f kar\u015f\u0131tl\u0131\u011f\u0131, yazar\u0131n ya\u015fam\u0131 \u00f6nceleyen h\u00fcmanist d\u00fcnya g\u00f6r\u00fc\u015f\u00fcn\u00fcn mihenk ta\u015f\u0131yd\u0131. Bu y\u00f6nden<span class=\"excerpt-hellip\"> [\u2026]<\/span><\/p>\n","protected":false},"featured_media":0,"template":"","meta":{"_monsterinsights_skip_tracking":false,"_monsterinsights_sitenote_active":false,"_monsterinsights_sitenote_note":"","_monsterinsights_sitenote_category":0},"product_brand":[],"product_cat":[12782,12291],"product_tag":[],"class_list":{"0":"post-725208","1":"product","2":"type-product","3":"status-publish","5":"product_cat-alman-edebiyati","6":"product_cat-edebiyat","7":"pa_cilt-ciltsiz","8":"pa_tur-kitap","9":"pa_yayinevi-kirmizi-kedi-yayinevi","10":"pa_yazar-stefan-zweig","12":"first","13":"instock","14":"sale","15":"shipping-taxable","16":"purchasable","17":"product-type-simple"},"_links":{"self":[{"href":"https:\/\/roveyayinevi.com.tr\/index.php\/wp-json\/wp\/v2\/product\/725208","targetHints":{"allow":["GET"]}}],"collection":[{"href":"https:\/\/roveyayinevi.com.tr\/index.php\/wp-json\/wp\/v2\/product"}],"about":[{"href":"https:\/\/roveyayinevi.com.tr\/index.php\/wp-json\/wp\/v2\/types\/product"}],"wp:attachment":[{"href":"https:\/\/roveyayinevi.com.tr\/index.php\/wp-json\/wp\/v2\/media?parent=725208"}],"wp:term":[{"taxonomy":"product_brand","embeddable":true,"href":"https:\/\/roveyayinevi.com.tr\/index.php\/wp-json\/wp\/v2\/product_brand?post=725208"},{"taxonomy":"product_cat","embeddable":true,"href":"https:\/\/roveyayinevi.com.tr\/index.php\/wp-json\/wp\/v2\/product_cat?post=725208"},{"taxonomy":"product_tag","embeddable":true,"href":"https:\/\/roveyayinevi.com.tr\/index.php\/wp-json\/wp\/v2\/product_tag?post=725208"}],"curies":[{"name":"wp","href":"https:\/\/api.w.org\/{rel}","templated":true}]}}