{"id":725207,"date":"2025-08-27T19:46:20","date_gmt":"2025-08-27T16:46:20","guid":{"rendered":"https:\/\/roveyayinevi.com.tr\/index.php\/urun\/bir-kadinin-hayatindan-24-saat\/"},"modified":"2026-04-16T02:32:54","modified_gmt":"2026-04-15T23:32:54","slug":"bir-kadinin-hayatindan-24-saat","status":"publish","type":"product","link":"https:\/\/roveyayinevi.com.tr\/index.php\/urun\/bir-kadinin-hayatindan-24-saat\/","title":{"rendered":"Bir Kad\u0131n\u0131n Hayat\u0131ndan 24 Saat"},"content":{"rendered":"<p>Riviera\u2019da e\u015fi ve iki k\u0131z\u0131yla tatil yapan 33 ya\u015f\u0131ndaki Henriette bir gece ans\u0131z\u0131n ortadan kaybolur. Kusursuz bir evlili\u011fi oldu\u011fu san\u0131lan gen\u00e7 kad\u0131n\u0131n nas\u0131l ve neden ortadan kayboldu\u011fu dedikodu konusu olur. Pansiyonda kalanlar k\u00fc\u00e7\u00fck \u00e7apl\u0131 bir Madam Bovary vakas\u0131yla kar\u015f\u0131 kar\u015f\u0131ya olduklar\u0131 d\u00fc\u015f\u00fcncesiyle kad\u0131n\u0131 iffetsizlikle su\u00e7lar, anlat\u0131c\u0131m\u0131z da kad\u0131n\u0131 savununca tart\u0131\u015fma alevlenir. Masadaki ya\u015fl\u0131 ve zarif bir \u0130ngiliz han\u0131mefendi de ho\u015fg\u00f6r\u00fcs\u00fcnden cesaret bularak anlat\u0131c\u0131ya gen\u00e7li\u011finde, bundan tam 24 y\u0131l \u00f6nce, ba\u015f\u0131ndan ge\u00e7en unutulmaz bir 24 saatin hik\u00e2yesini anlatmaya ba\u015flar. \u201cT\u00fcm duygular\u0131mla bu yabanc\u0131 insan\u0131n, bu neredeyse her \u015feyini kaybetmi\u015f, \u00f6l\u00fcm\u00fcn e\u015fi\u011fine gelmi\u015f insan\u0131n t\u00fcm h\u0131rslar\u0131 ve tutkular\u0131yla son bir \u015feye tutundu\u011funu hissediyordum.\u201d\ufffcTan\u0131t\u0131m Metni<\/p>\n","protected":false},"excerpt":{"rendered":"<p>Riviera\u2019da e\u015fi ve iki k\u0131z\u0131yla tatil yapan 33 ya\u015f\u0131ndaki Henriette bir gece ans\u0131z\u0131n ortadan kaybolur. Kusursuz bir evlili\u011fi oldu\u011fu san\u0131lan gen\u00e7 kad\u0131n\u0131n nas\u0131l ve neden ortadan<span class=\"excerpt-hellip\"> [\u2026]<\/span><\/p>\n","protected":false},"featured_media":0,"template":"","meta":{"_monsterinsights_skip_tracking":false,"_monsterinsights_sitenote_active":false,"_monsterinsights_sitenote_note":"","_monsterinsights_sitenote_category":0},"product_brand":[],"product_cat":[12782,12291],"product_tag":[],"class_list":{"0":"post-725207","1":"product","2":"type-product","3":"status-publish","5":"product_cat-alman-edebiyati","6":"product_cat-edebiyat","7":"pa_cilt-ciltsiz","8":"pa_tur-kitap","9":"pa_yayinevi-kirmizi-kedi-yayinevi","10":"pa_yazar-stefan-zweig","12":"first","13":"instock","14":"sale","15":"shipping-taxable","16":"purchasable","17":"product-type-simple"},"_links":{"self":[{"href":"https:\/\/roveyayinevi.com.tr\/index.php\/wp-json\/wp\/v2\/product\/725207","targetHints":{"allow":["GET"]}}],"collection":[{"href":"https:\/\/roveyayinevi.com.tr\/index.php\/wp-json\/wp\/v2\/product"}],"about":[{"href":"https:\/\/roveyayinevi.com.tr\/index.php\/wp-json\/wp\/v2\/types\/product"}],"wp:attachment":[{"href":"https:\/\/roveyayinevi.com.tr\/index.php\/wp-json\/wp\/v2\/media?parent=725207"}],"wp:term":[{"taxonomy":"product_brand","embeddable":true,"href":"https:\/\/roveyayinevi.com.tr\/index.php\/wp-json\/wp\/v2\/product_brand?post=725207"},{"taxonomy":"product_cat","embeddable":true,"href":"https:\/\/roveyayinevi.com.tr\/index.php\/wp-json\/wp\/v2\/product_cat?post=725207"},{"taxonomy":"product_tag","embeddable":true,"href":"https:\/\/roveyayinevi.com.tr\/index.php\/wp-json\/wp\/v2\/product_tag?post=725207"}],"curies":[{"name":"wp","href":"https:\/\/api.w.org\/{rel}","templated":true}]}}