{"id":725206,"date":"2025-08-27T19:46:19","date_gmt":"2025-08-27T16:46:19","guid":{"rendered":"https:\/\/roveyayinevi.com.tr\/index.php\/urun\/super-gidalarla-super-bagisiklik\/"},"modified":"2026-04-16T02:32:54","modified_gmt":"2026-04-15T23:32:54","slug":"super-gidalarla-super-bagisiklik","status":"publish","type":"product","link":"https:\/\/roveyayinevi.com.tr\/index.php\/urun\/super-gidalarla-super-bagisiklik\/","title":{"rendered":"S\u00fcper G\u0131dalarla S\u00fcper Ba\u011f\u0131\u015f\u0131kl\u0131k"},"content":{"rendered":"<p>Ba\u011f\u0131\u015f\u0131kl\u0131k Nedir, Nas\u0131l G\u00fc\u00e7lendirilir?20 Soru, 20 Cevap, 20 S\u00fcper G\u0131da. \u0130\u015fte 2020\u2019nin Fla\u015f Kitab\u0131 Ger\u00e7ek\u00e7i olal\u0131m&#8230; \u0130nsanl\u0131\u011f\u0131n bundan sonraki m\u00fccadelesi ba\u011f\u0131\u015f\u0131kl\u0131k sistemi ve enfeksiyon ajanlar\u0131 aras\u0131nda olacakt\u0131r. Co*vid 19 vir\u00fcs\u00fcne kar\u015f\u0131 etkin bir antiviral ila\u00e7 bulunmamas\u0131, a\u015f\u0131 geli\u015ftirilmesi i\u00e7in zaman gerekmesi ve geli\u015ftirilse bile vir\u00fcs\u00fcn mutasyon ge\u00e7irip a\u015f\u0131n\u0131n etkili olmama riski gibi konular tamamlay\u0131c\u0131 tedavilere ihtiya\u00e7 do\u011furmaktad\u0131r.Ba\u011f\u0131\u015f\u0131kl\u0131k sistemimiz muhte\u015fem bir organizasyondur. Daha \u00f6nce hi\u00e7 kar\u015f\u0131la\u015fmad\u0131\u011f\u0131m\u0131z bir zararl\u0131 bakteri veya vir\u00fcsle temas etti\u011fimizde buna cildimiz, v\u00fccut salg\u0131lar\u0131m\u0131z ve mikrobiyom ad\u0131 verilen ve toplam 100 trilyon mikroptan olu\u015fan do\u011fal bariyerimizle cevap veririz. E\u011fer yabanc\u0131 vir\u00fcs veya bakteri bu savunmalar\u0131 ge\u00e7erse, beyaz kan h\u00fccrelerimizle u\u011fra\u015fmas\u0131 gerekir. Daha sonra ba\u011f\u0131\u015f\u0131kl\u0131k sistemimizin bel kemi\u011fi olan lenfositler olay yerine \u00e7a\u011fr\u0131l\u0131r. Say\u0131lar\u0131 ve fonksiyonlar\u0131 yeterliyse, vir\u00fcs ve zararl\u0131 bakterileri \u2018\u00f6zel tim\u2019 gibi tek tek saptar ve \u00f6ld\u00fcr\u00fcrler ve bu zararl\u0131lar\u0131n e\u015fk\u00e2lini haf\u0131zalar\u0131na al\u0131rlar. B\u00f6ylece, e\u011fer daha sonra bunlarla tekrar kar\u015f\u0131la\u015f\u0131rsak, fark\u0131na bile varmadan ba\u011f\u0131\u015f\u0131kl\u0131k sistemimiz onlarla kolayca ba\u015fa \u00e7\u0131kar.Fakat&#8230;Bazen bu zararl\u0131 vir\u00fcs ve bakteriler ba\u011f\u0131\u015f\u0131kl\u0131k sistemimizin savunma mekanizmalar\u0131n\u0131 atlatabilir. \u0130\u015fte bunu engellemek i\u00e7in end\u00fcstriyel ya\u015fama ge\u00e7mi\u015f insan\u0131n bozulmu\u015f olan ba\u011f\u0131\u015f\u0131kl\u0131k sisteminin fonksiyonlar\u0131n\u0131 normalle\u015ftirmek \u015fu a\u015famada acil yap\u0131lmas\u0131 gerekenlerin ba\u015f\u0131nda geliyor. Bu ba\u011flamda ba\u011f\u0131\u015f\u0131kl\u0131k sistemimizin i\u015fleyi\u015fini \u00f6\u011frenmeye ve vitamin, mineral ve s\u00fcper g\u0131dalarla dengeli ve sa\u011fl\u0131kl\u0131 bir beslenme plan\u0131na ihtiyac\u0131m\u0131z var.S\u00fcper G\u0131dalarla S\u00fcper Ba\u011f\u0131\u015f\u0131kl\u0131k kitab\u0131 i\u015fte bu ihtiyac\u0131m\u0131za cevap veriyor! \u0130\u00e7 Hastal\u0131klar\u0131 ve T\u0131bbi Onkoloji Uzman\u0131 Prof. Dr. Canfeza Sezgin 20 soruda vir\u00fcslere kar\u015f\u0131 nas\u0131l korunabilece\u011fimizi ve s\u00fcper ba\u011f\u0131\u015f\u0131kl\u0131k i\u00e7in yapmam\u0131z gerekenleri, bilimsel veriler \u0131\u015f\u0131\u011f\u0131nda anlat\u0131yor. Aktarlar Derne\u011fi Ba\u015fkan\u0131 ve T\u0131bbi Bitki Uzman\u0131 Ayhan Ercan da antiviral etkili 20 s\u00fcper g\u0131day\u0131 yine son bilimsel veriler \u0131\u015f\u0131\u011f\u0131nda ele al\u0131yor. <\/p>\n","protected":false},"excerpt":{"rendered":"<p>Ba\u011f\u0131\u015f\u0131kl\u0131k Nedir, Nas\u0131l G\u00fc\u00e7lendirilir?20 Soru, 20 Cevap, 20 S\u00fcper G\u0131da. \u0130\u015fte 2020\u2019nin Fla\u015f Kitab\u0131 Ger\u00e7ek\u00e7i olal\u0131m&#8230; \u0130nsanl\u0131\u011f\u0131n bundan sonraki m\u00fccadelesi ba\u011f\u0131\u015f\u0131kl\u0131k sistemi ve enfeksiyon ajanlar\u0131 aras\u0131nda<span class=\"excerpt-hellip\"> [\u2026]<\/span><\/p>\n","protected":false},"featured_media":0,"template":"","meta":{"_monsterinsights_skip_tracking":false,"_monsterinsights_sitenote_active":false,"_monsterinsights_sitenote_note":"","_monsterinsights_sitenote_category":0},"product_brand":[],"product_cat":[13402,13365],"product_tag":[],"class_list":{"0":"post-725206","1":"product","2":"type-product","3":"status-publish","5":"product_cat-beslenme-ve-diyet","6":"product_cat-saglik","7":"pa_cilt-ciltsiz","8":"pa_tur-kitap","9":"pa_yayinevi-hayykitap","10":"pa_yazar-canfeza-sezgin-ayhan-ercan","12":"first","13":"instock","14":"sale","15":"shipping-taxable","16":"purchasable","17":"product-type-simple"},"_links":{"self":[{"href":"https:\/\/roveyayinevi.com.tr\/index.php\/wp-json\/wp\/v2\/product\/725206","targetHints":{"allow":["GET"]}}],"collection":[{"href":"https:\/\/roveyayinevi.com.tr\/index.php\/wp-json\/wp\/v2\/product"}],"about":[{"href":"https:\/\/roveyayinevi.com.tr\/index.php\/wp-json\/wp\/v2\/types\/product"}],"wp:attachment":[{"href":"https:\/\/roveyayinevi.com.tr\/index.php\/wp-json\/wp\/v2\/media?parent=725206"}],"wp:term":[{"taxonomy":"product_brand","embeddable":true,"href":"https:\/\/roveyayinevi.com.tr\/index.php\/wp-json\/wp\/v2\/product_brand?post=725206"},{"taxonomy":"product_cat","embeddable":true,"href":"https:\/\/roveyayinevi.com.tr\/index.php\/wp-json\/wp\/v2\/product_cat?post=725206"},{"taxonomy":"product_tag","embeddable":true,"href":"https:\/\/roveyayinevi.com.tr\/index.php\/wp-json\/wp\/v2\/product_tag?post=725206"}],"curies":[{"name":"wp","href":"https:\/\/api.w.org\/{rel}","templated":true}]}}