{"id":725205,"date":"2025-08-27T19:46:18","date_gmt":"2025-08-27T16:46:18","guid":{"rendered":"https:\/\/roveyayinevi.com.tr\/index.php\/urun\/sihirli-carklar-surprizleri-kesfet\/"},"modified":"2025-11-11T06:03:55","modified_gmt":"2025-11-11T03:03:55","slug":"sihirli-carklar-surprizleri-kesfet","status":"publish","type":"product","link":"https:\/\/roveyayinevi.com.tr\/index.php\/urun\/sihirli-carklar-surprizleri-kesfet\/","title":{"rendered":"Sihirli \u00c7arklar S\u00fcrprizleri Ke\u015ffet"},"content":{"rendered":"<p>\u00c7ocu\u011funuz b\u00fcy\u00fcrken her ge\u00e7en g\u00fcn yeni bir ger\u00e7ekle tan\u0131\u015f\u0131yor. Bu sihirli kitap, onun hayat\u0131n farkl\u0131 y\u00f6nlerini ke\u015ffetmesine yard\u0131mc\u0131 olacak. S\u00fcrprizlerle dolu sayfalarda \u00e7i\u00e7eklerin filizlenmesinden t\u0131rt\u0131llar\u0131n kelebe\u011fe d\u00f6n\u00fc\u015fmesine kadar t\u00fcrl\u00fc \u015fa\u015f\u0131rt\u0131c\u0131 ger\u00e7ek gizli. \u00c7ark\u0131 \u00e7evir, s\u00fcrprizi bul!<\/p>\n","protected":false},"excerpt":{"rendered":"<p>\u00c7ocu\u011funuz b\u00fcy\u00fcrken her ge\u00e7en g\u00fcn yeni bir ger\u00e7ekle tan\u0131\u015f\u0131yor. Bu sihirli kitap, onun hayat\u0131n farkl\u0131 y\u00f6nlerini ke\u015ffetmesine yard\u0131mc\u0131 olacak. S\u00fcrprizlerle dolu sayfalarda \u00e7i\u00e7eklerin filizlenmesinden t\u0131rt\u0131llar\u0131n kelebe\u011fe<span class=\"excerpt-hellip\"> [\u2026]<\/span><\/p>\n","protected":false},"featured_media":0,"template":"","meta":{"_monsterinsights_skip_tracking":false,"_monsterinsights_sitenote_active":false,"_monsterinsights_sitenote_note":"","_monsterinsights_sitenote_category":0},"product_brand":[],"product_cat":[12913,12274],"product_tag":[],"class_list":{"0":"post-725205","1":"product","2":"type-product","3":"status-publish","5":"product_cat-3-6-yas-kitaplari","6":"product_cat-cocuk-ve-genclik-kitaplari","7":"pa_cilt-ciltsiz","8":"pa_tur-kitap","9":"pa_yayinevi-dogan-egmont-yayincilik","10":"pa_yazar-agnese-baruzzi","12":"first","13":"instock","14":"sale","15":"shipping-taxable","16":"purchasable","17":"product-type-simple"},"_links":{"self":[{"href":"https:\/\/roveyayinevi.com.tr\/index.php\/wp-json\/wp\/v2\/product\/725205","targetHints":{"allow":["GET"]}}],"collection":[{"href":"https:\/\/roveyayinevi.com.tr\/index.php\/wp-json\/wp\/v2\/product"}],"about":[{"href":"https:\/\/roveyayinevi.com.tr\/index.php\/wp-json\/wp\/v2\/types\/product"}],"wp:attachment":[{"href":"https:\/\/roveyayinevi.com.tr\/index.php\/wp-json\/wp\/v2\/media?parent=725205"}],"wp:term":[{"taxonomy":"product_brand","embeddable":true,"href":"https:\/\/roveyayinevi.com.tr\/index.php\/wp-json\/wp\/v2\/product_brand?post=725205"},{"taxonomy":"product_cat","embeddable":true,"href":"https:\/\/roveyayinevi.com.tr\/index.php\/wp-json\/wp\/v2\/product_cat?post=725205"},{"taxonomy":"product_tag","embeddable":true,"href":"https:\/\/roveyayinevi.com.tr\/index.php\/wp-json\/wp\/v2\/product_tag?post=725205"}],"curies":[{"name":"wp","href":"https:\/\/api.w.org\/{rel}","templated":true}]}}