{"id":725202,"date":"2025-08-27T19:46:16","date_gmt":"2025-08-27T16:46:16","guid":{"rendered":"https:\/\/roveyayinevi.com.tr\/index.php\/urun\/kendini-yeniden-baslat\/"},"modified":"2026-04-12T02:39:24","modified_gmt":"2026-04-11T23:39:24","slug":"kendini-yeniden-baslat","status":"publish","type":"product","link":"https:\/\/roveyayinevi.com.tr\/index.php\/urun\/kendini-yeniden-baslat\/","title":{"rendered":"Kendini Yeniden Ba\u015flat"},"content":{"rendered":"<p>\u2013 Bir kuyumcunun vitrininde, bakan herkesin dikkatini \u00e7eken harika bir m\u00fccevher gibi g\u00f6z kama\u015ft\u0131rmak varken sokakta oynayan \u00e7ocuklar\u0131n elindeki \u00e7amura bulanm\u0131\u015f bir misket gibi olmak niye?\u2013 Ben mi harika bir m\u00fccevher gibi g\u00f6z kama\u015ft\u0131raca\u011f\u0131m? Ben kim, m\u00fccevher olmak kim? Benim i\u00e7im k\u00fcflenmi\u015f, \u00e7\u00fcr\u00fcm\u00fc\u015f; sen kalkm\u0131\u015f bana, m\u00fccevher olmaktan bahsediyorsun.\u2013 D\u0131\u015far\u0131dan bak\u0131nca uzun zamand\u0131r kilitli kald\u0131\u011f\u0131 i\u00e7in \u00fczeri tozlanm\u0131\u015f bir sand\u0131k gibi g\u00f6r\u00fcn\u00fcyorsun. Ancak i\u00e7inde neler oldu\u011funun fark\u0131nda bile de\u011filsin.Sana d\u00fc\u015fen, sand\u0131\u011f\u0131n \u00fczerindeki y\u0131llanm\u0131\u015f tozlar\u0131 temizlemek ve onun i\u00e7inde seni bekleyen muhte\u015fem hazineye ula\u015fmak. \u015eimdi sana desem ki elimde o kilidi a\u00e7acak bir alt\u0131n anahtar var ve bu kitab\u0131, sand\u0131\u011f\u0131n kilidini a\u00e7acak o alt\u0131n anahtar\u0131 sana vermek i\u00e7in yazd\u0131m.Hayal etti\u011fin g\u00fczellikleri ya\u015fama yolculu\u011funda yol arkada\u015f\u0131 olal\u0131m m\u0131?<\/p>\n","protected":false},"excerpt":{"rendered":"<p>\u2013 Bir kuyumcunun vitrininde, bakan herkesin dikkatini \u00e7eken harika bir m\u00fccevher gibi g\u00f6z kama\u015ft\u0131rmak varken sokakta oynayan \u00e7ocuklar\u0131n elindeki \u00e7amura bulanm\u0131\u015f bir misket gibi olmak niye?\u2013<span class=\"excerpt-hellip\"> [\u2026]<\/span><\/p>\n","protected":false},"featured_media":0,"template":"","meta":{"_monsterinsights_skip_tracking":false,"_monsterinsights_sitenote_active":false,"_monsterinsights_sitenote_note":"","_monsterinsights_sitenote_category":0},"product_brand":[],"product_cat":[12364,12376],"product_tag":[],"class_list":{"0":"post-725202","1":"product","2":"type-product","3":"status-publish","5":"product_cat-genel-konular","6":"product_cat-kisisel-gelisim","7":"pa_cilt-ciltsiz","8":"pa_tur-kitap","9":"pa_yayinevi-yediveren-yayinlari","10":"pa_yazar-alisan-kapaklikaya","12":"first","13":"instock","14":"sale","15":"shipping-taxable","16":"purchasable","17":"product-type-simple"},"_links":{"self":[{"href":"https:\/\/roveyayinevi.com.tr\/index.php\/wp-json\/wp\/v2\/product\/725202","targetHints":{"allow":["GET"]}}],"collection":[{"href":"https:\/\/roveyayinevi.com.tr\/index.php\/wp-json\/wp\/v2\/product"}],"about":[{"href":"https:\/\/roveyayinevi.com.tr\/index.php\/wp-json\/wp\/v2\/types\/product"}],"wp:attachment":[{"href":"https:\/\/roveyayinevi.com.tr\/index.php\/wp-json\/wp\/v2\/media?parent=725202"}],"wp:term":[{"taxonomy":"product_brand","embeddable":true,"href":"https:\/\/roveyayinevi.com.tr\/index.php\/wp-json\/wp\/v2\/product_brand?post=725202"},{"taxonomy":"product_cat","embeddable":true,"href":"https:\/\/roveyayinevi.com.tr\/index.php\/wp-json\/wp\/v2\/product_cat?post=725202"},{"taxonomy":"product_tag","embeddable":true,"href":"https:\/\/roveyayinevi.com.tr\/index.php\/wp-json\/wp\/v2\/product_tag?post=725202"}],"curies":[{"name":"wp","href":"https:\/\/api.w.org\/{rel}","templated":true}]}}