{"id":725201,"date":"2025-08-27T19:46:14","date_gmt":"2025-08-27T16:46:14","guid":{"rendered":"https:\/\/roveyayinevi.com.tr\/index.php\/urun\/kilometresiz\/"},"modified":"2026-04-16T02:32:54","modified_gmt":"2026-04-15T23:32:54","slug":"kilometresiz","status":"publish","type":"product","link":"https:\/\/roveyayinevi.com.tr\/index.php\/urun\/kilometresiz\/","title":{"rendered":"Kilometresiz"},"content":{"rendered":"<p>1985 y\u0131l\u0131nda \u0130stanbul\u2019da do\u011fdu. \u00c7ocuklu\u011fu toprak yollar, a\u011fa\u00e7lar, bah\u00e7eler ile do\u011fan\u0131n i\u00e7inde ge\u00e7erken, bir elinde de hep kitaplar vard\u0131. Okumay\u0131 \u00e7ok severdi. Okumak onun \u00f6zg\u00fcr oldu\u011fu yerdi. Y\u0131llar sonra hobi olarak ba\u015flad\u0131\u011f\u0131 ko\u015fu ile gelen r\u00fczg\u00e2r\u0131n y\u00fcz\u00fcne de\u011fmesi ile bu \u00f6zg\u00fcrl\u00fc\u011f\u00fc bedeninde hissetti\u011fini ke\u015ffetti.  \u201cOkuduk\u00e7a fikirlerim \u00f6zg\u00fcrle\u015fiyordu, ko\u015ftuk\u00e7a bedenim \u00f6zg\u00fcrle\u015fiyordu,\u201d diyen yazar ko\u015fuyu bir tutku haline getirmi\u015f olup, T\u00fcrkiye\u2019nin \u00e7o\u011fu zaman el de\u011fmemi\u015f topraklar\u0131nda, do\u011fa ile i\u00e7 i\u00e7e ge\u00e7mi\u015f, uzun, zorlu; fiziki g\u00fc\u00e7 ve bir o kadar da mental dayan\u0131kl\u0131l\u0131k gerektiren trail ve ultra maraton ko\u015fular\u0131na kat\u0131ld\u0131. Kat\u0131ld\u0131\u011f\u0131 80\u2019in \u00fczerindeki yar\u0131\u015flarda edindi\u011fi deneyimler sayesinde gelecek nesillere rehber niteli\u011finde olacak ko\u015fu bilgilerinin yan\u0131 s\u0131ra ko\u015farken hayal etti\u011fi, kimi zaman da dinledi\u011fi ger\u00e7ek hik\u00e2yeleri de bu kitapta toplad\u0131.  <\/p>\n","protected":false},"excerpt":{"rendered":"<p>1985 y\u0131l\u0131nda \u0130stanbul\u2019da do\u011fdu. \u00c7ocuklu\u011fu toprak yollar, a\u011fa\u00e7lar, bah\u00e7eler ile do\u011fan\u0131n i\u00e7inde ge\u00e7erken, bir elinde de hep kitaplar vard\u0131. Okumay\u0131 \u00e7ok severdi. Okumak onun \u00f6zg\u00fcr oldu\u011fu<span class=\"excerpt-hellip\"> [\u2026]<\/span><\/p>\n","protected":false},"featured_media":0,"template":"","meta":{"_monsterinsights_skip_tracking":false,"_monsterinsights_sitenote_active":false,"_monsterinsights_sitenote_note":"","_monsterinsights_sitenote_category":0},"product_brand":[],"product_cat":[12291,12711],"product_tag":[],"class_list":{"0":"post-725201","1":"product","2":"type-product","3":"status-publish","5":"product_cat-edebiyat","6":"product_cat-roman-oyku","7":"pa_cilt-ciltsiz","8":"pa_tur-kitap","9":"pa_yayinevi-luna-yayinlari","10":"pa_yazar-bahar-baltaci","12":"first","13":"instock","14":"sale","15":"shipping-taxable","16":"purchasable","17":"product-type-simple"},"_links":{"self":[{"href":"https:\/\/roveyayinevi.com.tr\/index.php\/wp-json\/wp\/v2\/product\/725201","targetHints":{"allow":["GET"]}}],"collection":[{"href":"https:\/\/roveyayinevi.com.tr\/index.php\/wp-json\/wp\/v2\/product"}],"about":[{"href":"https:\/\/roveyayinevi.com.tr\/index.php\/wp-json\/wp\/v2\/types\/product"}],"wp:attachment":[{"href":"https:\/\/roveyayinevi.com.tr\/index.php\/wp-json\/wp\/v2\/media?parent=725201"}],"wp:term":[{"taxonomy":"product_brand","embeddable":true,"href":"https:\/\/roveyayinevi.com.tr\/index.php\/wp-json\/wp\/v2\/product_brand?post=725201"},{"taxonomy":"product_cat","embeddable":true,"href":"https:\/\/roveyayinevi.com.tr\/index.php\/wp-json\/wp\/v2\/product_cat?post=725201"},{"taxonomy":"product_tag","embeddable":true,"href":"https:\/\/roveyayinevi.com.tr\/index.php\/wp-json\/wp\/v2\/product_tag?post=725201"}],"curies":[{"name":"wp","href":"https:\/\/api.w.org\/{rel}","templated":true}]}}