{"id":725200,"date":"2025-08-27T19:46:13","date_gmt":"2025-08-27T16:46:13","guid":{"rendered":"https:\/\/roveyayinevi.com.tr\/index.php\/urun\/lucid\/"},"modified":"2026-04-16T02:32:54","modified_gmt":"2026-04-15T23:32:54","slug":"lucid","status":"publish","type":"product","link":"https:\/\/roveyayinevi.com.tr\/index.php\/urun\/lucid\/","title":{"rendered":"Lucid"},"content":{"rendered":"<p>\u201cR\u00fcyalar\u0131n ard\u0131ndaki d\u00fcnya.\u201d   Lori, her r\u00fcyas\u0131nda kar\u015f\u0131s\u0131na \u00e7\u0131kan kap\u0131yla ilgili soru i\u015faretleri ve korkularla y\u00fckl\u00fc liseli bir gen\u00e7 k\u0131zd\u0131r. Bir g\u00fcn okul dan\u0131\u015fman\u0131ndan ald\u0131\u011f\u0131 tavsiyeyle aralad\u0131\u011f\u0131 bu kap\u0131 onu tuhaf maceralara davet eder. Ve bu kap\u0131dan ge\u00e7tikten sonra hi\u00e7bir \u015fey eskisi gibi olmayacakt\u0131r. Ger\u00e7eklik ve r\u00fcyan\u0131n birbirine kar\u0131\u015ft\u0131\u011f\u0131, r\u00fcya \u00e2leminin iyileri ve k\u00f6t\u00fcleriyle m\u00fccadeleyi anlatan bu s\u00fcr\u00fckleyici fantastik romanda Lori\u2019nin ge\u00e7mi\u015fiyle bug\u00fcn\u00fc bir araya gelecek. Uluslararas\u0131 \u00e7oksatan Y\u00fcr\u00fcyen \u00d6l\u00fcler\u2019in yazar\u0131 Jay Bonansinga, bizi Lucid roman\u0131yla r\u00fcyalar\u0131n hi\u00e7 bilmedi\u011fimiz evrenine \u00e7a\u011f\u0131r\u0131yor. \u201c \u0130nsan akl\u0131 k\u00f6pekbal\u0131\u011f\u0131na benzer. S\u00fcrekli beslenmesi gerekir. Kendili\u011finden beslenir. Uyudu\u011funda bir bo\u015fluk olur ancak beyin o bo\u015flu\u011fu doldurur. Neyle doldurur? Korku. Korku d\u00fcnyan\u0131n d\u00f6nmesini sa\u011flar benim zavall\u0131, yanl\u0131\u015f fikre sahip arkada\u015flar\u0131m. Korku, yak\u0131tt\u0131r.\u201d <\/p>\n","protected":false},"excerpt":{"rendered":"<p>\u201cR\u00fcyalar\u0131n ard\u0131ndaki d\u00fcnya.\u201d Lori, her r\u00fcyas\u0131nda kar\u015f\u0131s\u0131na \u00e7\u0131kan kap\u0131yla ilgili soru i\u015faretleri ve korkularla y\u00fckl\u00fc liseli bir gen\u00e7 k\u0131zd\u0131r. Bir g\u00fcn okul dan\u0131\u015fman\u0131ndan ald\u0131\u011f\u0131 tavsiyeyle aralad\u0131\u011f\u0131<span class=\"excerpt-hellip\"> [\u2026]<\/span><\/p>\n","protected":false},"featured_media":0,"template":"","meta":{"_monsterinsights_skip_tracking":false,"_monsterinsights_sitenote_active":false,"_monsterinsights_sitenote_note":"","_monsterinsights_sitenote_category":0},"product_brand":[],"product_cat":[12291,14777],"product_tag":[],"class_list":{"0":"post-725200","1":"product","2":"type-product","3":"status-publish","5":"product_cat-edebiyat","6":"product_cat-fantastik","7":"pa_cilt-ciltsiz","8":"pa_tur-kitap","9":"pa_yayinevi-ren-kitap","10":"pa_yazar-jay-bonansinga","12":"first","13":"instock","14":"sale","15":"shipping-taxable","16":"purchasable","17":"product-type-simple"},"_links":{"self":[{"href":"https:\/\/roveyayinevi.com.tr\/index.php\/wp-json\/wp\/v2\/product\/725200","targetHints":{"allow":["GET"]}}],"collection":[{"href":"https:\/\/roveyayinevi.com.tr\/index.php\/wp-json\/wp\/v2\/product"}],"about":[{"href":"https:\/\/roveyayinevi.com.tr\/index.php\/wp-json\/wp\/v2\/types\/product"}],"wp:attachment":[{"href":"https:\/\/roveyayinevi.com.tr\/index.php\/wp-json\/wp\/v2\/media?parent=725200"}],"wp:term":[{"taxonomy":"product_brand","embeddable":true,"href":"https:\/\/roveyayinevi.com.tr\/index.php\/wp-json\/wp\/v2\/product_brand?post=725200"},{"taxonomy":"product_cat","embeddable":true,"href":"https:\/\/roveyayinevi.com.tr\/index.php\/wp-json\/wp\/v2\/product_cat?post=725200"},{"taxonomy":"product_tag","embeddable":true,"href":"https:\/\/roveyayinevi.com.tr\/index.php\/wp-json\/wp\/v2\/product_tag?post=725200"}],"curies":[{"name":"wp","href":"https:\/\/api.w.org\/{rel}","templated":true}]}}